{"id":5498,"date":"2024-01-12T11:43:38","date_gmt":"2024-01-12T11:45:40","guid":{"rendered":"https:\/\/castellsimmerscom.com\/product\/5-clases-privadas-individuales-en-linea-sesiones-de-60-minutos\/"},"modified":"2024-01-12T11:45:40","modified_gmt":"2024-01-12T11:45:40","slug":"5-clases-privadas-individuales-en-linea-sesiones-de-60-minutos","status":"publish","type":"product","link":"https:\/\/castellsimmerscom.com\/es\/producto\/5-clases-privadas-individuales-en-linea-sesiones-de-60-minutos\/","title":{"rendered":"5 clases privadas individuales en l\u00ednea (sesiones de 60 minutos)"},"content":{"rendered":"<h3>Lecciones privadas individuales con un entrenador de ingl\u00e9s calificado y experto<\/h3>\n<p><strong>Sesi\u00f3n de Zoom en l\u00ednea de 60 minutos<\/strong><\/p>\n<p><strong>Ideal si deseas:<\/strong><\/p>\n<ul>\n<li>Acelerar tu aprendizaje<\/li>\n<li>Aumentar tu fluidez<\/li>\n<li>Atenci\u00f3n individual: pr\u00e1ctica y correcci\u00f3n<\/li>\n<li>Ayuda experta de tu profesor en todas las \u00e1reas del habla inglesa: pronunciaci\u00f3n, gram\u00e1tica\u2026<\/li>\n<li>Lecciones a medida: personalizadas a lo que deseas aprender y con qu\u00e9 frecuencia.<\/li>\n<\/ul>\n<p>Perfecto para apoyo en la preparaci\u00f3n de ex\u00e1menes oficiales, como los ex\u00e1menes del Certificado de Cambridge y necesidades espec\u00edficas del ingl\u00e9s de negocios.<\/p>\n<p><img loading=\"lazy\" decoding=\"async\" style=\"aspect-ratio: auto 768 \/ 768;\" title=\"Comunicaci\u00f3n\" src=\"https:\/\/castellsimmerscom.com\/wp-content\/uploads\/2022\/11\/Communication.webp\" alt=\"\" width=\"511\" height=\"511\" data-id=\"1578\" data-init-width=\"768\" data-init-height=\"768\" data-width=\"511\" data-height=\"511\"><\/p>\n","protected":false},"excerpt":{"rendered":"<p>Lecciones privadas individuales con un entrenador de ingl\u00e9s calificado y experto Sesi\u00f3n de Zoom en l\u00ednea de 60 minutos Ideal si deseas: Acelerar tu aprendizaje Aumentar tu fluidez Atenci\u00f3n individual: pr\u00e1ctica y correcci\u00f3n Ayuda experta de tu profesor en todas las \u00e1reas del habla inglesa: pronunciaci\u00f3n, gram\u00e1tica\u2026 Lecciones a medida: personalizadas a lo que deseas [&hellip;]<\/p>\n","protected":false},"featured_media":1580,"comment_status":"open","ping_status":"closed","template":"","meta":[],"product_brand":[],"product_cat":[137],"product_tag":[],"class_list":{"0":"post-5498","1":"product","2":"type-product","3":"status-publish","4":"has-post-thumbnail","6":"product_cat-clases-particulares","7":"post-wrapper","8":"thrv_wrapper","10":"first","11":"instock","12":"virtual","13":"taxable","14":"purchasable","15":"product-type-simple"},"_links":{"self":[{"href":"https:\/\/castellsimmerscom.com\/es\/wp-json\/wp\/v2\/product\/5498","targetHints":{"allow":["GET"]}}],"collection":[{"href":"https:\/\/castellsimmerscom.com\/es\/wp-json\/wp\/v2\/product"}],"about":[{"href":"https:\/\/castellsimmerscom.com\/es\/wp-json\/wp\/v2\/types\/product"}],"replies":[{"embeddable":true,"href":"https:\/\/castellsimmerscom.com\/es\/wp-json\/wp\/v2\/comments?post=5498"}],"wp:featuredmedia":[{"embeddable":true,"href":"https:\/\/castellsimmerscom.com\/es\/wp-json\/wp\/v2\/media\/1580"}],"wp:attachment":[{"href":"https:\/\/castellsimmerscom.com\/es\/wp-json\/wp\/v2\/media?parent=5498"}],"wp:term":[{"taxonomy":"product_brand","embeddable":true,"href":"https:\/\/castellsimmerscom.com\/es\/wp-json\/wp\/v2\/product_brand?post=5498"},{"taxonomy":"product_cat","embeddable":true,"href":"https:\/\/castellsimmerscom.com\/es\/wp-json\/wp\/v2\/product_cat?post=5498"},{"taxonomy":"product_tag","embeddable":true,"href":"https:\/\/castellsimmerscom.com\/es\/wp-json\/wp\/v2\/product_tag?post=5498"}],"curies":[{"name":"wp","href":"https:\/\/api.w.org\/{rel}","templated":true}]}}