{"id":1634,"date":"2020-08-14T12:15:46","date_gmt":"2022-11-20T17:07:14","guid":{"rendered":"https:\/\/castellsimmerscom.com\/product\/intermediate-english-b1\/"},"modified":"2025-01-09T17:21:58","modified_gmt":"2025-01-09T17:21:58","slug":"intermediate-english-b1","status":"publish","type":"product","link":"https:\/\/castellsimmerscom.com\/es\/producto\/intermediate-english-b1\/","title":{"rendered":"Intermediate English (B1)"},"content":{"rendered":"<h2>Este curso de idiomas se centrar\u00e1 en 5 habilidades: pronunciaci\u00f3n, escritura, comprensi\u00f3n auditiva, lectura y gram\u00e1tica.<\/h2>\n<p><strong>Caracter\u00edsticas:<\/strong><\/p>\n<ul>\n<li>12 lecciones en formato v\u00eddeo<\/li>\n<li>Conferencias TED<\/li>\n<li>Vocabulario para situaciones de la vida real sobre diferentes temas<\/li>\n<li>Redacci\u00f3n de correos electr\u00f3nicos, informes, rese\u00f1as, CV, descripciones, etc.<\/li>\n<li>Diferentes conceptos gramaticales para B1 utilizando situaciones interesantes de la vida real<\/li>\n<\/ul>\n<p><strong>Nuestro curso en l\u00ednea te ayudar\u00e1 en tu camino hacia la creaci\u00f3n de una base s\u00f3lida para el ingl\u00e9s. Nuestro curso te permitir\u00e1 mejorar y aprender ingl\u00e9s de manera significativa; te ayudar\u00e1 a sentirte m\u00e1s seguro y a comunicarte con fluidez en tu d\u00eda a d\u00eda.<\/strong><\/p>\n<p><strong>ESTE CURSO INCLUYE:<\/strong><\/p>\n<ul>\n<li>Acceso durante 12 meses<\/li>\n<li>Lecciones en formato v\u00eddeo y explicaciones<\/li>\n<li>Ejercicios de lectura<\/li>\n<li>Ejercicios de gram\u00e1tica<\/li>\n<li>Comprensi\u00f3n auditiva<\/li>\n<li>Pr\u00e1cticas de vocabulario y pronunciaci\u00f3n<\/li>\n<li>Clases de \"charlas TED\" para mejorar la comprensi\u00f3n auditiva y oral<\/li>\n<li>Certificado al finalizar<\/li>\n<\/ul>\n<p><img loading=\"lazy\" decoding=\"async\" title=\"Learning\" src=\"https:\/\/castellsimmerscom.com\/wp-content\/uploads\/2022\/11\/Learning.webp\" alt=\"\" width=\"511\" height=\"511\" data-id=\"1629\" data-init-width=\"768\" data-init-height=\"768\" data-width=\"511\" data-height=\"511\" \/><\/p>\n<h2 style=\"color: var(--tcb-skin-color-0) !important; --tcb-applied-color: var$(--tcb-skin-color-0) !important;\">Lo que aprender\u00e1s<\/h2>\n<ul>\n<li>Aprende a hablar sobre temas como la familia, pasatiempos, el trabajo, experiencias, el medio ambiente, etc.<\/li>\n<li>Aprende una amplia gama de vocabulario para comunicarte en situaciones cotidianas familiares.<\/li>\n<li>Aprende a iniciar y mantener una conversaci\u00f3n sencilla cara a cara.<\/li>\n<li>Aprende a comprender textos que contienen lenguaje cotidiano o relacionado con el trabajo y a escribir textos sencillos sobre temas familiares.<\/li>\n<li>Aprenda a comprender los puntos principales de un discurso \"est\u00e1ndar\" sobre temas familiares.<\/li>\n<li>Adquiere conocimientos suficientes del idioma para describir situaciones comunes, ser capaz de presentar los puntos principales de una idea y describir acontecimientos.<\/li>\n<li>Si quieres ser capaz de comprender textos generales que expresen ideas de forma sencilla y escribir cartas personales que describan acontecimientos, deseos y sentimientos.<\/li>\n<\/ul>\n","protected":false},"excerpt":{"rendered":"<p>Este curso de idiomas se centrar\u00e1 en 5 habilidades: pronunciaci\u00f3n, escritura, comprensi\u00f3n auditiva, lectura y gram\u00e1tica. Caracter\u00edsticas: 12 lecciones en formato v\u00eddeo Conferencias TED Vocabulario para situaciones de la vida real sobre diferentes temas Redacci\u00f3n de correos electr\u00f3nicos, informes, rese\u00f1as, CV, descripciones, etc. Diferentes conceptos gramaticales para B1 utilizando situaciones interesantes de la vida real [&hellip;]<\/p>\n","protected":false},"featured_media":1628,"comment_status":"open","ping_status":"closed","template":"","meta":[],"product_brand":[],"product_cat":[103],"product_tag":[],"class_list":{"0":"post-1634","1":"product","2":"type-product","3":"status-publish","4":"has-post-thumbnail","6":"product_cat-general-english-es","7":"post-wrapper","8":"thrv_wrapper","10":"first","11":"instock","12":"virtual","13":"taxable","14":"purchasable","15":"product-type-simple"},"_links":{"self":[{"href":"https:\/\/castellsimmerscom.com\/es\/wp-json\/wp\/v2\/product\/1634","targetHints":{"allow":["GET"]}}],"collection":[{"href":"https:\/\/castellsimmerscom.com\/es\/wp-json\/wp\/v2\/product"}],"about":[{"href":"https:\/\/castellsimmerscom.com\/es\/wp-json\/wp\/v2\/types\/product"}],"replies":[{"embeddable":true,"href":"https:\/\/castellsimmerscom.com\/es\/wp-json\/wp\/v2\/comments?post=1634"}],"wp:featuredmedia":[{"embeddable":true,"href":"https:\/\/castellsimmerscom.com\/es\/wp-json\/wp\/v2\/media\/1628"}],"wp:attachment":[{"href":"https:\/\/castellsimmerscom.com\/es\/wp-json\/wp\/v2\/media?parent=1634"}],"wp:term":[{"taxonomy":"product_brand","embeddable":true,"href":"https:\/\/castellsimmerscom.com\/es\/wp-json\/wp\/v2\/product_brand?post=1634"},{"taxonomy":"product_cat","embeddable":true,"href":"https:\/\/castellsimmerscom.com\/es\/wp-json\/wp\/v2\/product_cat?post=1634"},{"taxonomy":"product_tag","embeddable":true,"href":"https:\/\/castellsimmerscom.com\/es\/wp-json\/wp\/v2\/product_tag?post=1634"}],"curies":[{"name":"wp","href":"https:\/\/api.w.org\/{rel}","templated":true}]}}