{"id":1547,"date":"2021-02-07T02:44:05","date_gmt":"2022-11-20T13:11:28","guid":{"rendered":"https:\/\/castellsimmerscom.com\/product\/business-idioms-1\/"},"modified":"2025-01-13T19:52:53","modified_gmt":"2025-01-13T19:52:53","slug":"business-idioms-1","status":"publish","type":"product","link":"https:\/\/castellsimmerscom.com\/es\/producto\/business-idioms-1\/","title":{"rendered":"Business Idioms 1"},"content":{"rendered":"<p>Llevas mucho tiempo estudiando ingl\u00e9s y crees que tienes un amplio vocabulario a tu disposici\u00f3n. El problema es que te resulta dif\u00edcil entender a tus compa\u00f1eros de trabajo nativos, especialmente cuando utilizan \"esas\" expresiones. Los hablantes nativos de ingl\u00e9s utilizan muchos modismos que pueden resultar confusos. Es posible que entiendas las palabras individuales de cada modismo, pero no entiendes lo que significan realmente las expresiones. Por ejemplo, si tu jefe te dice que tienes que \"step up\" y \"sort things out\", es posible que te cueste encontrarle sentido a lo que dicen.<\/p>\n<p>Comprender y usar modismos en ingl\u00e9s en el trabajo te ayudar\u00e1 a expresarte de manera m\u00e1s efectiva en tu trabajo. Los modismos se usan a menudo como un atajo, una forma de expresar un concepto o idea de una manera breve y memorable. Los humanos usan modismos para involucrar a sus oyentes y enfatizar sus ideas y opiniones. Si usas modismos, podr\u00e1s expresarte de una manera m\u00e1s colorida y natural.<\/p>\n<p>Este curso te ense\u00f1ar\u00e1 muchos modismos ingleses comunes que se usan en el trabajo. Podr\u00e1s construir relaciones m\u00e1s s\u00f3lidas con tus colegas y clientes angloparlantes usando el idioma que ellos hablan.<\/p>\n<p>Cada video dura entre 3 y 5 minutos y te ofrece un enfoque basado en escenarios para mejorar tu conocimiento de los modismos. El curso cubre las siguientes \u00e1reas de negocios:<\/p>\n<ul>\n<li>M\u00f3dulo uno: expresiones idiom\u00e1ticas de marketing<\/li>\n<li>M\u00f3dulo dos: expresiones idiom\u00e1ticas de finanzas<\/li>\n<li>M\u00f3dulo tres: expresiones idiom\u00e1ticas de comportamiento<\/li>\n<li>M\u00f3dulo cuatro: expresiones idiom\u00e1ticas de operaciones y producci\u00f3n<\/li>\n<li>M\u00f3dulo cinco: expresiones idiom\u00e1ticas de gesti\u00f3n<\/li>\n<li>M\u00f3dulo seis: expresiones idiom\u00e1ticas de planificaci\u00f3n<\/li>\n<\/ul>\n<p>Cada lecci\u00f3n dentro de cada m\u00f3dulo contiene la explicaci\u00f3n de cada modismo, el di\u00e1logo de cada escenario y ejercicios de pr\u00e1ctica para asegurarse de que comprende cada expresi\u00f3n.<\/p>\n<p><img loading=\"lazy\" decoding=\"async\" title=\"Learning-languages\" src=\"https:\/\/castellsimmerscom.com\/wp-content\/uploads\/2022\/11\/Learning-languages.webp\" alt=\"\" width=\"511\" height=\"511\" data-id=\"1543\" data-init-width=\"768\" data-init-height=\"768\" data-width=\"511\" data-height=\"511\" \/><\/p>\n<h2 data-empty=\"true\">A qui\u00e9n va dirigido este curso:<\/h2>\n<ul>\n<li>Estudiantes adultos de ingl\u00e9s como segunda lengua.<\/li>\n<li>Profesionales que necesitan utilizar el ingl\u00e9s en el trabajo.<\/li>\n<li>Cualquier persona con un nivel intermedio de ingl\u00e9s que quiera ampliar su conocimiento de expresiones en ingl\u00e9s y mejorar sus habilidades de comprensi\u00f3n auditiva y de lectura.<\/li>\n<\/ul>\n","protected":false},"excerpt":{"rendered":"<p>Llevas mucho tiempo estudiando ingl\u00e9s y crees que tienes un amplio vocabulario a tu disposici\u00f3n. El problema es que te resulta dif\u00edcil entender a tus compa\u00f1eros de trabajo nativos, especialmente cuando utilizan \u00abesas\u00bb expresiones. Los hablantes nativos de ingl\u00e9s utilizan muchos modismos que pueden resultar confusos. Es posible que entiendas las palabras individuales de cada [&hellip;]<\/p>\n","protected":false},"featured_media":1542,"comment_status":"open","ping_status":"closed","template":"","meta":[],"product_brand":[],"product_cat":[102],"product_tag":[],"class_list":{"0":"post-1547","1":"product","2":"type-product","3":"status-publish","4":"has-post-thumbnail","6":"product_cat-business-english-es","7":"post-wrapper","8":"thrv_wrapper","10":"first","11":"instock","12":"virtual","13":"taxable","14":"purchasable","15":"product-type-simple"},"_links":{"self":[{"href":"https:\/\/castellsimmerscom.com\/es\/wp-json\/wp\/v2\/product\/1547","targetHints":{"allow":["GET"]}}],"collection":[{"href":"https:\/\/castellsimmerscom.com\/es\/wp-json\/wp\/v2\/product"}],"about":[{"href":"https:\/\/castellsimmerscom.com\/es\/wp-json\/wp\/v2\/types\/product"}],"replies":[{"embeddable":true,"href":"https:\/\/castellsimmerscom.com\/es\/wp-json\/wp\/v2\/comments?post=1547"}],"wp:featuredmedia":[{"embeddable":true,"href":"https:\/\/castellsimmerscom.com\/es\/wp-json\/wp\/v2\/media\/1542"}],"wp:attachment":[{"href":"https:\/\/castellsimmerscom.com\/es\/wp-json\/wp\/v2\/media?parent=1547"}],"wp:term":[{"taxonomy":"product_brand","embeddable":true,"href":"https:\/\/castellsimmerscom.com\/es\/wp-json\/wp\/v2\/product_brand?post=1547"},{"taxonomy":"product_cat","embeddable":true,"href":"https:\/\/castellsimmerscom.com\/es\/wp-json\/wp\/v2\/product_cat?post=1547"},{"taxonomy":"product_tag","embeddable":true,"href":"https:\/\/castellsimmerscom.com\/es\/wp-json\/wp\/v2\/product_tag?post=1547"}],"curies":[{"name":"wp","href":"https:\/\/api.w.org\/{rel}","templated":true}]}}