{"id":6549,"date":"2024-06-04T10:13:19","date_gmt":"2024-06-04T10:13:19","guid":{"rendered":"https:\/\/castellsimmerscom.com\/cursos-intensius-destiu\/"},"modified":"2024-06-04T10:13:19","modified_gmt":"2024-06-04T10:13:19","slug":"cursos-intensius-destiu","status":"publish","type":"page","link":"https:\/\/castellsimmerscom.com\/es\/cursos-intensius-destiu\/","title":{"rendered":"Cursos Intensius d&#8217;estiu"},"content":{"rendered":"<p><span><img decoding=\"async\" alt=\"\" data-id=\"6436\" data-init-width=\"1200\" data-init-height=\"1200\" title=\"Intensius generals 2024 4\" src=\"https:\/\/castellsimmerscom.com\/wp-content\/uploads\/2024\/05\/Intensius-generals-2024-4.jpg\" data-width=\"450\" data-height=\"450\" style=\"aspect-ratio: auto 1200 \/ 1200;\" width=\"450\" height=\"450\" loading=\"lazy\"><\/span><\/p>\n<h4 style=\"\">CURSOS INTENSIUS D'ANGL\u00c8S GENERAL PER A TOTES LES EDATS:<\/h4>\n<p style=\"\">Preparat per impulsar les teves compet\u00e8ncies ling\u00fc\u00edstiques, els nostres cursos intensius d'angl\u00e8s general estan dissenyats per atendre les necessitats espec\u00edfiques de cada grup. Amb una atenci\u00f3 especial a la conversa i la gram\u00e0tica, et prometem un aprenentatge efica\u00e7 i estimulant.Oferim cursos des del <strong>nivell b\u00e0sic (A1) fins a Upper-Intermediate (B1-B2<\/strong><strong>)<\/strong>. Amb una duraci\u00f3 de quatre setmanes,<strong> iniciem l'1 de juliol i conclu\u00efm el 26 de juliol<\/strong>. Les classes se celebraran de dilluns a divendres durant <strong>1h30min di\u00e0riament<\/strong>.Inscriu-te ara i eleva el teu nivell d'angl\u00e8s en solament quatre setmanes!<\/p>\n<p><span><img decoding=\"async\" alt=\"\" data-id=\"5284\" width=\"694\" data-init-width=\"1787\" height=\"373\" data-init-height=\"959\" title=\"Prep centre logo_RGB\" src=\"https:\/\/castellsimmerscom.com\/wp-content\/uploads\/2023\/11\/Prep-centre-logo_RGB.jpg\" data-width=\"694\" data-height=\"373\" style=\"aspect-ratio: auto 1787 \/ 959;\" loading=\"lazy\"><\/span><\/p>\n<h4 style=\"text-align: center;\">CURSOS INTENSIUS D'ANGL\u00c8S PER A FCE (B2), CAE (C1) I CPE (C2):<\/h4>\n<p>Ampliem la nostra oferta amb cursos intensius espec\u00edficament orientats a superar els ex\u00e0mens oficials de Cambridge. En aquests cursos, practicar\u00e0s amb tests que simulen les condicions reals dels ex\u00e0mens<strong> FCE, CAE i CPE<\/strong>. Comptar\u00e0s amb el suport i l'orientaci\u00f3 dels nostres professors experts per familiaritzar-te amb el format, augmentar la teva confian\u00e7a i maximitzar les teves possibilitats d'aprovat.<\/p>\n<p>Els cursos se celebraran del <strong>25 de juny al 18 de juliol, de dilluns a dijou<\/strong><strong>s<\/strong>, amb sessions de dues hores cada dia. Pel que fa al <strong>curs intensiu de CP<\/strong><strong>E<\/strong>, ser\u00e0 una immersi\u00f3 total de dues setmanes, de dilluns a divendres, 2 hores al dia.<\/p>\n<p>Est\u00e0s interessat a obtenir una qualificaci\u00f3 oficial de Cambridge? Inscriu-te al nostre curs intensiu i apropa't a la teva meta amb confian\u00e7a!<\/p>\n<p><span style=\"\"><img decoding=\"async\" alt=\"\" data-id=\"6443\" data-init-width=\"1080\" data-init-height=\"1080\" title=\"Intensius cambridge 2024\" src=\"https:\/\/castellsimmerscom.com\/wp-content\/uploads\/2024\/05\/Intensius-cambridge-2024.jpg\" data-width=\"538\" data-height=\"538\" style=\"aspect-ratio: auto 1080 \/ 1080;\" ml-d=\"-47\" center-h-d=\"false\" mt-d=\"0\" width=\"538\" height=\"538\" loading=\"lazy\"><\/span><\/p>\n","protected":false},"excerpt":{"rendered":"<p>CURSOS INTENSIUS D&#8217;ANGL\u00c8S GENERAL PER A TOTES LES EDATS: Preparat per impulsar les teves compet\u00e8ncies ling\u00fc\u00edstiques, els nostres cursos intensius d&#8217;angl\u00e8s general estan dissenyats per atendre les necessitats espec\u00edfiques de cada grup. Amb una atenci\u00f3 especial a la conversa i la gram\u00e0tica, et prometem un aprenentatge efica\u00e7 i estimulant.Oferim cursos des del nivell b\u00e0sic (A1) [&hellip;]<\/p>\n","protected":false},"author":1,"featured_media":6478,"parent":0,"menu_order":0,"comment_status":"closed","ping_status":"closed","template":"","meta":{"productId":0,"courseId":0,"footnotes":""},"class_list":["post-6549","page","type-page","status-publish","has-post-thumbnail","hentry","post-wrapper","thrv_wrapper"],"_links":{"self":[{"href":"https:\/\/castellsimmerscom.com\/es\/wp-json\/wp\/v2\/pages\/6549","targetHints":{"allow":["GET"]}}],"collection":[{"href":"https:\/\/castellsimmerscom.com\/es\/wp-json\/wp\/v2\/pages"}],"about":[{"href":"https:\/\/castellsimmerscom.com\/es\/wp-json\/wp\/v2\/types\/page"}],"author":[{"embeddable":true,"href":"https:\/\/castellsimmerscom.com\/es\/wp-json\/wp\/v2\/users\/1"}],"replies":[{"embeddable":true,"href":"https:\/\/castellsimmerscom.com\/es\/wp-json\/wp\/v2\/comments?post=6549"}],"version-history":[{"count":0,"href":"https:\/\/castellsimmerscom.com\/es\/wp-json\/wp\/v2\/pages\/6549\/revisions"}],"wp:featuredmedia":[{"embeddable":true,"href":"https:\/\/castellsimmerscom.com\/es\/wp-json\/wp\/v2\/media\/6478"}],"wp:attachment":[{"href":"https:\/\/castellsimmerscom.com\/es\/wp-json\/wp\/v2\/media?parent=6549"}],"curies":[{"name":"wp","href":"https:\/\/api.w.org\/{rel}","templated":true}]}}