{"id":3552,"date":"2022-12-12T12:06:01","date_gmt":"2022-12-12T12:06:01","guid":{"rendered":"https:\/\/castellsimmerscom.com\/upper-intermediate-b2-general-english-online-course\/"},"modified":"2025-01-10T17:22:10","modified_gmt":"2025-01-10T17:22:10","slug":"upper-intermediate-b2-general-english-online-course","status":"publish","type":"page","link":"https:\/\/castellsimmerscom.com\/es\/upper-intermediate-b2-general-english-online-course\/","title":{"rendered":"Upper-Intermediate (B2) General English Online Course"},"content":{"rendered":"<h1 style=\"color: rgb(0, 0, 0) !important; --tcb-applied-color: rgb(0, 0, 0)  !important;\">Upper-Intermediate (B2) General English Online Course<\/h1>\n<p style=\"color: rgb(0, 0, 0) !important; --tcb-applied-color: rgb(0, 0, 0)  !important;\">Todos nuestros cursos generales de ingl\u00e9s le proporcionan a nuestros estudiantes 12 meses de acceso ilimitado. Al comprar el curso, lo \u00fanico que necesitas hacer es crear una cuenta en nuestra plataforma de aprendizaje y nuestro equipo te inscribir\u00e1 en tu curso. La mayor\u00eda de nuestros cursos en l\u00ednea pueden completarse en 3 o 4 meses. Una vez que lo hayas terminado, puedes solicitar un certificado de finalizaci\u00f3n.<\/p>\n<p style=\"color: rgb(0, 0, 0) !important; --tcb-applied-color: rgb(0, 0, 0)  !important;\"><strong>2,472 estudiantes inscritos<\/strong><\/p>\n<p style=\"color: rgb(0, 0, 0) !important; --tcb-applied-color: rgb(0, 0, 0)  !important;\"><strong>\u00daltima actualizaci\u00f3n: 10\/2020<\/strong><\/p>\n<p style=\"color: rgb(0, 0, 0) !important; --tcb-applied-color: rgb(0, 0, 0)  !important;\"><strong>Creado por Andrew Ambrosius<\/strong><\/p>\n<ul style=\"\">\n<li style=\"\"><span style=\"\">Lenguaje: ingl\u00e9s<\/span><\/li>\n<li style=\"\"><span style=\"\">Duraci\u00f3n del curso: 8 - 10 semanas (incluye acceso ilimitado por 12 meses)<span data-id=\"0\" data-type=\"false\" style=\"display: none; line-height: 0;\"><\/span><\/span><\/li>\n<li style=\"\"><span style=\"\">Dedicaci\u00f3n: 4 - 5 &nbsp;horas a la semana (aprendizaje a tu propio ritmo)<\/span><\/li>\n<\/ul>\n<p><span><img decoding=\"async\" alt=\"\" data-id=\"3629\" data-init-width=\"1000\" data-init-height=\"665\" title=\"e1497891667823\" src=\"https:\/\/castellsimmerscom.com\/wp-content\/uploads\/2022\/12\/e1497891667823-2-2.jpg\" data-width=\"357\" data-height=\"237\" style=\"aspect-ratio: auto 1000 \/ 665;\" width=\"357\" height=\"237\" loading=\"lazy\"><span style=\"\"><\/span><\/span><\/p>\n<p style=\"text-align: center;\">\u20ac199,00<\/p>\n<ul style=\"\">\n<li style=\"\"><span style=\"\"><span>\u00a1Mejora tu ingl\u00e9s y obt\u00e9n tu certificaci\u00f3n!<\/span><\/span><\/li>\n<\/ul>\n<p style=\"text-align: center;\">Garant\u00eda de devoluci\u00f3n del dinero en 30 d\u00edas<\/p>\n<p style=\"\">este curso incluye:<\/p>\n<ul style=\"\">\n<li style=\"\"><span style=\"\">12 meses de acceso<\/span><\/li>\n<li style=\"\"><span style=\"\">Lecciones en video y explicaciones<\/span><\/li>\n<li style=\"\"><span style=\"\">Ejercicios de lectura<\/span><\/li>\n<li style=\"\"><span style=\"\">Ejercicios de gram\u00e1tica<\/span><\/li>\n<li style=\"\"><span style=\"\">Comprensi\u00f3n auditiva y pronunciaci\u00f3n<\/span><\/li>\n<li style=\"\"><span style=\"\"><span>Vocabulario y pr\u00e1ctica de pronunciaci\u00f3n<\/span><\/span><\/li>\n<li style=\"\"><span style=\"\"><span>Lecciones en TED talks para mejorar la escucha y la comprensi\u00f3n oral&nbsp;<\/span><\/span><\/li>\n<li style=\"\"><span style=\"\"><span>Certificado de finalizaci\u00f3n&nbsp;<\/span><\/span><\/li>\n<\/ul>\n<h2 style=\"\"><strong>Qu\u00e9 aprender\u00e1s<\/strong><\/h2>\n<ul style=\"\">\n<li style=\"\"><span style=\"\"><span>Si\u00e9ntete seguro al participar en discusiones grupales y mantener una conversaci\u00f3n con hablantes nativos<\/span><\/span><\/li>\n<li style=\"\"><span style=\"\"><span>Comprende f\u00e1cilmente reportes, art\u00edculos, rese\u00f1as, etc. sobre temas de actualidad<\/span><\/span><\/li>\n<li style=\"\"><span style=\"\"><span>Presenta con confianza un argumento o informaci\u00f3n por escrito<\/span><\/span><\/li>\n<\/ul>\n<ul style=\"\">\n<li style=\"\"><span style=\"\"><span>Adquiere conocimientos suficientes del idioma para describir personas, lugares y procesos, as\u00ed como para expresar opiniones y desarrollar argumentos utilizando tanto estructuras b\u00e1sicas como formas m\u00e1s complejas<\/span><\/span><\/li>\n<li style=\"\"><span style=\"\"><span>Aprende a utilizar una amplia variedad de vocabulario sobre temas como tu trabajo, metas, etc.<\/span><\/span><\/li>\n<li style=\"\"><span style=\"\"><span>Comprende f\u00e1cilmente discursos m\u00e1s extensos y los puntos principales de las discusiones que se expresan con claridad<\/span><\/span><\/li>\n<\/ul>\n<h2>Introducci\u00f3n<\/h2>\n<p>Cualquiera que sea tu objetivo de aprendizaje del idioma ingl\u00e9s, nuestro sistema te ayudar\u00e1 a progresar al ritmo que necesitas para completar ese objetivo. Todo lo que necesitas es un m\u00f3vil, tableta o computadora, un poco de tiempo y ganas de aprender.<\/p>\n<p>Nuestro sistema de idioma ingl\u00e9s en l\u00ednea es \u00fanico; incluye materiales de curso atractivos, basados en ejemplos de la vida real, que incluyen TED talks, capacitaci\u00f3n en pronunciaci\u00f3n, variados tipos de texto y perfiles de innovadores, empresas y organizaciones que marcan la diferencia.Los objetivos comunicativos claros de cada lecci\u00f3n est\u00e1n vinculados con los resultados del siglo XXI y te alentar\u00e1n a responder a ideas y a encontrar tu propia voz.<\/p>\n<h2><strong>Lo que dicen nuestros alumnos<\/strong><\/h2>\n<\/p>\n<h2>Opini\u00f3n destacada<\/h2>\n<p><span><img decoding=\"async\" alt=\"\" data-id=\"161\" title=\"paula-150x150\" src=\"https:\/\/castellsimmerscom.com\/wp-content\/uploads\/2022\/12\/paula-150x150-6-1.jpg\" style=\"aspect-ratio: auto 150 \/ 150;\" data-width=\"46\" data-height=\"46\" data-init-width=\"150\" data-init-height=\"150\" width=\"46\" height=\"46\" loading=\"lazy\"><\/span><\/p>\n<p style=\"\">Paula Perez<\/p>\n<p style=\"\">Tengo contacto con empresas internacionales y es muy com\u00fan que tenga que asistir a reuniones con personas extranjeras. As\u00ed que he intentado mejorar mi ingl\u00e9s con cursos online. Castells Immerscom me ha ayudado a mejorar en mi trabajo.<\/p>\n<h2><strong>Contenido del curso<\/strong><\/h2>\n<p>  <span><img decoding=\"async\" alt=\"\" data-id=\"1589\" title=\"ELE_6481_Bw_1080P-1\" src=\"https:\/\/castellsimmerscom.com\/wp-content\/uploads\/2022\/12\/ELE_6481_Bw_1080P-1-5-1.jpg\" style=\"aspect-ratio: auto 1080 \/ 717;\" data-width=\"170\" data-height=\"113\" data-init-width=\"1080\" data-init-height=\"717\" width=\"170\" height=\"113\" loading=\"lazy\"><\/span><\/p>\n<ul style=\"\">\n<li style=\"margin-bottom: 10px !important;\">  <span style=\"\"><span>4.8 evaluaci\u00f3n del instructor<\/span><\/span><\/li>\n<li style=\"margin-bottom: 10px !important;\">  <span style=\"\"><span>359 rese\u00f1as<\/span><\/span><\/li>\n<li style=\"margin-bottom: 10px !important;\">  <span style=\"\"><span>1,563 students<\/span><\/span><\/li>\n<li><span><span>M\u00e1s de 12 a\u00f1os de experiencia como coach<\/span><\/span><\/li>\n<\/ul>\n<h2 style=\"\"><strong>Andrew Ambrosius<\/strong><\/h2>\n<h3 style=\"\">FOUNDER, trainer and coach<\/h3>\n<p style=\"\">Hi, I\u2019m Andrew!I\u2019m often asked about my history and career as a business owner, trainer and coach, so I thought I would share that with you here\u2026<a href=\"https:\/\/theartofbusinessenglish.com\/about\/\" style=\"outline: none;\" data-tcb_hover_state_parent=\"\">&nbsp;Read more<\/a><a href=\"\/about\/\" style=\"outline: none;\"><\/a><\/p>\n<h3><strong>Rese\u00f1as<\/strong><\/h3>\n<h2>Opiniones de alumnos<\/h2>\n<p style=\"text-align: center;\">4.8<\/p>\n<p style=\"text-align: center;\">Evaluaci\u00f3n del curso<\/p>\n<p><span><img decoding=\"async\" alt=\"\" data-id=\"159\" title=\"jordi-150x150\" src=\"https:\/\/castellsimmerscom.com\/wp-content\/uploads\/2022\/12\/jordi-150x150-6-1.jpg\" style=\"aspect-ratio: auto 150 \/ 150;\" data-width=\"50\" data-height=\"50\" data-init-width=\"150\" data-init-height=\"150\" width=\"50\" height=\"50\" loading=\"lazy\"><\/span><\/p>\n<p style=\"\">Jordi Pe\u00f1a<\/p>\n<p style=\"\">Muchas gracias por ayudarme a mejorar mi ingl\u00e9s de negocios. He aprendido muchas t\u00e9cnicas con estas clases de coaching.<\/p>\n<p><span><img decoding=\"async\" alt=\"\" data-id=\"157\" title=\"marta-150x150\" src=\"https:\/\/castellsimmerscom.com\/wp-content\/uploads\/2022\/12\/marta-150x150-6-1.jpg\" style=\"aspect-ratio: auto 150 \/ 150;\" data-width=\"50\" data-height=\"50\" data-init-width=\"150\" data-init-height=\"150\" width=\"50\" height=\"50\" loading=\"lazy\"><\/span><\/p>\n<p style=\"\">Marta Ribera<\/p>\n<p style=\"\">Si quieres tener una visi\u00f3n m\u00e1s amplia de la comunicaci\u00f3n global, Castells Immerscom es una de las mejores maneras de conseguirlo. \u00a1Muy recomendable!<\/p>\n<p><span><img decoding=\"async\" alt=\"\" data-id=\"161\" title=\"paula-150x150\" src=\"https:\/\/castellsimmerscom.com\/wp-content\/uploads\/2022\/12\/paula-150x150-6-1.jpg\" style=\"aspect-ratio: auto 150 \/ 150;\" data-width=\"50\" data-height=\"50\" data-init-width=\"150\" data-init-height=\"150\" width=\"50\" height=\"50\" loading=\"lazy\"><\/span><\/p>\n<p style=\"\">Paula Perez<\/p>\n<p style=\"\">Tengo contacto con empresas internacionales y es muy com\u00fan que tenga que asistir a reuniones con personas extranjeras. As\u00ed que he intentado mejorar mi ingl\u00e9s con cursos online. Castells Immerscom me ha ayudado a mejorar en mi trabajo.<\/p>\n","protected":false},"excerpt":{"rendered":"<p>Upper-Intermediate (B2) General English Online Course Todos nuestros cursos generales de ingl\u00e9s le proporcionan a nuestros estudiantes 12 meses de acceso ilimitado. Al comprar el curso, lo \u00fanico que necesitas hacer es crear una cuenta en nuestra plataforma de aprendizaje y nuestro equipo te inscribir\u00e1 en tu curso. La mayor\u00eda de nuestros cursos en l\u00ednea [&hellip;]<\/p>\n","protected":false},"author":1,"featured_media":0,"parent":0,"menu_order":0,"comment_status":"closed","ping_status":"closed","template":"","meta":{"productId":0,"courseId":0,"footnotes":""},"class_list":["post-3552","page","type-page","status-publish","hentry","post-wrapper","thrv_wrapper"],"_links":{"self":[{"href":"https:\/\/castellsimmerscom.com\/es\/wp-json\/wp\/v2\/pages\/3552","targetHints":{"allow":["GET"]}}],"collection":[{"href":"https:\/\/castellsimmerscom.com\/es\/wp-json\/wp\/v2\/pages"}],"about":[{"href":"https:\/\/castellsimmerscom.com\/es\/wp-json\/wp\/v2\/types\/page"}],"author":[{"embeddable":true,"href":"https:\/\/castellsimmerscom.com\/es\/wp-json\/wp\/v2\/users\/1"}],"replies":[{"embeddable":true,"href":"https:\/\/castellsimmerscom.com\/es\/wp-json\/wp\/v2\/comments?post=3552"}],"version-history":[{"count":7,"href":"https:\/\/castellsimmerscom.com\/es\/wp-json\/wp\/v2\/pages\/3552\/revisions"}],"predecessor-version":[{"id":6713,"href":"https:\/\/castellsimmerscom.com\/es\/wp-json\/wp\/v2\/pages\/3552\/revisions\/6713"}],"wp:attachment":[{"href":"https:\/\/castellsimmerscom.com\/es\/wp-json\/wp\/v2\/media?parent=3552"}],"curies":[{"name":"wp","href":"https:\/\/api.w.org\/{rel}","templated":true}]}}