{"id":3513,"date":"2022-12-12T11:18:43","date_gmt":"2022-12-12T11:18:43","guid":{"rendered":"https:\/\/castellsimmerscom.com\/translations-and-interpretations\/"},"modified":"2023-01-16T17:24:00","modified_gmt":"2023-01-16T17:24:00","slug":"traduccion-e-interpretacion","status":"publish","type":"page","link":"https:\/\/castellsimmerscom.com\/es\/traduccion-e-interpretacion\/","title":{"rendered":"Traducci\u00f3n e interpretaci\u00f3n"},"content":{"rendered":"<h1><span>Traducci\u00f3n <\/span><span>e <span style=\"--tcb-applied-color: var$(--tcb-skin-color-0)  !important; color: var(--tcb-skin-color-0);\">interpretaci\u00f3n<\/span><\/span><\/h1>\n<p>Rellene el formulario y reciba un presupuesto en 24h<\/p>\n","protected":false},"excerpt":{"rendered":"<p>Traducci\u00f3n e interpretaci\u00f3n Rellene el formulario y reciba un presupuesto en 24h<\/p>\n","protected":false},"author":1,"featured_media":0,"parent":0,"menu_order":0,"comment_status":"closed","ping_status":"closed","template":"","meta":{"productId":0,"courseId":0,"footnotes":""},"class_list":["post-3513","page","type-page","status-publish","hentry","post-wrapper","thrv_wrapper"],"_links":{"self":[{"href":"https:\/\/castellsimmerscom.com\/es\/wp-json\/wp\/v2\/pages\/3513","targetHints":{"allow":["GET"]}}],"collection":[{"href":"https:\/\/castellsimmerscom.com\/es\/wp-json\/wp\/v2\/pages"}],"about":[{"href":"https:\/\/castellsimmerscom.com\/es\/wp-json\/wp\/v2\/types\/page"}],"author":[{"embeddable":true,"href":"https:\/\/castellsimmerscom.com\/es\/wp-json\/wp\/v2\/users\/1"}],"replies":[{"embeddable":true,"href":"https:\/\/castellsimmerscom.com\/es\/wp-json\/wp\/v2\/comments?post=3513"}],"version-history":[{"count":3,"href":"https:\/\/castellsimmerscom.com\/es\/wp-json\/wp\/v2\/pages\/3513\/revisions"}],"predecessor-version":[{"id":3769,"href":"https:\/\/castellsimmerscom.com\/es\/wp-json\/wp\/v2\/pages\/3513\/revisions\/3769"}],"wp:attachment":[{"href":"https:\/\/castellsimmerscom.com\/es\/wp-json\/wp\/v2\/media?parent=3513"}],"curies":[{"name":"wp","href":"https:\/\/api.w.org\/{rel}","templated":true}]}}