{"id":3449,"date":"2022-12-12T10:42:25","date_gmt":"2022-12-12T10:42:25","guid":{"rendered":"https:\/\/castellsimmerscom.com\/the-complete-system-for-teaching-any-language-online\/"},"modified":"2022-12-12T11:05:37","modified_gmt":"2022-12-12T11:05:37","slug":"the-complete-system-for-teaching-any-language-online","status":"publish","type":"page","link":"https:\/\/castellsimmerscom.com\/es\/the-complete-system-for-teaching-any-language-online\/","title":{"rendered":"The Complete System for Teaching ANY Language Online"},"content":{"rendered":"<h1 style=\"color: rgb(0, 0, 0) !important; --tcb-applied-color: rgb(0, 0, 0)  !important;\">The Complete System for Teaching ANY Language Online<\/h1>\n<h2 style=\"color: rgb(0, 0, 0) !important; --tcb-applied-color: rgb(0, 0, 0)  !important;\">\u200bObt\u00e9n excelentes ingresos y trabaja desde cualquier lugar<\/h2>\n<p style=\"color: rgb(0, 0, 0) !important; --tcb-applied-color: rgb(0, 0, 0)  !important;\"><strong>\u200b123 estudiantes inscritos<\/strong><\/p>\n<p style=\"color: rgb(0, 0, 0) !important; --tcb-applied-color: rgb(0, 0, 0)  !important;\"><strong>\u200b\u00daltima actualizaci\u00f3n: 10\/2020<\/strong><\/p>\n<p style=\"color: rgb(0, 0, 0) !important; --tcb-applied-color: rgb(0, 0, 0)  !important;\"><strong>\u200bCreado por Andrew Ambrosius<\/strong><\/p>\n<ul style=\"\">\n<li style=\"\"><span style=\"\">\u200bLenguaje: ingl\u00e9s<\/span><\/li>\n<li style=\"\"><span style=\"\">\u200bDuraci\u00f3n del curso: 8 - 10 semanas (incluye acceso de por vida a todas las actualizaciones)<\/span><\/li>\n<li style=\"\"><span style=\"\">\u200bDedicaci\u00f3n: 4 - 5 &nbsp;horas a la semana (aprendizaje a tu propio ritmo)<\/span><\/li>\n<\/ul>\n<p><span style=\"\"><img decoding=\"async\" alt=\"\" data-id=\"4204\" data-init-width=\"1200\" data-init-height=\"1200\" title=\"How to teach languges online\" src=\"https:\/\/castellsimmerscom.com\/wp-content\/uploads\/2022\/12\/How-to-teach-languges-online-1.png\" data-width=\"357\" data-height=\"357\" style=\"\" mt-d=\"0\" ml-d=\"0\" loading=\"lazy\" width=\"357\" height=\"357\"><span style=\"\"><\/span><\/span><\/p>\n<p style=\"text-align: center;\">\u20ac99,00<\/p>\n<ul style=\"\">\n<li style=\"\"><span style=\"\">The Complete System for Teaching ANY Language Online<\/span><\/li>\n<\/ul>\n<p style=\"text-align: center;\">\u200bGarant\u00eda de devoluci\u00f3n del dinero en 30 d\u00edas<\/p>\n<p style=\"\">\u200bESTE CURSO INCLUYE:<\/p>\n<ul style=\"\">\n<li style=\"\"><span style=\"\">\u200b<span>Acceso de por vida<\/span><\/span><\/li>\n<li style=\"\"><span style=\"\">\u200b<span>M\u00e1s de 40 lecciones en video de alta calidad<\/span><\/span><\/li>\n<li style=\"\"><span style=\"\">\u200b<span>Foro de soporte s\u00f3lo para estudiantes<\/span><\/span><\/li>\n<li style=\"\"><span style=\"\">\u200b<span>Contenido extra para conseguir clientes<\/span><\/span><\/li>\n<li style=\"\"><span style=\"\">\u200b<span>El proceso completo para iniciar tu propio negocio de ense\u00f1anza en l\u00ednea<\/span><\/span><\/li>\n<li style=\"\"><span style=\"\">\u200b<span>Garant\u00eda de devoluci\u00f3n del dinero en 30 d\u00edas<\/span><\/span><\/li>\n<\/ul>\n<h2 style=\"\"><strong>\u200b\u00a1Nuevo curso! Ense\u00f1a cualquier idioma en l\u00ednea<\/strong><\/h2>\n<p style=\"\">\u200b\u00a1Inicia tu propio negocio de ense\u00f1anza o coaching en l\u00ednea con nada m\u00e1s que tu ordenador port\u00e1til y una conexi\u00f3n a Internet!<\/p>\n<p><span>Un mensaje para todos los profesores y formadores de idiomas:Si est\u00e1s listo para tomar el control de tu carrera, ganar m\u00e1s y encontrar la independencia de trabajar para academias de idiomas mal pagadas, hay muchas posibilidades de que pueda ayudarte. Recomiendo a todos los profesores que cambien a formato en l\u00ednea al menos el 50% de su trabajo de inmediato.<\/span><span>Estos son los motivos:<\/span><\/p>\n<ul>\n<li><span><strong>Alta demanda:<\/strong><\/span><span><span><span>&nbsp;el aprendizaje en l\u00ednea est\u00e1 en auge y los estudiantes est\u00e1n desesperados por una ense\u00f1anza en vivo de alta calidad.<\/span><\/span><\/span><\/li>\n<li><span><span><span><strong>2-3x m\u00e1s ingresos:<\/strong> te quedas con todos los ingresos de tus clases; estableces tu tarifa sin que ninguna academia tome un porcentaje.<\/span><\/span><\/span><\/li>\n<li><span><span><span><strong>Controla tu horario:<\/strong>&nbsp;si est\u00e1s harto de correr por toda la ciudad dando clases en diferentes instalaciones, finalmente puedes trabajar desde casa..<\/span><\/span><\/span><\/li>\n<li><span><span><span><strong>Vive en cualquier sitio:<\/strong> \u00bfquieres dejar la ciudad? \u00bfMudarte a Bali? \u00bfVivir en una granja? Con una buena conexi\u00f3n a Internet, puedes vivir donde quieras.<\/span><\/span><\/span><\/li>\n<li><span><span><span><strong>Muy bajo costo:<\/strong> con nada m\u00e1s que una cuenta de Zoom de $ 15, tu tel\u00e9fono y ordenador port\u00e1til, puedes administrar un negocio rentable por tu cuenta.<\/span><\/span><\/span><\/li>\n<li><span><strong>Oportunidad real de crecimiento:<\/strong><strong>&nbsp;<\/strong>no hay l\u00edmite respecto a cu\u00e1nto puedes hacer crecer tu negocio, pues no estar\u00e1s confinado a una clase y una ubicaci\u00f3n.<\/span><\/li>\n<\/ul>\n<p><span><span>Trabajar desde casa y construir tu propio negocio es incre\u00edble. Como profesor en l\u00ednea, asesorar\u00e1s, motivar\u00e1s y apoyar\u00e1s a tus alumnos en su camino de aprendizaje. Esta es una experiencia muy gratificante, especialmente porque puedes compartir tus conocimientos de tu experiencia laboral anterior. \u00a1As\u00ed es! Puedes crear tu propio nicho, ser tu propio jefe y trabajar bajo tus t\u00e9rminos.&nbsp;<\/span><span>Con tu confiable ordenador port\u00e1til, una conexi\u00f3n a Internet y tu deseo de ayudar a los dem\u00e1s, puedes comenzar a trabajar desde casa de inmediato.<\/span><\/span><span style=\"font-family: Montserrat; font-weight: 400;\"><\/span><\/p>\n<h3 style=\"\"><strong>\u200bObt\u00e9n el curso ahora<\/strong><\/h3>\n<h2>C\u00f3mo puedo ayudarte<\/h2>\n<p style=\"text-align: left;\">\u200bComenc\u00e9 a ense\u00f1ar en l\u00ednea en 2015. Desde entonces, este espacio de aprendizaje se ha revolucionado. Ahora tenemos todas las herramientas al alcance de la mano para generar un impacto real. Las barreras para iniciar tu propio negocio se han eliminado casi por completo, mientras que la tecnolog\u00eda de videoconferencias ha cambiado por completo la forma en que podemos ofrecer clases en l\u00ednea. A menudo les digo a los clientes que ense\u00f1ar online es pr\u00e1cticamente lo mismo que de forma presencial, ya que hoy en d\u00eda tenemos las mismas capacidades que un sal\u00f3n de clases.El espacio de aprendizaje en l\u00ednea se ha disparado y ahora, m\u00e1s que nunca, las personas est\u00e1n m\u00e1s dispuestas a comenzar a aprender en l\u00ednea desde la comodidad de su hogar. Si eres profesor de idiomas o est\u00e1s pensando en convertirte en uno, entonces puedo ayudarte.Si quieres ser un profesor de idiomas exitoso y tener la libertad de trabajar desde cualquier parte del mundo, entonces necesitas un sistema o un plan que te ayude a conseguirlo. Mi programa completo es un curso en l\u00ednea 100% basado en videos. Est\u00e1 dise\u00f1ado para cualquier persona que quiera aprender r\u00e1pida y f\u00e1cilmente c\u00f3mo compartir su pasi\u00f3n por la ense\u00f1anza con el mundo. El curso te ayudar\u00e1 a comprender toda la tecnolog\u00eda, derribar cualquier barrera t\u00e9cnica y te proporcionar\u00e1 todos los consejos y conocimientos para planificar e impartir clases de idiomas atractivas.En cada lecci\u00f3n, exploramos y aplicamos habilidades conceptuales para la comunicaci\u00f3n y la ense\u00f1anza, y te asesoramos para elaborar y entregar lecciones m\u00e1s concisas y claras a trav\u00e9s de medios digitales.<\/p>\n<ul>\n<li><span style=\"\">\u200b<span>Comprende la importancia de ense\u00f1ar en l\u00ednea ahora y en el futuro.<\/span><\/span><\/li>\n<li><span style=\"\">\u200b<span>Aprende todos los pros y los contras de la industria; no cometas esos errores, aprende de los m\u00edos.<\/span><\/span><\/li>\n<li><span style=\"\">\u200b<span>Conoce toda la tecnolog\u00eda necesaria para comenzar r\u00e1pidamente.<\/span><\/span><\/li>\n<li><span style=\"\">\u200b<span>Aprende sobre configuraciones avanzadas que te ayudar\u00e1n a destacarte por encima de la competencia.<\/span><\/span><\/li>\n<li><span style=\"\">\u200b<span>Conoce los secretos detr\u00e1s de los sistemas de gesti\u00f3n del aprendizaje y cu\u00e1les son los adecuados para ti.<\/span><\/span><\/li>\n<\/ul>\n<ul>\n<li><span style=\"\">\u200b<span>Aprende c\u00f3mo alojar tu sitio web o si utilizar un sitio comercial es adecuado para ti.<\/span><\/span><\/li>\n<li><span style=\"\">\u200b<span>Aprende a brindar soporte t\u00e9cnico y a comprender todos los problemas t\u00edpicos que enfrentar\u00e1n tus estudiantes.<\/span><\/span><\/li>\n<li><span style=\"\">\u200b<span>Conoce los enfoques de la ense\u00f1anza online y c\u00f3mo puedes administrar tus aulas.<\/span><\/span><\/li>\n<li><span style=\"\">\u200b<span>Aprende a planificar y ofrecer lecciones en l\u00ednea.<\/span><\/span><\/li>\n<li><span style=\"\">\u200b<span>Aprende a encontrar clientes y a promocionarte como profesional online.<\/span><\/span><\/li>\n<\/ul>\n<h2 style=\"\">\u200bLa COVID-19 ha cambiado las reglas<\/h2>\n<p style=\"text-align: left;\">\u200bCuando la COVID-19 se extendi\u00f3 por Europa, tuve que cerrar mi exitosa escuela de idiomas. Movimos a 400 estudiantes a la modalidad en l\u00ednea en s\u00f3lo un instante. Fue un momento estresante y estaba aterrorizado de verme forzado a cerrar mi negocio. A pesar de que ya hab\u00eda impartido clases online, tuve que ense\u00f1ar a un equipo de 6 personas c\u00f3mo hacerlo desde casa con s\u00f3lo su conexi\u00f3n a Internet, ordenador port\u00e1til, bloc de notas digital y una cuenta de Zoom.Surgieron muchas dudas. \u00bfSer\u00eda esto un desastre? \u00bfPodr\u00eda dirigir a mi equipo de manera remota? \u00bfMi equipo ofrecer\u00eda lecciones interesantes online? \u00bfA mis alumnos les gustar\u00eda tomar clases en l\u00ednea o habr\u00eda un \u00e9xodo masivo?Me alegra decir que las cosas resultaron asombrosamente bien; los alumnos se adaptaron r\u00e1pidamente al entorno de aprendizaje en l\u00ednea y mi personal y yo implementamos toda nuestra experiencia y capacitaci\u00f3n. Las cosas salieron tan bien que la gente empez\u00f3 a compartir su experiencia con sus amigos y familiares y pronto nos vimos inundados de solicitudes de entrevistas e informaci\u00f3n. \u00a1Despu\u00e9s del confinamiento, estamos m\u00e1s ocupados que nunca y nuestro negocio en l\u00ednea se ha disparado!Y aqu\u00ed es donde quiero ayudarte. Quiero mostrarte c\u00f3mo puedes usar tu conjunto de habilidades existente para construir un negocio online que te permitir\u00e1 ense\u00f1ar a personas de todo el mundo. No m\u00e1s jefes, no m\u00e1s preocupaciones por contratos, malas condiciones de trabajo, malos salarios, correr por toda la ciudad y b\u00e1sicamente vender tu alma a las academias de idiomas establecidas.<\/p>\n<h2 style=\"\">\u200bTe invito a unirte<\/h2>\n<p style=\"text-align: left;\">\u200bSi ya est\u00e1s ense\u00f1ando, pero quieres liberarte de las academias de idiomas o si reci\u00e9n est\u00e1s comenzando y quieres aprender a construir tu propio negocio, te invito al curso \"How to teach languages online\". Te guiar\u00e9 en cada paso del proceso. He sido profesor de comunicaci\u00f3n de ingl\u00e9s, desarrollador de cursos de formaci\u00f3n y, como director de estudios, he sido l\u00edder de un equipo de profesores en mi propia escuela de ingl\u00e9s durante m\u00e1s de 14 a\u00f1os acad\u00e9micos. Puedes aprender de mi experiencia sin cometer todos los errores t\u00edpicos.<strong> <\/strong>Si deseas un sistema de r\u00e1pido para no cometer los errores habituales y no perder tiempo y dinero, este curso es 100% para ti.Esta capacitaci\u00f3n centrada en resultados es exclusivamente para personas que desean recuperar el control de su vida y su horario y obtener la libertad de vivir, trabajar y viajar a cualquier parte del mundo.<\/p>\n<h3><strong>Reg\u00edstrate ahora y comienza tu negocio.&nbsp;<\/strong><\/h3>\n<h2>\u200b\u00bfQuieres...<\/h2>\n<ul>\n<li><span style=\"\">\u200b<span>iniciar tu propio negocio para obtener m\u00e1s libertad financiera, pero no deseas hacer una gran inversi\u00f3n?<\/span><\/span><\/li>\n<li><span style=\"\">\u200b<span>la libertad de trabajar desde cualquier lugar del mundo, de modo que puedas disfrutar un estilo de vida menos estresante?<\/span><\/span><\/li>\n<li><span style=\"\">\u200b<span>tomar el control del balance trabajo-vida, establecer tus horarios y trabajar bajo tus t\u00e9rminos?<\/span><\/span><\/li>\n<li><span style=\"\">\u200b<span>comenzar un negocio alternativo para ganar dinero extra sin arriesgar tu empleo de tiempo completo?<\/span><\/span><\/li>\n<\/ul>\n<ul>\n<li><span style=\"\">\u200b<span>dejar de trabajar para una academia de idiomas porque est\u00e1s harto de la p\u00e9sima paga, las terribles horas y los contratos temporales?<\/span><\/span><\/li>\n<li><span style=\"\">\u200b<span>invertir tu tiempo y energ\u00eda en crear algo que sea TUYO, en lugar de trabajar para alguien m\u00e1s?<\/span><\/span><\/li>\n<li><span style=\"\">\u200b<span>generar una fuente de ingresos pasiva mediante la venta de cursos en l\u00ednea o libros electr\u00f3nicos?<\/span><\/span><\/li>\n<\/ul>\n<h2>Inscr\u00edbete y empieza ahora, no tienes nada que perder...<\/h2>\n<h2><strong>Lo que dicen nuestros alumnos<\/strong><\/h2>\n<h2>Opini\u00f3n destacada<\/h2>\n<p><span><img decoding=\"async\" alt=\"\" data-id=\"161\" title=\"paula-150x150\" src=\"https:\/\/castellsimmerscom.com\/wp-content\/uploads\/2022\/12\/paula-150x150-5-1.jpg\" style=\"\" data-width=\"46\" data-height=\"46\" data-init-width=\"150\" data-init-height=\"150\" loading=\"lazy\" width=\"46\" height=\"46\"><\/span><\/p>\n<p style=\"\">Paula Perez<\/p>\n<p style=\"\">\u200bTengo contacto con empresas internacionales y es muy com\u00fan que tenga que asistir a reuniones con personas extranjeras. As\u00ed que he intentado mejorar mi ingl\u00e9s con cursos online. Castells Immerscom me ha ayudado a mejorar en mi trabajo.<\/p>\n<h2><strong>Contenido del curso<\/strong><\/h2>\n<h2 style=\"\">\u200bTu formador especializado:Andrew Ambrosius<\/h2>\n<p><span><img decoding=\"async\" alt=\"\" data-id=\"2218\" data-init-width=\"1080\" data-init-height=\"717\" title=\"ELE_6539\" src=\"https:\/\/castellsimmerscom.com\/wp-content\/uploads\/2022\/12\/ELE_6539-e1578429913149-1.jpg\" data-width=\"350\" data-height=\"232\" style=\"\" loading=\"lazy\" width=\"350\" height=\"232\"><\/span>  <span><img decoding=\"async\" alt=\"\" data-id=\"1589\" title=\"ELE_6481_Bw_1080P-1\" src=\"https:\/\/castellsimmerscom.com\/wp-content\/uploads\/2022\/12\/ELE_6481_Bw_1080P-1-3-3.jpg\" style=\"\" data-width=\"170\" data-height=\"113\" data-init-width=\"1080\" data-init-height=\"717\" loading=\"lazy\" width=\"170\" height=\"113\"><\/span><\/p>\n<ul style=\"\">\n<li style=\"margin-bottom: 10px !important;\">  <span style=\"\">\u200b4.8 evaluaci\u00f3n del instructor<\/span><\/li>\n<li style=\"margin-bottom: 10px !important;\">  <span style=\"\">\u200b<span>359 rese\u00f1as<\/span><\/span><\/li>\n<li style=\"margin-bottom: 10px !important;\">  <span style=\"\">\u200b<span>1,563 estudiantes<\/span><\/span><\/li>\n<li><span>\u200b<span>M\u00e1s de 12 a\u00f1os de experiencia como coach<\/span><\/span><\/li>\n<\/ul>\n<h2 style=\"\"><strong>Andrew Ambrosius<\/strong><\/h2>\n<h3 style=\"\">FOUNDER, trainer and coach<\/h3>\n<p style=\"\">Hi, I\u2019m Andrew!I\u2019m often asked about my history and career as a business owner, trainer and coach, so I thought I would share that with you here\u2026<a href=\"https:\/\/theartofbusinessenglish.com\/about\/\" style=\"outline: none;\" data-tcb_hover_state_parent=\"\">&nbsp;Read more<\/a><a href=\"\/about\/\" style=\"outline: none;\"><\/a><\/p>\n<h3 style=\"\"><strong>\u200bRESE\u00d1AS<\/strong><\/h3>\n<h2 style=\"\">\u200bOpiniones de alumnos<\/h2>\n<p style=\"text-align: center;\">4.8<\/p>\n<p style=\"text-align: center;\">\u200bEvaluaci\u00f3n del curso<\/p>\n<p><span><img decoding=\"async\" alt=\"\" data-id=\"159\" title=\"jordi-150x150\" src=\"https:\/\/castellsimmerscom.com\/wp-content\/uploads\/2022\/12\/jordi-150x150-5-1.jpg\" style=\"\" data-width=\"50\" data-height=\"50\" data-init-width=\"150\" data-init-height=\"150\" loading=\"lazy\" width=\"50\" height=\"50\"><\/span><\/p>\n<p style=\"\">Jordi Pe\u00f1a<\/p>\n<p style=\"\">\u200bMuchas gracias por ayudarme a mejorar mi ingl\u00e9s de negocios. He aprendido muchas t\u00e9cnicas con estas clases de coaching.<\/p>\n<p><span><img decoding=\"async\" alt=\"\" data-id=\"157\" title=\"marta-150x150\" src=\"https:\/\/castellsimmerscom.com\/wp-content\/uploads\/2022\/12\/marta-150x150-5-1.jpg\" style=\"\" data-width=\"50\" data-height=\"50\" data-init-width=\"150\" data-init-height=\"150\" loading=\"lazy\" width=\"50\" height=\"50\"><\/span><\/p>\n<p style=\"\">Marta Ribera<\/p>\n<p style=\"\">\u200bSi quieres tener una visi\u00f3n m\u00e1s amplia de la comunicaci\u00f3n global, Castells Immerscom es una de las mejores maneras de conseguirlo. \u00a1Muy recomendable!<\/p>\n<p><span style=\"\"><img decoding=\"async\" alt=\"\" data-id=\"1649\" title=\"arkaitz\" src=\"https:\/\/castellsimmerscom.com\/wp-content\/uploads\/2022\/12\/arkaitz-1.jpg\" style=\"\" data-width=\"50\" data-height=\"41\" data-init-width=\"1080\" data-init-height=\"885\" mt-d=\"0\" loading=\"lazy\" width=\"50\" height=\"41\"><\/span><\/p>\n<p style=\"\">Arkaitz Pujana<\/p>\n<p><span>Excelente servicio al cliente.<\/span><\/p>\n<\/p>\n<p>Andrew hace todo lo posible para ayudarte a aprender y adquirir las habilidades necesarias para el \u00e9xito.<\/p>\n<p><span style=\"\"><img decoding=\"async\" alt=\"\" data-id=\"1660\" title=\"jordi ratera\" src=\"https:\/\/castellsimmerscom.com\/wp-content\/uploads\/2022\/12\/jordi-ratera-1.jpg\" style=\"\" data-width=\"50\" data-height=\"67\" data-init-width=\"1242\" data-init-height=\"1656\" mt-d=\"-8\" loading=\"lazy\" width=\"50\" height=\"67\"><\/span><\/p>\n<p style=\"\">Jordi Ratera<\/p>\n<p>Conocedor de todas las \u00e1reas.<\/p>\n<\/p>\n<p>He trabajado con Andrew durante m\u00e1s de 3 a\u00f1os. Es un excelente formador de ingl\u00e9s de negocios. Est\u00e1 muy bien informado en todas las \u00e1reas del ingl\u00e9s comercial.<\/p>\n<p><span style=\"\"><img decoding=\"async\" alt=\"\" data-id=\"445\" title=\"Joan-Serra\" src=\"https:\/\/castellsimmerscom.com\/wp-content\/uploads\/2022\/12\/Joan-Serra-1.png\" style=\"\" data-width=\"50\" data-height=\"80\" data-init-width=\"702\" data-init-height=\"1117\" mt-d=\"-8\" loading=\"lazy\" width=\"50\" height=\"80\"><\/span><\/p>\n<p style=\"\">Joan Serra<\/p>\n<p>Andrew es un verdadero profesional.&nbsp;<\/p>\n<\/p>\n<p>Trabajar con Andrew es una gran experiencia. Su conocimiento y experiencia hacen que las lecciones sean interesantes y \u00fatiles.<\/p>\n<p><span><img decoding=\"async\" alt=\"\" data-id=\"161\" title=\"paula-150x150\" src=\"https:\/\/castellsimmerscom.com\/wp-content\/uploads\/2022\/12\/paula-150x150-5-1.jpg\" style=\"\" data-width=\"50\" data-height=\"50\" data-init-width=\"150\" data-init-height=\"150\" loading=\"lazy\" width=\"50\" height=\"50\"><\/span><\/p>\n<p style=\"\">Paula Perez<\/p>\n<p style=\"\">\u200bTengo contacto con empresas internacionales y es muy com\u00fan que tenga que asistir a reuniones con personas extranjeras. As\u00ed que he intentado mejorar mi ingl\u00e9s con cursos online. Castells Immerscom me ha ayudado a mejorar en mi trabajo.<\/p>\n<p>money back<\/p>\n<p style=\"\">30 day Guarantee<\/p>\n<p>Risk free<\/p>\n<h2><strong>30 Days Money Back Guarantee<\/strong><\/h2>\n<p>\u200bSi, por alguna raz\u00f3n, no te gusta este incre\u00edble curso, puedes obtener un reembolso completo en cualquier momento dentro de los 30 d\u00edas posteriores a la compra. Si tienes alg\u00fan problema, ponte en contacto con nuestro amable equipo de soporte y te ayudar\u00e1n hasta que obtengas los resultados que necesitas o te dar\u00e1n un reembolso. \u00a1Sin preguntas!<\/p>\n<h3 style=\"text-align: center;\">\u200bINSCR\u00cdBetE AHORA Y COMIENza tU PROPIO NEGOCIO EN L\u00cdNEA EN tUS T\u00c9RMINOS<\/h3>\n<h3 style=\"text-align: center;\">\u200b\u00a1\u00danete ahora!<\/h3>\n<p style=\"text-align: center;\">\u200bCompra segura 100% garantizada<\/p>\n","protected":false},"excerpt":{"rendered":"<p>The Complete System for Teaching ANY Language Online \u200bObt\u00e9n excelentes ingresos y trabaja desde cualquier lugar \u200b123 estudiantes inscritos \u200b\u00daltima actualizaci\u00f3n: 10\/2020 \u200bCreado por Andrew Ambrosius \u200bLenguaje: ingl\u00e9s \u200bDuraci\u00f3n del curso: 8 &#8211; 10 semanas (incluye acceso de por vida a todas las actualizaciones) \u200bDedicaci\u00f3n: 4 &#8211; 5 &nbsp;horas a la semana (aprendizaje a tu [&hellip;]<\/p>\n","protected":false},"author":1,"featured_media":0,"parent":0,"menu_order":0,"comment_status":"closed","ping_status":"closed","template":"","meta":{"productId":0,"courseId":0,"footnotes":""},"class_list":["post-3449","page","type-page","status-publish","hentry","post-wrapper","thrv_wrapper"],"_links":{"self":[{"href":"https:\/\/castellsimmerscom.com\/es\/wp-json\/wp\/v2\/pages\/3449","targetHints":{"allow":["GET"]}}],"collection":[{"href":"https:\/\/castellsimmerscom.com\/es\/wp-json\/wp\/v2\/pages"}],"about":[{"href":"https:\/\/castellsimmerscom.com\/es\/wp-json\/wp\/v2\/types\/page"}],"author":[{"embeddable":true,"href":"https:\/\/castellsimmerscom.com\/es\/wp-json\/wp\/v2\/users\/1"}],"replies":[{"embeddable":true,"href":"https:\/\/castellsimmerscom.com\/es\/wp-json\/wp\/v2\/comments?post=3449"}],"version-history":[{"count":5,"href":"https:\/\/castellsimmerscom.com\/es\/wp-json\/wp\/v2\/pages\/3449\/revisions"}],"predecessor-version":[{"id":3494,"href":"https:\/\/castellsimmerscom.com\/es\/wp-json\/wp\/v2\/pages\/3449\/revisions\/3494"}],"wp:attachment":[{"href":"https:\/\/castellsimmerscom.com\/es\/wp-json\/wp\/v2\/media?parent=3449"}],"curies":[{"name":"wp","href":"https:\/\/api.w.org\/{rel}","templated":true}]}}