{"id":3265,"date":"2022-12-11T13:53:02","date_gmt":"2022-12-11T13:53:02","guid":{"rendered":"https:\/\/castellsimmerscom.com\/private-one-to-one-online-coaching\/"},"modified":"2025-01-21T15:30:00","modified_gmt":"2025-01-21T15:30:00","slug":"private-one-to-one-online-coaching","status":"publish","type":"page","link":"https:\/\/castellsimmerscom.com\/es\/private-one-to-one-online-coaching\/","title":{"rendered":"Private one-to-one online coaching"},"content":{"rendered":"<h1 style=\"color: rgb(0, 0, 0) !important; --tcb-applied-color: rgb(0, 0, 0)  !important;\">Private one-to-one online coaching<\/h1>\n<p style=\"font-size: 14px !important; color: rgb(0, 0, 0) !important; --tcb-applied-color: rgb(0, 0, 0)  !important;\">Creado por Andrew Ambrosius<\/p>\n<p style=\"text-align: right;\">SHARE COURSE:<\/p>\n<p><span><img decoding=\"async\" alt=\"\" data-id=\"1589\" data-init-width=\"1080\" data-init-height=\"717\" title=\"ELE_6481_Bw_1080P-1\" src=\"https:\/\/castellsimmerscom.com\/wp-content\/uploads\/2022\/12\/ELE_6481_Bw_1080P-1-9-1.jpg\" data-width=\"542\" data-height=\"360\" style=\"aspect-ratio: auto 1080 \/ 717;\" loading=\"lazy\" width=\"542\" height=\"360\"><\/span><\/p>\n<p style=\"text-align: center;\">\u20ac400 \/10 hours<\/p>\n<ul>\n<li style=\"\"><span style=\"\">Coaching personalizado con formadores altamente experimentados<\/span><\/li>\n<\/ul>\n<p style=\"text-align: center;\"><strong>Este curso incluye:<\/strong><\/p>\n<ul>\n<li style=\"\"><span style=\"\"><span>Coaching privado uno a uno<\/span><\/span><\/li>\n<li style=\"\"><span style=\"\"><span>Formadores y profesionales altamente cualificados<\/span><\/span><\/li>\n<li style=\"\"><span style=\"\"><span>Cualquier tema de ingl\u00e9s general o de negocios<\/span><\/span><\/li>\n<\/ul>\n<ul>\n<li style=\"\"><span style=\"\"><span>Plan de estudios personalizado<\/span><\/span><\/li>\n<li style=\"\"><span style=\"\"><span>Correcciones y comentarios personalizados<\/span><\/span><\/li>\n<li style=\"\"><span style=\"\"><span>Flexibilidad en tu horario de clases y aprendizaje desde casa<\/span><\/span><\/li>\n<\/ul>\n<p style=\"text-align: center;\">Obt\u00e9n resultados r\u00e1pidos y clases personalizadas con un entrenamiento individualizado del idioma ingl\u00e9s. Este curso est\u00e1 dise\u00f1ado para mejorar tu ingl\u00e9s en s\u00f3lo un mes.<\/p>\n<h2 style=\"\">Introducci\u00f3n<\/h2>\n<p style=\"text-align: left;\">Perfecciona tu ingl\u00e9s en s\u00f3lo una hora a la semana con coaching en vivo personalizado en l\u00ednea con profesionales nativos y altamente calificados.Si se te has sentido frustrado hablando ingl\u00e9s o, lo que es peor, te preocupa sentirte avergonzado o hacer el rid\u00edculo frente a tu pr\u00f3ximo cliente o colega, entonces sabes lo importante que es sentirse c\u00f3modo y seguro cuando necesitas hablar ingl\u00e9s para el trabajo o cuando est\u00e1s viajando.Las clases tradicionales requieren tiempo y son lentas. los estudiantes a menudo tienen la sensaci\u00f3n de que no est\u00e1n progresando y esto a veces implica que dejen de aprender ingl\u00e9s o que pierdan la motivaci\u00f3n.Las clases privadas uno a uno son la soluci\u00f3n, porque est\u00e1n 100% personalizadas y enfocadas en tus necesidades.<\/p>\n<h2>En n\u00fameros<\/h2>\n<p style=\"text-align: left;\"><strong><strong>Estudiantes:<\/strong> 3,894<strong>Lenguaje:<\/strong> ingl\u00e9s<\/strong><\/p>\n<p style=\"\"><strong><span style=\"font-size: 14px;\">Dedicaci\u00f3n: <span>1 hora por semana (coaching guiado) sesiones online en vivo<\/span><\/span><\/strong><\/p>\n<p><strong>\u00daltima actualizaci\u00f3n: 10\/2020<\/strong><\/p>\n<h2><strong>Qu\u00e9 aprender\u00e1s<\/strong><\/h2>\n<ul style=\"\">\n<li style=\"\"><span style=\"\" data-tcb_hover_state_parent=\"\"><strong><span data-tcb_hover_state_parent=\"\"><strong>Comprende una amplia gama de textos de diversas fuentes<\/strong><\/span><\/strong><\/span><\/li>\n<li style=\"\"><span style=\"\" data-tcb_hover_state_parent=\"\"><strong><span data-tcb_hover_state_parent=\"\"><strong>Mant\u00e9n conversaciones sobre una gran variedad de temas, tanto formales como informales<\/strong><\/span><\/strong><\/span><\/li>\n<li style=\"\"><span style=\"\" data-tcb_hover_state_parent=\"\"><strong><span data-tcb_hover_state_parent=\"\"><strong>Comprende los programas de radio y TV hablados en ingl\u00e9s<\/strong><\/span><\/strong><\/span><\/li>\n<li style=\"\"><span style=\"\" data-tcb_hover_state_parent=\"\"><strong><span data-tcb_hover_state_parent=\"\"><strong>Participa en una gran diversidad de situaciones de negocios<\/strong><\/span><\/strong><\/span><\/li>\n<li style=\"\"><span style=\"\" data-tcb_hover_state_parent=\"\"><strong><span data-tcb_hover_state_parent=\"\"><strong>Mant\u00e9n conversaciones sobre diferentes temas y da tu opini\u00f3n y argumentos<\/strong><\/span><\/strong><\/span><\/li>\n<li style=\"\"><span style=\"\" data-tcb_hover_state_parent=\"\"><strong><span data-tcb_hover_state_parent=\"\"><strong>Produce discurso bien estructurado y claro, expresando opiniones, explicando ventajas y desventajas respecto a diferentes puntos de vista, tanto de manera oral como por escrito<\/strong><\/span><\/strong><\/span><\/li>\n<li style=\"\"><span style=\"\" data-tcb_hover_state_parent=\"\"><strong><span data-tcb_hover_state_parent=\"\"><strong>Si\u00e9ntete con m\u00e1s confianza cuando trabajes en entornos en los que se habla ingl\u00e9s o cuando est\u00e9s de vacaciones o viajando<\/strong><\/span><\/strong><\/span><\/li>\n<li style=\"\"><span style=\"\" data-tcb_hover_state_parent=\"\"><strong><span data-tcb_hover_state_parent=\"\"><strong>Aumenta tu confianza al usar el ingl\u00e9s en situaciones de la vida real<\/strong><\/span><\/strong><\/span><\/li>\n<li style=\"\"><span style=\"\" data-tcb_hover_state_parent=\"\"><strong><span data-tcb_hover_state_parent=\"\"><strong>Crea un plan de estudios que te ayudar\u00e1 a identificar, practicar y mejorar las \u00e1reas que necesites, con base en los comentarios personalizados de tu formador<\/strong><\/span><\/strong><\/span><\/li>\n<li style=\"\"><span style=\"\" data-tcb_hover_state_parent=\"\"><strong><span data-tcb_hover_state_parent=\"\"><strong>Expr\u00e9sate respecto a una amplia gama de temas formales<\/strong><\/span><\/strong><\/span><\/li>\n<li style=\"\"><span style=\"\" data-tcb_hover_state_parent=\"\"><strong><span data-tcb_hover_state_parent=\"\"><strong>Mejora tu pronunciaci\u00f3n y habla como un nativo<\/strong><\/span><\/strong><\/span><\/li>\n<\/ul>\n<h3><strong>RESE\u00d1AS<\/strong><\/h3>\n<h2 style=\"\">Opiniones de alumnos<\/h2>\n<p style=\"text-align: center;\">4.9<\/p>\n<p style=\"text-align: center;\">Evaluaci\u00f3n del curso<\/p>\n<h2><strong>Enfoques de las sesiones<\/strong><\/h2>\n<ul style=\"\">\n<li style=\"\"><span style=\"\" data-tcb_hover_state_parent=\"\"><strong>Revisi\u00f3n de gram\u00e1tica<\/strong><\/span><\/li>\n<li><span><strong><span><strong>Pr\u00e1ctica de pronunciaci\u00f3n y fluidez<\/strong><\/span><\/strong><\/span><\/li>\n<li style=\"\"><span style=\"\" data-tcb_hover_state_parent=\"\"><strong><span data-tcb_hover_state_parent=\"\"><strong>Desarrollo del vocabulario y las expresiones<\/strong><\/span><\/strong><\/span><\/li>\n<li style=\"\"><span style=\"\" data-tcb_hover_state_parent=\"\"><strong><span data-tcb_hover_state_parent=\"\"><strong>Fluidez y confianza<\/strong><\/span><\/strong><\/span><\/li>\n<li style=\"\"><span style=\"\" data-tcb_hover_state_parent=\"\"><strong><span data-tcb_hover_state_parent=\"\"><strong>Temas de ingl\u00e9s de negocios<\/strong><\/span><\/strong><\/span><\/li>\n<li style=\"\"><span style=\"\" data-tcb_hover_state_parent=\"\"><strong><span data-tcb_hover_state_parent=\"\"><strong>Necesidades espec\u00edficas en ingl\u00e9s, p. ej., preparar una reuni\u00f3n o una presentaci\u00f3n importante<\/strong><\/span><\/strong><\/span><\/li>\n<\/ul>\n<h2 style=\"\"><strong>Andrew Ambrosius<\/strong><\/h2>\n<p><span style=\"\"><img decoding=\"async\" alt=\"\" data-id=\"1589\" data-init-width=\"1080\" data-init-height=\"717\" title=\"ELE_6481_Bw_1080P-1\" src=\"https:\/\/castellsimmerscom.com\/wp-content\/uploads\/2022\/12\/ELE_6481_Bw_1080P-1-9-1.jpg\" data-width=\"225\" data-height=\"149\" style=\"aspect-ratio: auto 1080 \/ 717;\" mt-d=\"0\" ml-d=\"0\" loading=\"lazy\" width=\"225\" height=\"149\"><\/span><\/p>\n<p style=\"\"><strong>FOUNDER, TRAINER AND COACH<\/strong><\/p>\n<p>Hi, I\u2019m Andrew!I\u2019m often asked about my history and career as a business owner, trainer and coach, so I thought I would share that with you here\u2026 <a href=\"https:\/\/theartofbusinessenglish.com\/about\/\" target=\"_blank\" style=\"outline: none;\" data-tcb_hover_state_parent=\"\" rel=\"noopener\">Read more<\/a><\/p>\n<p><span><\/span><span><\/span><\/p>\n","protected":false},"excerpt":{"rendered":"<p>Private one-to-one online coaching Creado por Andrew Ambrosius SHARE COURSE: \u20ac400 \/10 hours Coaching personalizado con formadores altamente experimentados Este curso incluye: Coaching privado uno a uno Formadores y profesionales altamente cualificados Cualquier tema de ingl\u00e9s general o de negocios Plan de estudios personalizado Correcciones y comentarios personalizados Flexibilidad en tu horario de clases y [&hellip;]<\/p>\n","protected":false},"author":1,"featured_media":0,"parent":0,"menu_order":0,"comment_status":"closed","ping_status":"closed","template":"","meta":{"productId":0,"courseId":0,"footnotes":""},"class_list":["post-3265","page","type-page","status-publish","hentry","post-wrapper","thrv_wrapper"],"_links":{"self":[{"href":"https:\/\/castellsimmerscom.com\/es\/wp-json\/wp\/v2\/pages\/3265","targetHints":{"allow":["GET"]}}],"collection":[{"href":"https:\/\/castellsimmerscom.com\/es\/wp-json\/wp\/v2\/pages"}],"about":[{"href":"https:\/\/castellsimmerscom.com\/es\/wp-json\/wp\/v2\/types\/page"}],"author":[{"embeddable":true,"href":"https:\/\/castellsimmerscom.com\/es\/wp-json\/wp\/v2\/users\/1"}],"replies":[{"embeddable":true,"href":"https:\/\/castellsimmerscom.com\/es\/wp-json\/wp\/v2\/comments?post=3265"}],"version-history":[{"count":2,"href":"https:\/\/castellsimmerscom.com\/es\/wp-json\/wp\/v2\/pages\/3265\/revisions"}],"predecessor-version":[{"id":6780,"href":"https:\/\/castellsimmerscom.com\/es\/wp-json\/wp\/v2\/pages\/3265\/revisions\/6780"}],"wp:attachment":[{"href":"https:\/\/castellsimmerscom.com\/es\/wp-json\/wp\/v2\/media?parent=3265"}],"curies":[{"name":"wp","href":"https:\/\/api.w.org\/{rel}","templated":true}]}}