{"id":3237,"date":"2022-12-11T13:40:35","date_gmt":"2022-12-11T13:40:35","guid":{"rendered":"https:\/\/castellsimmerscom.com\/private-lessons\/"},"modified":"2022-12-11T13:44:10","modified_gmt":"2022-12-11T13:44:10","slug":"clases-particulares","status":"publish","type":"page","link":"https:\/\/castellsimmerscom.com\/es\/clases-particulares\/","title":{"rendered":"Clases Particulares"},"content":{"rendered":"<h1 style=\"text-align: center;\">\u200bClases particulares<\/h1>\n<p style=\"text-align: center;\">\u200bDisfruta de una atenci\u00f3n personalizada y adaptada a tus necesidades y a tu horario<\/p>\n<h4 data-hide=\"true\" style=\"\">\u200bOrientados hacia el \u00e9xito<\/h4>\n<p style=\"\">\u200bClases particulares centradas en tus necesidades con una, dos personas, o un grupo reducido.<\/p>\n<h4 data-hide=\"true\" style=\"\">\u200bCentradas en el alumno<\/h4>\n<p style=\"line-height: 1.75em !important;\">\u200bClases y contenido adaptados a las necesidades espec\u00edficas del alumno, preparaci\u00f3n de ex\u00e1menes o empresas.<\/p>\n<h4 data-hide=\"true\" style=\"\">\u200bHorario flexible<\/h4>\n<p style=\"line-height: 1.75em !important;\">\u200bReserva clases que se adapten a ti y a tu horario. <\/p>\n<h4 style=\"\" data-hide=\"true\">\u200bReserva tu clase ahora y empieza ma\u00f1ana<\/h4>\n<p style=\"\">\u200bCon nuestro horario flexible puedes reservar tus clases con 24h de antelaci\u00f3n a la hora que mejor te convenga.&nbsp; <\/p>\n<h3 style=\"text-align: left;\">\u200b\u00danete a nuestra tribu &amp; nunca te pierdas un podcast<\/h3>\n<p style=\"text-align: left;\">\u200bInscr\u00edbete con tu correo y obt\u00e9n una lecci\u00f3n de ingl\u00e9s gratuita cada semana<\/p>\n","protected":false},"excerpt":{"rendered":"<p>\u200bClases particulares \u200bDisfruta de una atenci\u00f3n personalizada y adaptada a tus necesidades y a tu horario \u200bOrientados hacia el \u00e9xito \u200bClases particulares centradas en tus necesidades con una, dos personas, o un grupo reducido. \u200bCentradas en el alumno \u200bClases y contenido adaptados a las necesidades espec\u00edficas del alumno, preparaci\u00f3n de ex\u00e1menes o empresas. \u200bHorario flexible [&hellip;]<\/p>\n","protected":false},"author":1,"featured_media":0,"parent":0,"menu_order":0,"comment_status":"closed","ping_status":"closed","template":"","meta":{"productId":0,"courseId":0,"footnotes":""},"class_list":["post-3237","page","type-page","status-publish","hentry","post-wrapper","thrv_wrapper"],"_links":{"self":[{"href":"https:\/\/castellsimmerscom.com\/es\/wp-json\/wp\/v2\/pages\/3237","targetHints":{"allow":["GET"]}}],"collection":[{"href":"https:\/\/castellsimmerscom.com\/es\/wp-json\/wp\/v2\/pages"}],"about":[{"href":"https:\/\/castellsimmerscom.com\/es\/wp-json\/wp\/v2\/types\/page"}],"author":[{"embeddable":true,"href":"https:\/\/castellsimmerscom.com\/es\/wp-json\/wp\/v2\/users\/1"}],"replies":[{"embeddable":true,"href":"https:\/\/castellsimmerscom.com\/es\/wp-json\/wp\/v2\/comments?post=3237"}],"version-history":[{"count":2,"href":"https:\/\/castellsimmerscom.com\/es\/wp-json\/wp\/v2\/pages\/3237\/revisions"}],"predecessor-version":[{"id":3249,"href":"https:\/\/castellsimmerscom.com\/es\/wp-json\/wp\/v2\/pages\/3237\/revisions\/3249"}],"wp:attachment":[{"href":"https:\/\/castellsimmerscom.com\/es\/wp-json\/wp\/v2\/media?parent=3237"}],"curies":[{"name":"wp","href":"https:\/\/api.w.org\/{rel}","templated":true}]}}