{"id":3170,"date":"2022-12-11T12:51:09","date_gmt":"2022-12-11T12:51:09","guid":{"rendered":"https:\/\/castellsimmerscom.com\/pre-intermediate-a2-general-english-online-course\/"},"modified":"2025-01-10T17:53:50","modified_gmt":"2025-01-10T17:53:50","slug":"pre-intermediate-a2-general-english-online-course","status":"publish","type":"page","link":"https:\/\/castellsimmerscom.com\/es\/pre-intermediate-a2-general-english-online-course\/","title":{"rendered":"Pre-intermediate (A2) General English Online Course"},"content":{"rendered":"<h1 style=\"color: rgb(0, 0, 0) !important; --tcb-applied-color: rgb(0, 0, 0)  !important;\">Pre-intermediate (A2) General English Online Course<\/h1>\n<p style=\"color: rgb(0, 0, 0) !important; --tcb-applied-color: rgb(0, 0, 0)  !important;\">Todos nuestros cursos generales de ingl\u00e9s le proporcionan a nuestros estudiantes 12 meses de acceso ilimitado. Al comprar el curso, ser\u00e1s inscrito autom\u00e1ticamente en \u00e9l con la cuenta generada. La mayor\u00eda de nuestros cursos en l\u00ednea pueden completarse en 3 o 4 meses. Una vez que lo hayas terminado, puedes solicitar un certificado de finalizaci\u00f3n para tu curr\u00edculo.&nbsp; <\/p>\n<p style=\"color: rgb(0, 0, 0) !important; --tcb-applied-color: rgb(0, 0, 0)  !important;\"><strong>867 estudiantes inscritos<\/strong><\/p>\n<p style=\"color: rgb(0, 0, 0) !important; --tcb-applied-color: rgb(0, 0, 0)  !important;\"><strong>\u00daltima actualizaci\u00f3n: 10\/2020<\/strong><\/p>\n<p style=\"color: rgb(0, 0, 0) !important; --tcb-applied-color: rgb(0, 0, 0)  !important;\"><strong>Creado por Andrew Ambrosius<\/strong><\/p>\n<ul style=\"\">\n<li style=\"\"><span style=\"\">Lenguaje: ingl\u00e9s<\/span><\/li>\n<li style=\"\"><span style=\"\">Duraci\u00f3n del curso: 8 - 10 semanas (incluye acceso ilimitado por 12 meses)<\/span><\/li>\n<li style=\"\"><span style=\"\">Dedicaci\u00f3n: 4 - 5 &nbsp;horas a la semana (aprendizaje a tu propio ritmo)<\/span><\/li>\n<\/ul>\n<p><span><img decoding=\"async\" alt=\"\" data-id=\"842\" data-init-width=\"640\" data-init-height=\"462\" title=\"pexels-photo-1059111\" src=\"https:\/\/castellsimmerscom.com\/wp-content\/uploads\/2022\/12\/pexels-photo-1059111-3.jpeg\" data-width=\"357\" data-height=\"257\" style=\"aspect-ratio: auto 640 \/ 462;\" width=\"357\" height=\"257\" loading=\"lazy\"><span style=\"\"><\/span><\/span><\/p>\n<p style=\"text-align: center;\">$199,00<\/p>\n<ul style=\"\">\n<li style=\"\"><span style=\"\">\u00a1Mejora tu ingl\u00e9s y sal a viajar!<\/span><\/li>\n<\/ul>\n<p style=\"text-align: center;\">Garant\u00eda de devoluci\u00f3n del dinero en 30 d\u00edas<\/p>\n<p style=\"\">Este curso incluye:<\/p>\n<ul style=\"\">\n<li style=\"\"><span style=\"\">12 meses de acceso<\/span><\/li>\n<li style=\"\"><span style=\"\">Ejercicios de lectura<\/span><\/li>\n<li style=\"\"><span style=\"\">19 explicaciones en video sobre gram\u00e1tica<\/span><\/li>\n<li style=\"\"><span style=\"\">M\u00e1s de 90 ejercicios de pr\u00e1ctica<\/span><\/li>\n<li style=\"\"><span style=\"\">Ejercicios de gram\u00e1tica<\/span><\/li>\n<li style=\"\"><span style=\"\">Vocabulario y pr\u00e1ctica de pronunciaci\u00f3n<\/span><\/li>\n<li style=\"\"><span style=\"\">Ejercicios de comprensi\u00f3n auditiva<\/span><\/li>\n<li style=\"\"><span style=\"\">Certificado de finalizaci\u00f3n<\/span><\/li>\n<li style=\"\"><span style=\"\">Garant\u00eda de devoluci\u00f3n del dinero en 30 d\u00edas<\/span><\/li>\n<\/ul>\n<h2 style=\"\"><strong>Qu\u00e9 aprender\u00e1s<\/strong><\/h2>\n<ul style=\"\">\n<li style=\"\"><span style=\"\">Hablar f\u00e1cilmente sobre el lugar en donde vives y compararlo con otros lugares<\/span><\/li>\n<li style=\"\"><span style=\"\">Describir con confianza tu vida cotidiana, ocupaci\u00f3n o estudios, y hablar sobre tus intereses y pasatiempos<\/span><\/li>\n<\/ul>\n<ul style=\"\">\n<li style=\"\"><span style=\"\">Dar opiniones y especular acerca del mundo que te rodea<\/span><\/li>\n<li style=\"\"><span style=\"\">Comprender y dar instrucciones f\u00e1cilmente para describir c\u00f3mo se hace algo<\/span><\/li>\n<\/ul>\n<h2 style=\"\">Introducci\u00f3n<\/h2>\n<p>Este es nuestro curso online de ingl\u00e9s m\u00e1s poderoso e intensivo.\u00bfTe gustar\u00eda quedarte en casa y aprender ingl\u00e9s o estudiar desde tu oficina para tener todo bajo control cuando planees tu pr\u00f3ximo viaje o para cuando un amigo hablante de ingl\u00e9s te visite?Entonces, d\u00e9janos ayudarte en el viaje de aprender ingl\u00e9s, de sentirte satisfecho contigo mismo y de tener confianza en situaciones en las que antes te sent\u00edas inc\u00f3modo.<strong>Despu\u00e9s de terminar este curso ser\u00e1s capaz de:<\/strong><\/p>\n<ul style=\"\">\n<li style=\"\"><span style=\"\">Hablar de d\u00f3nde vives y compararlo con otros sitios<\/span><\/li>\n<li style=\"\"><span style=\"\">Describir tu vida cotidiana, ocupaci\u00f3n o estudios, y hablar sobre tus intereses y pasatiempos<\/span><\/li>\n<\/ul>\n<ul style=\"\">\n<li style=\"\"><span style=\"\">Dar opiniones y especular acerca del mundo que te rodea<\/span><\/li>\n<li style=\"\"><span style=\"\">Comprender y dar instrucciones para describir c\u00f3mo se hace algo<\/span><\/li>\n<\/ul>\n<h2 style=\"\"><strong>Lo que dicen nuestros alumnos<\/strong><\/h2>\n<h2 style=\"\">Opini\u00f3n destacada<\/h2>\n<p><span><img decoding=\"async\" alt=\"\" data-id=\"161\" title=\"paula-150x150\" src=\"https:\/\/castellsimmerscom.com\/wp-content\/uploads\/2022\/12\/paula-150x150-1-1-2.jpg\" style=\"aspect-ratio: auto 150 \/ 150;\" data-width=\"46\" data-height=\"46\" data-init-width=\"150\" data-init-height=\"150\" width=\"46\" height=\"46\" loading=\"lazy\"><\/span><\/p>\n<p style=\"\">Paula Perez<\/p>\n<p style=\"\">Tengo contacto con empresas internacionales y es muy com\u00fan que tenga que asistir a reuniones con personas extranjeras. As\u00ed que he intentado mejorar mi ingl\u00e9s con cursos online. Castells Immerscom me ha ayudado a mejorar en mi trabajo.<\/p>\n<h2 style=\"\"><strong>Contenido del curso<\/strong><\/h2>\n<p>  <span><img decoding=\"async\" alt=\"\" data-id=\"1589\" title=\"ELE_6481_Bw_1080P-1\" src=\"https:\/\/castellsimmerscom.com\/wp-content\/uploads\/2022\/12\/ELE_6481_Bw_1080P-1-3-1.jpg\" style=\"aspect-ratio: auto 1080 \/ 717;\" data-width=\"170\" data-height=\"113\" data-init-width=\"1080\" data-init-height=\"717\" width=\"170\" height=\"113\" loading=\"lazy\"><\/span><\/p>\n<ul style=\"\">\n<li style=\"margin-bottom: 10px !important;\">  <span style=\"\">4.8 evaluaci\u00f3n del instructor<\/span><\/li>\n<li style=\"margin-bottom: 10px !important;\">  <span style=\"\">359 rese\u00f1as<\/span><\/li>\n<li style=\"margin-bottom: 10px !important;\">  <span style=\"\">1,563 estudiantes<\/span><\/li>\n<li><span>M\u00e1s de 12 a\u00f1os de experiencia como coach<\/span><\/li>\n<\/ul>\n<h2 style=\"\"><strong>Andrew Ambrosius<\/strong><\/h2>\n<h3 style=\"\">FOUNDER, trainer and coach<\/h3>\n<p style=\"\">Hi, I\u2019m Andrew!I\u2019m often asked about my history and career as a business owner, trainer and coach, so I thought I would share that with you here\u2026<a href=\"https:\/\/theartofbusinessenglish.com\/about\/\" style=\"outline: none;\" data-tcb_hover_state_parent=\"\">&nbsp;Read more<\/a><a href=\"\/about\/\" style=\"outline: none;\"><\/a><\/p>\n<h3 style=\"\"><strong>RESE\u00d1AS<\/strong><\/h3>\n<h2 style=\"\">Opiniones de alumnos<\/h2>\n<p style=\"text-align: center;\">4.8<\/p>\n<p style=\"text-align: center;\">Evaluaci\u00f3n del curso<\/p>\n<p><span><img decoding=\"async\" alt=\"\" data-id=\"159\" title=\"jordi-150x150\" src=\"https:\/\/castellsimmerscom.com\/wp-content\/uploads\/2022\/12\/jordi-150x150-1-1-2.jpg\" style=\"aspect-ratio: auto 150 \/ 150;\" data-width=\"50\" data-height=\"50\" data-init-width=\"150\" data-init-height=\"150\" width=\"50\" height=\"50\" loading=\"lazy\"><\/span><\/p>\n<p style=\"\">Jordi Pe\u00f1a<\/p>\n<p style=\"\">Muchas gracias por ayudarme a mejorar mi ingl\u00e9s de negocios. He aprendido muchas t\u00e9cnicas con estas clases de coaching.<\/p>\n<p><span><img decoding=\"async\" alt=\"\" data-id=\"157\" title=\"marta-150x150\" src=\"https:\/\/castellsimmerscom.com\/wp-content\/uploads\/2022\/12\/marta-150x150-1-1-2.jpg\" style=\"aspect-ratio: auto 150 \/ 150;\" data-width=\"50\" data-height=\"50\" data-init-width=\"150\" data-init-height=\"150\" width=\"50\" height=\"50\" loading=\"lazy\"><\/span><\/p>\n<p style=\"\">Marta Ribera<\/p>\n<p style=\"\">Si quieres tener una visi\u00f3n m\u00e1s amplia de la comunicaci\u00f3n global, Castells Immerscom es una de las mejores maneras de conseguirlo. \u00a1Muy recomendable!<\/p>\n<p><span><img decoding=\"async\" alt=\"\" data-id=\"161\" title=\"paula-150x150\" src=\"https:\/\/castellsimmerscom.com\/wp-content\/uploads\/2022\/12\/paula-150x150-1-1-2.jpg\" style=\"aspect-ratio: auto 150 \/ 150;\" data-width=\"50\" data-height=\"50\" data-init-width=\"150\" data-init-height=\"150\" width=\"50\" height=\"50\" loading=\"lazy\"><\/span><\/p>\n<p style=\"\">Paula Perez<\/p>\n<p style=\"\">Tengo contacto con empresas internacionales y es muy com\u00fan que tenga que asistir a reuniones con personas extranjeras. As\u00ed que he intentado mejorar mi ingl\u00e9s con cursos online. Castells Immerscom me ha ayudado a mejorar en mi trabajo.<\/p>\n","protected":false},"excerpt":{"rendered":"<p>Pre-intermediate (A2) General English Online Course Todos nuestros cursos generales de ingl\u00e9s le proporcionan a nuestros estudiantes 12 meses de acceso ilimitado. Al comprar el curso, ser\u00e1s inscrito autom\u00e1ticamente en \u00e9l con la cuenta generada. La mayor\u00eda de nuestros cursos en l\u00ednea pueden completarse en 3 o 4 meses. Una vez que lo hayas terminado, [&hellip;]<\/p>\n","protected":false},"author":1,"featured_media":0,"parent":0,"menu_order":0,"comment_status":"closed","ping_status":"closed","template":"","meta":{"productId":0,"courseId":0,"footnotes":""},"class_list":["post-3170","page","type-page","status-publish","hentry","post-wrapper","thrv_wrapper"],"_links":{"self":[{"href":"https:\/\/castellsimmerscom.com\/es\/wp-json\/wp\/v2\/pages\/3170","targetHints":{"allow":["GET"]}}],"collection":[{"href":"https:\/\/castellsimmerscom.com\/es\/wp-json\/wp\/v2\/pages"}],"about":[{"href":"https:\/\/castellsimmerscom.com\/es\/wp-json\/wp\/v2\/types\/page"}],"author":[{"embeddable":true,"href":"https:\/\/castellsimmerscom.com\/es\/wp-json\/wp\/v2\/users\/1"}],"replies":[{"embeddable":true,"href":"https:\/\/castellsimmerscom.com\/es\/wp-json\/wp\/v2\/comments?post=3170"}],"version-history":[{"count":11,"href":"https:\/\/castellsimmerscom.com\/es\/wp-json\/wp\/v2\/pages\/3170\/revisions"}],"predecessor-version":[{"id":6723,"href":"https:\/\/castellsimmerscom.com\/es\/wp-json\/wp\/v2\/pages\/3170\/revisions\/6723"}],"wp:attachment":[{"href":"https:\/\/castellsimmerscom.com\/es\/wp-json\/wp\/v2\/media?parent=3170"}],"curies":[{"name":"wp","href":"https:\/\/api.w.org\/{rel}","templated":true}]}}