{"id":3026,"date":"2022-12-11T09:51:37","date_gmt":"2022-12-11T09:51:37","guid":{"rendered":"https:\/\/castellsimmerscom.com\/online-courses\/"},"modified":"2025-01-14T17:53:02","modified_gmt":"2025-01-14T17:53:02","slug":"cursos-online","status":"publish","type":"page","link":"https:\/\/castellsimmerscom.com\/es\/cursos-online\/","title":{"rendered":"Cursos Online"},"content":{"rendered":"<h2 style=\"text-align: center;\">\u00a1Aprende a hablar en ingl\u00e9s con confianza y a funcionar en el mundo de los negocios aun sin haber estudiado nunca ingl\u00e9s!&nbsp; <\/h2>\n<p style=\"text-align: center;\">CURSOS DESTACADOS<\/p>\n<p style=\"text-align: center;\">Cursos de ingl\u00e9s de negocios<\/p>\n<h5 style=\"\">Confidence in Business Meetings<\/h5>\n<p style=\"\">\u20ac<\/p>\n<p style=\"\">199,00<\/p>\n<p style=\"\">Andrew Ambrosius<\/p>\n<p style=\"\">BESTSELLER<\/p>\n<ul>\n<li><span style=\"\"><span>Entiende la importancia de las reuniones<\/span><\/span><\/li>\n<li><span style=\"\"><span>El papel de las reuniones en los negocios y los aspectos interculturales<\/span><\/span><\/li>\n<li><span style=\"\"><span>Qu\u00e9 hace que una reuni\u00f3n tenga \u00e9xito<\/span><\/span><\/li>\n<\/ul>\n<h5 style=\"\">Excellence in Email Writing<\/h5>\n<p style=\"\">\u20ac<\/p>\n<p style=\"\">199,00<\/p>\n<p style=\"\">Andrew Ambrosius<\/p>\n<p style=\"\">BESTSELLER<\/p>\n<ul>\n<li><span style=\"\"><span>Escribe con tu lector en mente<\/span><\/span><\/li>\n<li><span style=\"\"><span>Estructura las ideas y transmite el mensaje clave<\/span><\/span><\/li>\n<li><span style=\"\"><span>Aprende a usar el grado adecuado de formalidad<\/span><\/span><\/li>\n<\/ul>\n<h5 style=\"\">How to Engage People in Conversation<\/h5>\n<p style=\"\">\u20ac<\/p>\n<p style=\"\">99,00<\/p>\n<p style=\"\">Andrew Ambrosius<\/p>\n<p style=\"\">BESTSELLER<\/p>\n<ul>\n<li><span style=\"\"><span><span>C\u00f3mo empezar una conversaci\u00f3n<\/span><\/span><\/span><\/li>\n<li><span style=\"\"><span><span>C\u00f3mo puedes escuchar eficazmente y mantener una conversaci\u00f3n<\/span><\/span><\/span><\/li>\n<li><span style=\"\"><span><span>Aprende las habilidades comunicativas clave para mantener una conversaci\u00f3n<\/span><\/span><\/span><\/li>\n<\/ul>\n<h5>Business Idioms 1<\/h5>\n<p style=\"\">\u20ac<\/p>\n<p style=\"\">49,00<\/p>\n<p style=\"\">Loic Bellet<span data-id=\"0\" data-type=\"false\" style=\"display: none; line-height: 0;\"><\/span><\/p>\n<p style=\"\">BESTSELLER<\/p>\n<ul>\n<li><span style=\"\"><span><span><span>Aprende y mejora tu conocimiento de expresiones<\/span><\/span><\/span><\/span><\/li>\n<li><span style=\"\">C\u00f3mo puedes fortalecer la relaci\u00f3n con tus compa\u00f1eros de habla inglesa<\/span><\/li>\n<li><span style=\"\"><span><span>Aprende las expresiones m\u00e1s comunes en el mundo de los negocios<\/span><\/span><\/span><\/li>\n<\/ul>\n<p style=\"color: var(--tcb-skin-color-0)  !important; --tcb-applied-color: var$(--tcb-skin-color-0)  !important;\"><span style=\"font-size: 16px; --tcb-applied-color: var$(--tcb-skin-color-0)  !important;\">M\u00c1S CURSOS DE INGL\u00c9S GENERAL<\/span><\/p>\n<p style=\"\">Cursos <span style=\"--tcb-applied-color: var$(--tcb-skin-color-0)  !important; color: var(--tcb-skin-color-0);\">para empezar<\/span><\/p>\n<p style=\"\">\u20ac<\/p>\n<p style=\"\">199,00<\/p>\n<h5 style=\"\">Upper-Intermediate (B2) General English Online Course<\/h5>\n<p style=\"\">Andrew Ambrosius<\/p>\n<p style=\"\">ADVANCED<\/p>\n<ul>\n<li><span style=\"\"><span>Comprende f\u00e1cilmente informes, art\u00edculos, rese\u00f1as, etc. sobre temas de actualidad<\/span><\/span><\/li>\n<li><span style=\"\"><span>Presenta con confianza un argumento o informaci\u00f3n por escrito<\/span><\/span><\/li>\n<li><span style=\"\"><span>Aprende a utilizar una amplia gama de vocabulario para hablar de tu trabajo, tus objetivos, etc.<\/span><\/span><\/li>\n<\/ul>\n<p style=\"\">\u20ac<\/p>\n<p style=\"\">199,00<\/p>\n<h5 style=\"\">Intermediate (B1) General English Online Course<\/h5>\n<p style=\"\">Andrew Ambrosius<\/p>\n<p style=\"\">INTERMEDIATE<\/p>\n<ul>\n<li><span style=\"\">Aprende una amplia gama de vocabulario para comunicarte en situaciones cotidianas y familiares<\/span><\/li>\n<li><span style=\"\">Aprende a iniciar y mantener una conversaci\u00f3n cara a cara sobre los temas que te interesan<\/span><\/li>\n<li><span style=\"\"><span><span>Aprende a entender los puntos principales de un discurso \"est\u00e1ndar\" sobre temas cotidianos<\/span><\/span><\/span><\/li>\n<\/ul>\n<p style=\"\">\u20ac<\/p>\n<p style=\"\">199,00<\/p>\n<h5>Pre-intermediate (A2) General English Online Course<span data-id=\"0\" data-type=\"false\" style=\"display: none; line-height: 0;\"><\/span><\/h5>\n<p style=\"\">Andrew Ambrosius<\/p>\n<p style=\"\">PER-INTERMEDIATE<\/p>\n<ul>\n<li><span style=\"\">Habla con facilidad sobre d\u00f3nde vives y comp\u00e1ralo con otros lugares<\/span><\/li>\n<li><span style=\"\">Aprende a expresar opiniones y especular sobre el mundo que nos rodea<\/span><\/li>\n<li><span style=\"\"><span><span>Comprende y da instrucciones con facilidad<\/span><\/span><\/span><\/li>\n<\/ul>\n<p>EL INGL\u00c9S<\/p>\n<h2 style=\"color: rgb(255, 255, 255) !important; --tcb-applied-color: rgb(255, 255, 255)  !important;\">Cursos de preparaci\u00f3n para ex\u00e1menes m\u00e1s populares<\/h2>\n<p style=\"\">\u20ac<\/p>\n<p style=\"\">199<\/p>\n<h5 style=\"font-size: 14px !important;\">Cambridge First Certificate in English (B2)<\/h5>\n<p style=\"\">Andrew Ambrosius<\/p>\n<p style=\"\">UPPER-INTERMEDIATE<\/p>\n<ul>\n<li><span style=\"\"><span>C\u00f3mo completar cada parte del examen de forma eficaz para obtener una puntuaci\u00f3n alta<\/span><\/span><\/li>\n<li><span style=\"\"><span>Entender programas de radio o televisi\u00f3n en ingl\u00e9s<\/span><\/span><\/li>\n<li><span style=\"\"><span><span><span>Mantener conversaciones sobre diferentes temas y dar tus opiniones con argumentos<\/span><\/span><\/span><\/span><\/li>\n<\/ul>\n<p style=\"\">\u20ac<\/p>\n<p style=\"\">199<\/p>\n<h5 style=\"font-size: 14px !important;\">Confidence in CAE Online Course<span data-id=\"0\" data-type=\"false\" style=\"display: none; line-height: 0;\"><\/span><\/h5>\n<p style=\"\">Andrew Ambrosius<\/p>\n<p style=\"\">ADVANCED<\/p>\n<ul>\n<li><span style=\"\"><span>Comprender textos de una gran variedad de fuentes, incluso sobre temas complejos<\/span><\/span><\/li>\n<li><span style=\"\"><span>Presentar de manera clara un argumento o informaci\u00f3n por escrito<\/span><\/span><\/li>\n<li><span style=\"\"><span><span><span>Entender a las personas que hablan en ingl\u00e9s en los programas de radio o televisi\u00f3n<\/span><\/span><\/span><\/span><\/li>\n<\/ul>\n<p style=\"\">\u20ac<\/p>\n<p style=\"\">400\/10 Hrs<\/p>\n<h5 style=\"font-size: 14px !important;\">Clases online privadas - One-to-one online coaching<\/h5>\n<p style=\"\">Andrew Ambrosius<\/p>\n<p style=\"\">PERSONALISED<\/p>\n<p style=\"\">\u20ac<\/p>\n<p style=\"\">99<\/p>\n<h5 style=\"font-size: 14px !important;\">C\u00f3mo ense\u00f1ar online para principiantes<\/h5>\n<p style=\"\">Andrew Ambrosius<\/p>\n<p style=\"\">INTRODUCTORY<\/p>\n<h3 style=\"\">\u00bfNo est\u00e1s seguro de qu\u00e9 curso es el ideal? Te aconsejamos.<\/h3>\n<h1 style=\"font-size: 35px !important;\">Unas palabras del director<\/h1>\n<p style=\"\">Nuestra misi\u00f3n es ayudarte a tener \u00e9xito en tu vida laboral y en tu carrera. No queremos que el ingl\u00e9s sea una barrera para tu crecimiento y desarrollo.En Castells Immerscom producimos continuamente contenidos y cursos para ayudarte a sacar el m\u00e1ximo partido a tu experiencia de aprendizaje del ingl\u00e9s.Cualquier cosa que necesites, s\u00f3lo tienes que dec\u00edrnoslo y podremos desarrollarlo para ti.Esperamos que te unas a nuestros programas, comunidad y formaci\u00f3n.<\/p>\n<p style=\"text-align: center;\">Andrew<\/p>\n<p style=\"\">100% Satisfacci\u00f3n garantizada durante&nbsp;30-d\u00edas<\/p>\n<p>En Castells Immerscom estamos comprometidos con la calidad de todos nuestros cursos. Si no est\u00e1s completamente satisfecho con cualquiera de ellos durante los primeros 30 d\u00edas, te devolveremos el 100% de tu dinero, sin hacer preguntas.<\/p>\n<h1 style=\"text-align: center;\">Preguntas frecuentes<\/h1>\n","protected":false},"excerpt":{"rendered":"<p>\u00a1Aprende a hablar en ingl\u00e9s con confianza y a funcionar en el mundo de los negocios aun sin haber estudiado nunca ingl\u00e9s!&nbsp; CURSOS DESTACADOS Cursos de ingl\u00e9s de negocios Confidence in Business Meetings \u20ac 199,00 Andrew Ambrosius BESTSELLER Entiende la importancia de las reuniones El papel de las reuniones en los negocios y los aspectos [&hellip;]<\/p>\n","protected":false},"author":1,"featured_media":0,"parent":0,"menu_order":0,"comment_status":"closed","ping_status":"closed","template":"","meta":{"productId":0,"courseId":0,"footnotes":""},"class_list":["post-3026","page","type-page","status-publish","hentry","post-wrapper","thrv_wrapper"],"_links":{"self":[{"href":"https:\/\/castellsimmerscom.com\/es\/wp-json\/wp\/v2\/pages\/3026","targetHints":{"allow":["GET"]}}],"collection":[{"href":"https:\/\/castellsimmerscom.com\/es\/wp-json\/wp\/v2\/pages"}],"about":[{"href":"https:\/\/castellsimmerscom.com\/es\/wp-json\/wp\/v2\/types\/page"}],"author":[{"embeddable":true,"href":"https:\/\/castellsimmerscom.com\/es\/wp-json\/wp\/v2\/users\/1"}],"replies":[{"embeddable":true,"href":"https:\/\/castellsimmerscom.com\/es\/wp-json\/wp\/v2\/comments?post=3026"}],"version-history":[{"count":27,"href":"https:\/\/castellsimmerscom.com\/es\/wp-json\/wp\/v2\/pages\/3026\/revisions"}],"predecessor-version":[{"id":6767,"href":"https:\/\/castellsimmerscom.com\/es\/wp-json\/wp\/v2\/pages\/3026\/revisions\/6767"}],"wp:attachment":[{"href":"https:\/\/castellsimmerscom.com\/es\/wp-json\/wp\/v2\/media?parent=3026"}],"curies":[{"name":"wp","href":"https:\/\/api.w.org\/{rel}","templated":true}]}}