{"id":2784,"date":"2022-12-11T06:12:50","date_gmt":"2022-12-11T06:12:50","guid":{"rendered":"https:\/\/castellsimmerscom.com\/intermediate-b1-general-english-online-course\/"},"modified":"2025-01-10T18:00:52","modified_gmt":"2025-01-10T18:00:52","slug":"intermediate-b1-general-english-online-course","status":"publish","type":"page","link":"https:\/\/castellsimmerscom.com\/es\/intermediate-b1-general-english-online-course\/","title":{"rendered":"Intermediate (B1) General English Online Course"},"content":{"rendered":"<h1 style=\"color: rgb(0, 0, 0) !important; --tcb-applied-color: rgb(0, 0, 0)  !important;\">Intermediate (B1) General English Online Course<\/h1>\n<p style=\"color: rgb(0, 0, 0) !important; --tcb-applied-color: rgb(0, 0, 0)  !important;\">Todos nuestros cursos generales de ingl\u00e9s le proporcionan a nuestros estudiantes 12 meses de acceso ilimitado. Al comprar el curso, lo \u00fanico que necesitas hacer es crear una cuenta en nuestra plataforma de aprendizaje y nuestro equipo te inscribir\u00e1 en tu curso. La mayor\u00eda de nuestros cursos en l\u00ednea pueden completarse en 3 o 4 meses. Una vez que lo hayas terminado, puedes solicitar un certificado de finalizaci\u00f3n.<\/p>\n<p style=\"color: rgb(0, 0, 0) !important; --tcb-applied-color: rgb(0, 0, 0)  !important;\"><strong>1,492 estudiantes inscritos<\/strong><\/p>\n<p style=\"color: rgb(0, 0, 0) !important; --tcb-applied-color: rgb(0, 0, 0)  !important;\"><strong>\u00daltima actualizaci\u00f3n: 10\/2020<\/strong><\/p>\n<p style=\"color: rgb(0, 0, 0) !important; --tcb-applied-color: rgb(0, 0, 0)  !important;\"><strong>Creado por Andrew Ambrosius<\/strong><\/p>\n<ul style=\"\">\n<li style=\"\"><span style=\"\">Lenguaje: ingl\u00e9s<\/span><\/li>\n<li style=\"\"><span style=\"\">Duraci\u00f3n del curso: 8 - 10 semanas (incluye acceso ilimitado por 12 meses)<\/span><\/li>\n<li style=\"\"><span style=\"\">Dedicaci\u00f3n: 4 - 5 &nbsp;horas a la semana (aprendizaje a tu propio ritmo)<\/span><\/li>\n<\/ul>\n<p><span><img decoding=\"async\" alt=\"\" data-id=\"3612\" data-init-width=\"1920\" data-init-height=\"1071\" title=\"Smart_Consultation_Heroimg\" src=\"https:\/\/castellsimmerscom.com\/wp-content\/uploads\/2022\/12\/Smart_Consultation_Heroimg-1-1.jpg\" data-width=\"357\" data-height=\"199\" style=\"aspect-ratio: auto 1920 \/ 1071;\" width=\"357\" height=\"199\" loading=\"lazy\"><span style=\"\"><\/span><\/span><\/p>\n<p style=\"text-align: center;\">\u20ac199<\/p>\n<ul style=\"\">\n<li style=\"\"><span style=\"\">\u00a1Mejora tu ingl\u00e9s y obt\u00e9n tu certificaci\u00f3n!<\/span><\/li>\n<\/ul>\n<p style=\"text-align: center;\">Garant\u00eda de devoluci\u00f3n del dinero en 30 d\u00edas<\/p>\n<p style=\"\">Este curso incluye:<\/p>\n<ul style=\"\">\n<li style=\"\"><span style=\"\">12 meses de acceso<\/span><\/li>\n<li style=\"\"><span style=\"\">Lecciones en video y explicaciones<\/span><\/li>\n<li style=\"\"><span style=\"\">Ejercicios de lectura<\/span><\/li>\n<li style=\"\"><span style=\"\">Ejercicios de gram\u00e1tica<\/span><\/li>\n<li style=\"\"><span style=\"\">Comprensi\u00f3n auditiva &amp; pronunciaci\u00f3n<\/span><\/li>\n<li style=\"\"><span style=\"\">Vocabulario &amp; pr\u00e1ctica de pronunciaci\u00f3n<\/span><\/li>\n<li style=\"\"><span style=\"\">Lecciones en TED talks para mejorar la comprensi\u00f3n auditiva y oral<\/span><\/li>\n<li style=\"\"><span style=\"\">Certificado de finalizaci\u00f3n<\/span><\/li>\n<\/ul>\n<h2 style=\"\"><strong>Qu\u00e9 aprender\u00e1s<\/strong><\/h2>\n<ul style=\"\">\n<li style=\"\"><span style=\"\"><span>Aprende a expresarte sobre temas conocidos como familia, pasatiempos, trabajos, experiencias, ambiente, etc.<\/span><\/span><\/li>\n<li style=\"\"><span style=\"\"><span>Aprende una gran variedad de vocabulario para comunicarte en situaciones familiares cotidianas<\/span><\/span><\/li>\n<li style=\"\"><span style=\"\"><span>Aprende c\u00f3mo iniciar y mantener una conversaci\u00f3n simple cara a cara sobre temas que te interesan<\/span><\/span><\/li>\n<li style=\"\"><span style=\"\"><span>Aprende a comprender textos que contienen lenguaje cotidiano o relacionado con el trabajo y a escribir textos simples sobre temas conocidos<\/span><\/span><\/li>\n<\/ul>\n<ul style=\"\">\n<li style=\"\"><span style=\"\"><span>Aprende a comprender los puntos principales de un discurso simple \"est\u00e1ndar\" sobre temas conocidos<\/span><\/span><\/li>\n<li style=\"\"><span style=\"\"><span>Obt\u00e9n suficiente conocimiento del idioma para describir situaciones comunes y eventos, as\u00ed como para ser capaz de presentar los puntos principales de una idea<\/span><\/span><\/li>\n<li style=\"\"><span style=\"\"><span>Aprende a ser capaz de entender textos generales que expresan ideas de una manera clara y a escribir cartas personales que describan eventos, deseos y sentimientos<\/span><\/span><\/li>\n<\/ul>\n<h2>Introducci\u00f3n<\/h2>\n<p>Este curso se enfoca en 5 habilidades: pronunciaci\u00f3n, escritura, comprensi\u00f3n auditiva, lectura y gram\u00e1tica.Caracter\u00edsticas:<\/p>\n<ul>\n<li>12 lecciones en video<\/li>\n<li>TED talks<\/li>\n<li>Vocabulario para situaciones de la vida real sobre diferentes temas<\/li>\n<li>Escribir emails, reportes, rese\u00f1as, CV, descripciones, etc.<\/li>\n<li>Diferentes conceptos gramaticales para B1 usando situaciones de la vida real interesantes<\/li>\n<\/ul>\n<p>Nuestro curso en l\u00ednea te ayudar\u00e1 en tu viaje para crear una base s\u00f3lida del idioma ingl\u00e9s. Nuestro curso te permitir\u00e1 mejorar y aprender ingl\u00e9s de una manera significativa; te ayudar\u00e1 a sentirte m\u00e1s seguro y a comunicarte sin problemas con cada d\u00eda que pasa.Despu\u00e9s de terminar este curso ser\u00e1s capaz de:<\/p>\n<ul>\n<li>expresarte sobre temas conocidos como familia, pasatiempos, trabajos, experiencias, ambiente, etc.<\/li>\n<li>contar con una gran variedad de vocabulario para comunicarte en situaciones familiares cotidianas<\/li>\n<li>iniciar y mantener una conversaci\u00f3n simple cara a cara sobre temas que te interesan<\/li>\n<li>comprender textos que contienen lenguaje cotidiano o relacionado con el trabajo y a escribir textos simples sobre temas conocidos<\/li>\n<li>comprender los puntos principales de un discurso simple \"est\u00e1ndar\" sobre temas conocidos<\/li>\n<li>describir situaciones comunes y eventos, as\u00ed como &nbsp;presentar los puntos principales de una idea<\/li>\n<li>entender textos generales que expresan ideas de una manera clara y a escribir cartas personales que describan eventos, deseos y sentimientos<\/li>\n<\/ul>\n<h2 style=\"\"><strong>Lo que dicen nuestros alumnos<\/strong><\/h2>\n<h2>Opini\u00f3n destacada<\/h2>\n<p><span><img decoding=\"async\" alt=\"\" data-id=\"161\" title=\"paula-150x150\" src=\"https:\/\/castellsimmerscom.com\/wp-content\/uploads\/2022\/12\/paula-150x150-7-1.jpg\" style=\"aspect-ratio: auto 150 \/ 150;\" data-width=\"46\" data-height=\"46\" data-init-width=\"150\" data-init-height=\"150\" width=\"46\" height=\"46\" loading=\"lazy\"><\/span><\/p>\n<p style=\"\">Paula Perez<\/p>\n<p style=\"\">Tengo contacto con empresas internacionales y es muy com\u00fan que tenga que asistir a reuniones con personas extranjeras. As\u00ed que he intentado mejorar mi ingl\u00e9s con cursos online. Castells Immerscom me ha ayudado a mejorar en mi trabajo.<\/p>\n<h2><strong>Contenido del curso<\/strong><\/h2>\n<p>  <span><img decoding=\"async\" alt=\"\" data-id=\"1589\" title=\"ELE_6481_Bw_1080P-1\" src=\"https:\/\/castellsimmerscom.com\/wp-content\/uploads\/2022\/12\/ELE_6481_Bw_1080P-1-6-1.jpg\" style=\"aspect-ratio: auto 1080 \/ 717;\" data-width=\"170\" data-height=\"113\" data-init-width=\"1080\" data-init-height=\"717\" width=\"170\" height=\"113\" loading=\"lazy\"><\/span><\/p>\n<ul style=\"\">\n<li style=\"margin-bottom: 10px !important;\">  <span style=\"\"><span>4.8 evaluaci\u00f3n del instructor<\/span><\/span><\/li>\n<li style=\"margin-bottom: 10px !important;\">  <span style=\"\"><span>359 rese\u00f1as<\/span><\/span><\/li>\n<li style=\"margin-bottom: 10px !important;\">  <span style=\"\"><span>1,563 estudiantes<\/span><\/span><\/li>\n<li><span><span>M\u00e1s de 12 a\u00f1os de experiencia como coach<\/span><\/span><\/li>\n<\/ul>\n<h2 style=\"\"><strong>Andrew Ambrosius<\/strong><\/h2>\n<h3 style=\"\">FOUNDER, trainer and coach<\/h3>\n<p style=\"\">Hi, I\u2019m Andrew!I\u2019m often asked about my history and career as a business owner, trainer and coach, so I thought I would share that with you here\u2026<a href=\"https:\/\/theartofbusinessenglish.com\/about\/\" style=\"outline: none;\" data-tcb_hover_state_parent=\"\">&nbsp;Read more<\/a><a href=\"\/about\/\" style=\"outline: none;\"><\/a><\/p>\n<h3 style=\"\"><strong>Rese\u00f1as<\/strong><\/h3>\n<h2>Opiniones de alumnos<\/h2>\n<p style=\"text-align: center;\">4.8<\/p>\n<p style=\"text-align: center;\">Evaluaci\u00f3n del curso<\/p>\n<p><span><img decoding=\"async\" alt=\"\" data-id=\"159\" title=\"jordi-150x150\" src=\"https:\/\/castellsimmerscom.com\/wp-content\/uploads\/2022\/12\/jordi-150x150-7-1.jpg\" style=\"aspect-ratio: auto 150 \/ 150;\" data-width=\"50\" data-height=\"50\" data-init-width=\"150\" data-init-height=\"150\" width=\"50\" height=\"50\" loading=\"lazy\"><\/span><\/p>\n<p style=\"\">Jordi Pe\u00f1a<\/p>\n<p style=\"\">Muchas gracias por ayudarme a mejorar mi ingl\u00e9s de negocios. He aprendido muchas t\u00e9cnicas con estas clases de coaching.<\/p>\n<p><span><img decoding=\"async\" alt=\"\" data-id=\"157\" title=\"marta-150x150\" src=\"https:\/\/castellsimmerscom.com\/wp-content\/uploads\/2022\/12\/marta-150x150-7-1.jpg\" style=\"aspect-ratio: auto 150 \/ 150;\" data-width=\"50\" data-height=\"50\" data-init-width=\"150\" data-init-height=\"150\" width=\"50\" height=\"50\" loading=\"lazy\"><\/span><\/p>\n<p style=\"\">Marta Ribera<\/p>\n<p style=\"\">Si quieres tener una visi\u00f3n m\u00e1s amplia de la comunicaci\u00f3n global, Castells Immerscom es una de las mejores maneras de conseguirlo. \u00a1Muy recomendable!<\/p>\n<p><span><img decoding=\"async\" alt=\"\" data-id=\"161\" title=\"paula-150x150\" src=\"https:\/\/castellsimmerscom.com\/wp-content\/uploads\/2022\/12\/paula-150x150-7-1.jpg\" style=\"aspect-ratio: auto 150 \/ 150;\" data-width=\"50\" data-height=\"50\" data-init-width=\"150\" data-init-height=\"150\" width=\"50\" height=\"50\" loading=\"lazy\"><\/span><\/p>\n<p style=\"\">Paula Perez<\/p>\n<p style=\"\">Tengo contacto con empresas internacionales y es muy com\u00fan que tenga que asistir a reuniones con personas extranjeras. As\u00ed que he intentado mejorar mi ingl\u00e9s con cursos online. Castells Immerscom me ha ayudado a mejorar en mi trabajo.<\/p>\n","protected":false},"excerpt":{"rendered":"<p>Intermediate (B1) General English Online Course Todos nuestros cursos generales de ingl\u00e9s le proporcionan a nuestros estudiantes 12 meses de acceso ilimitado. Al comprar el curso, lo \u00fanico que necesitas hacer es crear una cuenta en nuestra plataforma de aprendizaje y nuestro equipo te inscribir\u00e1 en tu curso. La mayor\u00eda de nuestros cursos en l\u00ednea [&hellip;]<\/p>\n","protected":false},"author":1,"featured_media":0,"parent":0,"menu_order":0,"comment_status":"closed","ping_status":"closed","template":"","meta":{"productId":0,"courseId":0,"footnotes":""},"class_list":["post-2784","page","type-page","status-publish","hentry","post-wrapper","thrv_wrapper"],"_links":{"self":[{"href":"https:\/\/castellsimmerscom.com\/es\/wp-json\/wp\/v2\/pages\/2784","targetHints":{"allow":["GET"]}}],"collection":[{"href":"https:\/\/castellsimmerscom.com\/es\/wp-json\/wp\/v2\/pages"}],"about":[{"href":"https:\/\/castellsimmerscom.com\/es\/wp-json\/wp\/v2\/types\/page"}],"author":[{"embeddable":true,"href":"https:\/\/castellsimmerscom.com\/es\/wp-json\/wp\/v2\/users\/1"}],"replies":[{"embeddable":true,"href":"https:\/\/castellsimmerscom.com\/es\/wp-json\/wp\/v2\/comments?post=2784"}],"version-history":[{"count":6,"href":"https:\/\/castellsimmerscom.com\/es\/wp-json\/wp\/v2\/pages\/2784\/revisions"}],"predecessor-version":[{"id":6725,"href":"https:\/\/castellsimmerscom.com\/es\/wp-json\/wp\/v2\/pages\/2784\/revisions\/6725"}],"wp:attachment":[{"href":"https:\/\/castellsimmerscom.com\/es\/wp-json\/wp\/v2\/media?parent=2784"}],"curies":[{"name":"wp","href":"https:\/\/api.w.org\/{rel}","templated":true}]}}