{"id":2708,"date":"2022-12-10T12:41:51","date_gmt":"2022-12-10T12:41:51","guid":{"rendered":"https:\/\/castellsimmerscom.com\/excellence-in-email-writing\/"},"modified":"2025-01-13T18:42:01","modified_gmt":"2025-01-13T18:42:01","slug":"excellence-in-email-writing","status":"publish","type":"page","link":"https:\/\/castellsimmerscom.com\/es\/excellence-in-email-writing\/","title":{"rendered":"Excellence in Email Writing"},"content":{"rendered":"<h1 style=\"color: rgb(0, 0, 0) !important; --tcb-applied-color: rgb(0, 0, 0)  !important;\">Excellence in Email Writing<\/h1>\n<p style=\"color: rgb(0, 0, 0) !important; --tcb-applied-color: rgb(0, 0, 0)  !important;\">Este curso te ayudar\u00e1 a escribir excelentes correos electr\u00f3nicos con facilidad y a comunicarte eficazmente en tu trabajo con proveedores, clientes y colegas internacionales.Se trata de un curso corto, pero lleno de todo el conocimiento esencial que necesitar\u00e1s para escribir emails y que te proporcionar\u00e1 resultados r\u00e1pidos, adem\u00e1s de consejos pr\u00e1cticos.<\/p>\n<p style=\"color: rgb(0, 0, 0) !important; --tcb-applied-color: rgb(0, 0, 0)  !important;\"><strong>96 estudiantes inscritos<\/strong><\/p>\n<p style=\"color: rgb(0, 0, 0) !important; --tcb-applied-color: rgb(0, 0, 0)  !important;\"><strong>\u00daltima actualizaci\u00f3n: 10\/2020<\/strong><\/p>\n<p style=\"color: rgb(0, 0, 0) !important; --tcb-applied-color: rgb(0, 0, 0)  !important;\"><strong>Creado por Andrew Ambrosius<\/strong><\/p>\n<ul style=\"\">\n<li style=\"\"><span style=\"\">Lenguaje: ingl\u00e9s<\/span><\/li>\n<li style=\"\"><span style=\"\">Duraci\u00f3n del curso: 8 - 10 semanas (incluye acceso de por vida a todas las actualizaciones)<\/span><\/li>\n<li style=\"\"><span style=\"\">Dedicaci\u00f3n: 4 - 5 &nbsp;horas a la semana (aprendizaje a tu propio ritmo)<\/span><\/li>\n<\/ul>\n<p><span><img decoding=\"async\" alt=\"\" data-id=\"4151\" data-init-width=\"1200\" data-init-height=\"628\" title=\"AOBE-1200x628-emails\" src=\"https:\/\/castellsimmerscom.com\/wp-content\/uploads\/2022\/12\/AOBE-1200x628-emails-1.png\" data-width=\"357\" data-height=\"187\" style=\"aspect-ratio: auto 1200 \/ 628;\" loading=\"lazy\" width=\"357\" height=\"187\"><\/span><\/p>\n<p style=\"text-align: center;\"><strong>\u20ac1<\/strong>99,00<\/p>\n<ul style=\"\">\n<li style=\"\"><span style=\"\">El sistema completo para escribir correos electr\u00f3nicos de negocios altamente efectivos<\/span><\/li>\n<\/ul>\n<p style=\"text-align: center;\">Garant\u00eda de devoluci\u00f3n del dinero en 30 d\u00edas<\/p>\n<p style=\"\">ESTE CURSO INCLUYE:<\/p>\n<ul>\n<li style=\"\"><span style=\"\">Acceso de por vida<\/span><\/li>\n<li style=\"\"><span style=\"\">Lecciones en video de sesiones de coaching en vivo<\/span><\/li>\n<li style=\"\"><span style=\"\">Ejercicios y recursos descargables<\/span><\/li>\n<li style=\"\"><span style=\"\">Teor\u00eda, ejercicios pr\u00e1cticos y correcciones<\/span><\/li>\n<li style=\"\"><span style=\"\">Secretos para corregir la puntuaci\u00f3n<\/span><\/li>\n<li style=\"\"><span style=\"\">La lista completa A-Z de expresiones para estructurar tu correo electr\u00f3nico<\/span><\/li>\n<li style=\"\"><span style=\"\">Garant\u00eda de devoluci\u00f3n del dinero en 30 d\u00edas<\/span><\/li>\n<\/ul>\n<h2 style=\"\"><strong>Qu\u00e9 aprender\u00e1s<\/strong><\/h2>\n<ul style=\"\">\n<li style=\"\"><span style=\"\">Escribir un correo electr\u00f3nico con tu lector en mente<\/span><\/li>\n<li style=\"\"><span style=\"\">C\u00f3mo escribir una l\u00ednea de asunto eficaz<\/span><\/li>\n<li style=\"\"><span style=\"\">C\u00f3mo lograr que las personas abran tu email<\/span><\/li>\n<li style=\"\"><span style=\"\">Estructurar ideas y transmitir el mensaje central claramente<\/span><\/li>\n<\/ul>\n<ul style=\"\">\n<li style=\"\"><span style=\"\">Hacer que tus correos electr\u00f3nicos se vean bien y sean f\u00e1ciles de leer<\/span><\/li>\n<li style=\"\"><span style=\"\">C\u00f3mo usar el nivel adecuado de formalidad<\/span><\/li>\n<li style=\"\"><span style=\"\">Revisar tu email eficientemente para evitar errores vergonzosos<\/span><\/li>\n<li style=\"\"><span style=\"\">Las expresiones m\u00e1s comunes empleadas en los emails de negocios y, de manera m\u00e1s importante, cu\u00e1ndo utilizarlas<\/span><\/li>\n<\/ul>\n<h2 style=\"\">Introducci\u00f3n<\/h2>\n<p style=\"text-align: left;\"><strong>Explicado finalmente: el sistema completo para escribir correos electr\u00f3nicos de negocios altamente efectivosSi deseas habilidades de redacci\u00f3n de negocios reales y viables, si deseas escapar de la frustraci\u00f3n y la verg\u00fcenza de escribir correos electr\u00f3nicos confusos y mal redactados, entonces tomar un curso r\u00e1pido de redacci\u00f3n de emails dise\u00f1ado espec\u00edficamente para hablantes nativos de espa\u00f1ol es el camino a seguir.De hecho, seamos m\u00e1s espec\u00edficos: quiero mostrarte c\u00f3mo puedes escribir correos electr\u00f3nicos claros y concisos que transmitan f\u00e1cilmente las ideas y la formalidad necesarias para trabajar en ingl\u00e9s a nivel internacional.Puedes copiar de una lista de expresiones y oraciones fijas, \u00bfverdad? No requiere un nivel muy alto de ingl\u00e9s y es por eso que mi sistema te permitir\u00e1 escribir como un nativo en poco tiempo.Esa es la belleza de mi curso. Es breve, simple, directo al grano y est\u00e1 dise\u00f1ado espec\u00edficamente para hablantes nativos de espa\u00f1ol. Mi programa paso a paso te permitir\u00e1 escribir de forma eficaz de principio a fin.<\/strong><\/p>\n<h2 style=\"\"><strong>Lo que dicen nuestros alumnos<\/strong><\/h2>\n<h2 style=\"\">Opini\u00f3n destacada<\/h2>\n<p><span><img decoding=\"async\" alt=\"\" data-id=\"161\" title=\"paula-150x150\" src=\"https:\/\/castellsimmerscom.com\/wp-content\/uploads\/2022\/12\/paula-150x150-2-1.jpg\" style=\"aspect-ratio: auto 150 \/ 150;\" data-width=\"46\" data-height=\"46\" data-init-width=\"150\" data-init-height=\"150\" loading=\"lazy\" width=\"46\" height=\"46\"><\/span><\/p>\n<p style=\"\">Paula Perez<\/p>\n<p style=\"\">Tengo contacto con empresas internacionales y es muy com\u00fan que tenga que asistir a reuniones con personas extranjeras. As\u00ed que he intentado mejorar mi ingl\u00e9s con cursos online. Castells Immerscom me ha ayudado a mejorar en mi trabajo.<\/p>\n<h2 style=\"\"><strong>Course Content<\/strong><\/h2>\n<p>  <span><img decoding=\"async\" alt=\"\" data-id=\"1589\" title=\"ELE_6481_Bw_1080P-1\" src=\"https:\/\/castellsimmerscom.com\/wp-content\/uploads\/2022\/12\/ELE_6481_Bw_1080P-1-1-2.jpg\" style=\"aspect-ratio: auto 1080 \/ 717;\" data-width=\"170\" data-height=\"113\" data-init-width=\"1080\" data-init-height=\"717\" loading=\"lazy\" width=\"170\" height=\"113\"><\/span><\/p>\n<ul style=\"\">\n<li style=\"margin-bottom: 10px !important;\">  <span style=\"\">4.8 evaluaci\u00f3n del instructor<\/span><\/li>\n<li style=\"margin-bottom: 10px !important;\">  <span style=\"\">359 rese\u00f1as<\/span><\/li>\n<li style=\"margin-bottom: 10px !important;\">  <span style=\"\">1,563 estudiantes<\/span><\/li>\n<li><span>M\u00e1s de 12 a\u00f1os de experiencia como coach<\/span><\/li>\n<\/ul>\n<h2 style=\"\"><strong>Andrew Ambrosius<\/strong><\/h2>\n<h3 style=\"\">FOUNDER, trainer and coach<\/h3>\n<p style=\"\">Hi, I\u2019m Andrew!I\u2019m often asked about my history and career as a business owner, trainer and coach, so I thought I would share that with you here\u2026<a href=\"https:\/\/theartofbusinessenglish.com\/about\/\" style=\"outline: none;\" data-tcb_hover_state_parent=\"\">&nbsp;Read more<\/a><a href=\"\/about\/\" style=\"outline: none;\"><\/a><\/p>\n<h3 style=\"\"><strong>Rese\u00f1as<\/strong><\/h3>\n<h2 style=\"\">Opiniones de alumnos<\/h2>\n<p style=\"text-align: center;\">4.8<\/p>\n<p style=\"text-align: center;\">Evaluaci\u00f3n del curso<\/p>\n<p><span><img decoding=\"async\" alt=\"\" data-id=\"159\" title=\"jordi-150x150\" src=\"https:\/\/castellsimmerscom.com\/wp-content\/uploads\/2022\/12\/jordi-150x150-2-1.jpg\" style=\"aspect-ratio: auto 150 \/ 150;\" data-width=\"50\" data-height=\"50\" data-init-width=\"150\" data-init-height=\"150\" loading=\"lazy\" width=\"50\" height=\"50\"><\/span><\/p>\n<p style=\"\">Jordi Pe\u00f1a<\/p>\n<p style=\"\">Muchas gracias por ayudarme a mejorar mi ingl\u00e9s de negocios. He aprendido muchas t\u00e9cnicas con estas clases de coaching.<\/p>\n<p><span><img decoding=\"async\" alt=\"\" data-id=\"157\" title=\"marta-150x150\" src=\"https:\/\/castellsimmerscom.com\/wp-content\/uploads\/2022\/12\/marta-150x150-2-1.jpg\" style=\"aspect-ratio: auto 150 \/ 150;\" data-width=\"50\" data-height=\"50\" data-init-width=\"150\" data-init-height=\"150\" loading=\"lazy\" width=\"50\" height=\"50\"><\/span><\/p>\n<p style=\"\">Marta Ribera<\/p>\n<p style=\"\">Si quieres tener una visi\u00f3n m\u00e1s amplia de la comunicaci\u00f3n global, Castells Immerscom es una de las mejores maneras de conseguirlo. \u00a1Muy recomendable!<\/p>\n<p><span><img decoding=\"async\" alt=\"\" data-id=\"161\" title=\"paula-150x150\" src=\"https:\/\/castellsimmerscom.com\/wp-content\/uploads\/2022\/12\/paula-150x150-2-1.jpg\" style=\"aspect-ratio: auto 150 \/ 150;\" data-width=\"50\" data-height=\"50\" data-init-width=\"150\" data-init-height=\"150\" loading=\"lazy\" width=\"50\" height=\"50\"><\/span><\/p>\n<p style=\"\">Paula Perez<\/p>\n<p style=\"\">Tengo contacto con empresas internacionales y es muy com\u00fan que tenga que asistir a reuniones con personas extranjeras. As\u00ed que he intentado mejorar mi ingl\u00e9s con cursos online. Castells Immerscom me ha ayudado a mejorar en mi trabajo.<\/p>\n","protected":false},"excerpt":{"rendered":"<p>Excellence in Email Writing Este curso te ayudar\u00e1 a escribir excelentes correos electr\u00f3nicos con facilidad y a comunicarte eficazmente en tu trabajo con proveedores, clientes y colegas internacionales.Se trata de un curso corto, pero lleno de todo el conocimiento esencial que necesitar\u00e1s para escribir emails y que te proporcionar\u00e1 resultados r\u00e1pidos, adem\u00e1s de consejos pr\u00e1cticos. [&hellip;]<\/p>\n","protected":false},"author":1,"featured_media":0,"parent":0,"menu_order":0,"comment_status":"closed","ping_status":"closed","template":"","meta":{"productId":0,"courseId":0,"footnotes":""},"class_list":["post-2708","page","type-page","status-publish","hentry","post-wrapper","thrv_wrapper"],"_links":{"self":[{"href":"https:\/\/castellsimmerscom.com\/es\/wp-json\/wp\/v2\/pages\/2708","targetHints":{"allow":["GET"]}}],"collection":[{"href":"https:\/\/castellsimmerscom.com\/es\/wp-json\/wp\/v2\/pages"}],"about":[{"href":"https:\/\/castellsimmerscom.com\/es\/wp-json\/wp\/v2\/types\/page"}],"author":[{"embeddable":true,"href":"https:\/\/castellsimmerscom.com\/es\/wp-json\/wp\/v2\/users\/1"}],"replies":[{"embeddable":true,"href":"https:\/\/castellsimmerscom.com\/es\/wp-json\/wp\/v2\/comments?post=2708"}],"version-history":[{"count":6,"href":"https:\/\/castellsimmerscom.com\/es\/wp-json\/wp\/v2\/pages\/2708\/revisions"}],"predecessor-version":[{"id":6737,"href":"https:\/\/castellsimmerscom.com\/es\/wp-json\/wp\/v2\/pages\/2708\/revisions\/6737"}],"wp:attachment":[{"href":"https:\/\/castellsimmerscom.com\/es\/wp-json\/wp\/v2\/media?parent=2708"}],"curies":[{"name":"wp","href":"https:\/\/api.w.org\/{rel}","templated":true}]}}