{"id":2654,"date":"2022-12-10T11:10:48","date_gmt":"2022-12-10T11:10:48","guid":{"rendered":"https:\/\/castellsimmerscom.com\/english-for-young-children\/"},"modified":"2022-12-10T11:15:28","modified_gmt":"2022-12-10T11:15:28","slug":"ingles-para-los-mas-pequenos","status":"publish","type":"page","link":"https:\/\/castellsimmerscom.com\/es\/ingles-para-los-mas-pequenos\/","title":{"rendered":"Ingl\u00e9s para los m\u00e1s peque\u00f1os"},"content":{"rendered":"<p><span style=\"\"><img decoding=\"async\" alt=\"\" data-id=\"531\" data-init-width=\"1920\" data-init-height=\"1080\" title=\"Happy siblings using digital tablet in kitchen\" src=\"https:\/\/castellsimmerscom.com\/wp-content\/uploads\/2022\/12\/English-For-Kids-1.jpg\" data-width=\"891\" data-height=\"501\" style=\"\" ml-d=\"-199\" center-h-d=\"false\" loading=\"lazy\" width=\"891\" height=\"501\"><\/span><\/p>\n<h6 style=\"\">Metodolog\u00eda para cursos de ingl\u00e9s para ni\u00f1os y ni\u00f1as<\/h6>\n<p style=\"\">En Castells Immerscom School of English ofrecemos clases en Manresa a ni\u00f1os y ni\u00f1as a partir de 1\u00ba de primaria. Ofrecemos grupos peque\u00f1os con maestros nativos y de nivel excelente. Nuestra metodolog\u00eda incorpora la \u00faltima tecnolog\u00eda, lo que nos permite ofrecer clases din\u00e1micas, emocionantes y divertidas donde los ni\u00f1os aprenden su nuevo idioma de una manera divertida y natural.Los cursos de Wombats, Koalas, Kangaroos y&nbsp; Crocs est\u00e1n pensados para ni\u00f1os y ni\u00f1as desde 1\u00ba de primaria hasta 4\u00ba de primaria. Se trata del primer bloque de nuestra escuela donde empezamos a trabajar la estructura gramatical del ingl\u00e9s mediante proyectos trimestrales. Utilizamos la t\u00e9cnica Zoom in,&nbsp;es decir, empezamos con el universo en Wombats, hacemos un viaja hasta el planeta Tierra, sus continentes, pa\u00edses, gente,... y terminamos con los distintos movimientos art\u00edsticos y pintores de renombre con los Crocs. Ense\u00f1amos ingl\u00e9s junto con cultura para que tengan consciencia del mundo en el que viven y su gran diversidad. <\/p>\n<h4 style=\"text-align: center;\">Wombats - 1\u00ba de primaria<\/h4>\n<h4 style=\"text-align: center;\"><a href=\"\" style=\"outline: none;\">Koalas - 2\u00ba de primaria<\/a><\/h4>\n<h4 style=\"text-align: center;\"><a href=\"\" style=\"outline: none;\">Kangaroos - 3\u00ba de primaria<\/a><\/h4>\n<h4 style=\"text-align: center;\"><a href=\"\" style=\"outline: none;\">Crocs - 4\u00ba de primaria<\/a><\/h4>\n<p><strong>A continuaci\u00f3n encontrar\u00e1s los diferentes cursos para ni\u00f1os y ni\u00f1as desde 1\u00ba de primaria hasta 4\u00ba de primaria.<\/strong><\/p>\n<p style=\"\">\n<p style=\"\">Los m\u00e1s peque\u00f1os de la academia empiezan su aprendizaje con los planetas, el sistema solar y un viaje a trav\u00e9s de los pueblos que habitan la Tierra. Todo esto mientras aprenden el nombre de los objetos que los rodean, y empiezan a hacer sus primeras frases y preguntas en ingl\u00e9s.<\/p>\n<p style=\"\">Veremos las culturas y fiestas que hay alrededor del mundo, su gente y sus casas. Tambi\u00e9n continuaremos aprendiendo vocabulario para describir nuestro entorno, as\u00ed como empezaremos hacer preguntas y contestarlas en ingl\u00e9s.<\/p>\n<p style=\"\">Describir a tu familia, decir la hora o explicar tus aficiones, todo esto y m\u00e1s aprenderemos mientras continuamos ampliando nuestro vocabulario y nuestras estructuras. Adem\u00e1s, descubriremos el reino animal y hablaremos de nuestros animales preferidos.<\/p>\n<p style=\"\">\u00daltimo curso de Elemental antes de empezar preparatoria. Aprenderemos el presente simple, el continuous y el futuro mientras descubrimos el mundo del arte y como expresar nuestros deseos.<\/p>\n<h3 style=\"\">Puedes empezar HOY, \u00a1ll\u00e1manos!<\/h3>\n<p style=\"text-align: center;\">Castells Immerscom SL le informa que los datos de car\u00e1cter personal que nos proporciona rellenando el presente formulario ser\u00e1n tratadas por Casetells Immerscom SL como responsable de esta web. La finalidad de la recogida y tratamiento de los datos personales que te solicitamos es para enviarte nuestra promoci\u00f3n de servicios y recursos exclusivos. La legitimaci\u00f3n se realiza a trav\u00e9s del consentimiento expreso del interesado. Te informamos que los datos que nos facilitas estar\u00e1n ubicados en los servidores de TD Web Services. El hecho de que no introduzcas los datos de car\u00e1cter personal como obligatorio podr\u00e1 tener como consecuencia que no podamos atender a tu solicitud. Puedes consultar la informaci\u00f3n adicional y detallada sobre protecci\u00f3n de datos en nuestra p\u00e1gina web https:\/\/www.castellsimmerscom.com\/, as\u00ed como nuestra Pol\u00edtica de Privacidad<\/p>\n","protected":false},"excerpt":{"rendered":"<p>Metodolog\u00eda para cursos de ingl\u00e9s para ni\u00f1os y ni\u00f1as En Castells Immerscom School of English ofrecemos clases en Manresa a ni\u00f1os y ni\u00f1as a partir de 1\u00ba de primaria. Ofrecemos grupos peque\u00f1os con maestros nativos y de nivel excelente. Nuestra metodolog\u00eda incorpora la \u00faltima tecnolog\u00eda, lo que nos permite ofrecer clases din\u00e1micas, emocionantes y divertidas [&hellip;]<\/p>\n","protected":false},"author":1,"featured_media":0,"parent":0,"menu_order":0,"comment_status":"closed","ping_status":"closed","template":"","meta":{"productId":0,"courseId":0,"footnotes":""},"class_list":["post-2654","page","type-page","status-publish","hentry","post-wrapper","thrv_wrapper"],"_links":{"self":[{"href":"https:\/\/castellsimmerscom.com\/es\/wp-json\/wp\/v2\/pages\/2654","targetHints":{"allow":["GET"]}}],"collection":[{"href":"https:\/\/castellsimmerscom.com\/es\/wp-json\/wp\/v2\/pages"}],"about":[{"href":"https:\/\/castellsimmerscom.com\/es\/wp-json\/wp\/v2\/types\/page"}],"author":[{"embeddable":true,"href":"https:\/\/castellsimmerscom.com\/es\/wp-json\/wp\/v2\/users\/1"}],"replies":[{"embeddable":true,"href":"https:\/\/castellsimmerscom.com\/es\/wp-json\/wp\/v2\/comments?post=2654"}],"version-history":[{"count":3,"href":"https:\/\/castellsimmerscom.com\/es\/wp-json\/wp\/v2\/pages\/2654\/revisions"}],"predecessor-version":[{"id":2679,"href":"https:\/\/castellsimmerscom.com\/es\/wp-json\/wp\/v2\/pages\/2654\/revisions\/2679"}],"wp:attachment":[{"href":"https:\/\/castellsimmerscom.com\/es\/wp-json\/wp\/v2\/media?parent=2654"}],"curies":[{"name":"wp","href":"https:\/\/api.w.org\/{rel}","templated":true}]}}