{"id":2601,"date":"2022-12-10T10:50:30","date_gmt":"2022-12-10T10:50:30","guid":{"rendered":"https:\/\/castellsimmerscom.com\/english-for-young-adults\/"},"modified":"2022-12-10T10:55:20","modified_gmt":"2022-12-10T10:55:20","slug":"ingles-para-jovenes","status":"publish","type":"page","link":"https:\/\/castellsimmerscom.com\/es\/ingles-para-jovenes\/","title":{"rendered":"Ingl\u00e9s para j\u00f3venes\u00a0adults"},"content":{"rendered":"<p><span style=\"\"><img decoding=\"async\" alt=\"\" data-id=\"518\" data-init-width=\"1080\" data-init-height=\"720\" title=\"Portrait of a smiling casual girl student with backpack writing in a notepad while standing with books isolated over white background\" src=\"https:\/\/castellsimmerscom.com\/wp-content\/uploads\/2022\/12\/young-adult-1.jpg\" data-width=\"675\" data-height=\"450\" style=\"\" ml-d=\"-161\" center-h-d=\"false\" mt-d=\"0\" loading=\"lazy\" width=\"675\" height=\"450\"><\/span><\/p>\n<p>Portrait of a smiling girl student with backpack writing in a notepad while standing with books isolated over white background<\/p>\n<h6 style=\"\">Cursos para j\u00f3venes y adultos de Cambridge Advanced y Proficiency Certificate <\/h6>\n<p style=\"\">Dise\u00f1ado espec\u00edficamente para adolescentes y j\u00f3venes, que est\u00e9n en 1\u00ba o 2\u00ba de Bachiller o estudiantes universitarios. Tanto el Cambridge Advanced Certificate in English (C1) como el Cambridge Proficiency in English Certificate (C2) son cursos de preparaci\u00f3n de dos a\u00f1os, ambos finalizan con un curso intensivo en los meses de julio o septiembre.Desde nuestra academia, se anima a los estudiantes que sobresalen dentro del entorno de aprendizaje de Castells Immerscom a que tomen cualquiera de estos certificados en solo un a\u00f1o. Cada a\u00f1o, Castells Immerscom presenta una gran cantidad de estudiantes para estos ex\u00e1menes y logramos constantemente una tasa de aprobados del 100% para el CPE y una tasa de aprobados del 90% para el CAE.El contenido del curso se centra en garantizar que los estudiantes tengan las habilidades ling\u00fc\u00edsticas y comunicativas necesarias para trabajar en cualquier entorno de habla inglesa con hablantes nativos. Tanto las certificaciones CAE como CPE permiten a los estudiantes vivir, estudiar y trabajar en cualquier pa\u00eds donde se hable ingl\u00e9s como primer idioma.Por \u00faltimo, se requiere un nivel C1 para quienes deseen realizar un m\u00e1ster en las mejores universidades de Espa\u00f1a o para quienes deseen vivir y estudiar en el extranjero en pa\u00edses de habla inglesa.<\/p>\n<p \"=\"\" tve-droppable\"=\"\">El Cambridge Advanced Certificate in English es un t\u00edtulo de ingl\u00e9s general que demuestra que tu ingl\u00e9s es del nivel que se espera de un profesional de negocios o de un estudiante universitario.\u00bfQUI\u00c9N DEBE HACER EL CAE?Debe hacer el CAE si deseas demostrar a empresas o universidades que puedes comunicarte con confianza en ingl\u00e9s en situaciones profesionales y acad\u00e9micas de alto nivel. Para realizar el examen, debes poder:<\/p>\n<ol>\n<li \"=\"\" tve-droppable\"=\"\">redactar informes y correos electr\u00f3nicos complejos y tomar notas en reuniones o conferencias<\/li>\n<li \"=\"\" tve-droppable\"=\"\">hacer presentaciones sobre ideas complicadas en ingl\u00e9s<\/li>\n<li \"=\"\" tve-droppable\"=\"\">comprender una variedad de textos, desde la ficci\u00f3n hasta los art\u00edculos de opini\u00f3n de los peri\u00f3dicos.El certificado de Cambridge Certificate of Proficiency in English (CPE) demuestra que dominas el ingl\u00e9s y puedes usarlo con fluidez en situaciones de investigaci\u00f3n, acad\u00e9micas y profesionales exigentes. Esta es la calificaci\u00f3n m\u00e1s alta de Cambridge English.\u00bfQUI\u00c9N DEBE HACER EL CPE?Debes realizar el CPE si deseas demostrar a las empresas que puedes utilizar el ingl\u00e9s a nivel de alta direcci\u00f3n, o si deseas estudiar a nivel de posgrado o doctorado en una universidad de habla inglesa.Para realizar el examen, debes poder:\n<ul>\n<li>Entender casi todo lo que escuchas o lees en ingl\u00e9s<\/li>\n<li>usar y comprender el lenguaje formal, acad\u00e9mico y coloquial<\/li>\n<li>negociar, argumentar y discutir los problemas sutiles de temas complejos.<\/li>\n<\/ul>\n<\/li>\n<\/ol>\n<p><span style=\"\"><img decoding=\"async\" alt=\"\" data-id=\"519\" data-init-width=\"1080\" data-init-height=\"720\" title=\"Beautiful young woman pointing up over white background.\" src=\"https:\/\/castellsimmerscom.com\/wp-content\/uploads\/2022\/12\/7744-1.jpg\" data-width=\"928\" data-height=\"619\" style=\"\" ml-d=\"-354\" center-h-d=\"false\" mt-d=\"0\" loading=\"lazy\" width=\"928\" height=\"619\"><\/span><\/p>\n<p style=\"\">Cambridge Advanced Certificate in English (CAE)<\/p>\n<p style=\"\">Cambridge Certificate of Proficiency in English (CPE)<\/p>\n","protected":false},"excerpt":{"rendered":"<p>Portrait of a smiling girl student with backpack writing in a notepad while standing with books isolated over white background Cursos para j\u00f3venes y adultos de Cambridge Advanced y Proficiency Certificate Dise\u00f1ado espec\u00edficamente para adolescentes y j\u00f3venes, que est\u00e9n en 1\u00ba o 2\u00ba de Bachiller o estudiantes universitarios. Tanto el Cambridge Advanced Certificate in English [&hellip;]<\/p>\n","protected":false},"author":1,"featured_media":0,"parent":0,"menu_order":0,"comment_status":"closed","ping_status":"closed","template":"","meta":{"productId":0,"courseId":0,"footnotes":""},"class_list":["post-2601","page","type-page","status-publish","hentry","post-wrapper","thrv_wrapper"],"_links":{"self":[{"href":"https:\/\/castellsimmerscom.com\/es\/wp-json\/wp\/v2\/pages\/2601","targetHints":{"allow":["GET"]}}],"collection":[{"href":"https:\/\/castellsimmerscom.com\/es\/wp-json\/wp\/v2\/pages"}],"about":[{"href":"https:\/\/castellsimmerscom.com\/es\/wp-json\/wp\/v2\/types\/page"}],"author":[{"embeddable":true,"href":"https:\/\/castellsimmerscom.com\/es\/wp-json\/wp\/v2\/users\/1"}],"replies":[{"embeddable":true,"href":"https:\/\/castellsimmerscom.com\/es\/wp-json\/wp\/v2\/comments?post=2601"}],"version-history":[{"count":3,"href":"https:\/\/castellsimmerscom.com\/es\/wp-json\/wp\/v2\/pages\/2601\/revisions"}],"predecessor-version":[{"id":2623,"href":"https:\/\/castellsimmerscom.com\/es\/wp-json\/wp\/v2\/pages\/2601\/revisions\/2623"}],"wp:attachment":[{"href":"https:\/\/castellsimmerscom.com\/es\/wp-json\/wp\/v2\/media?parent=2601"}],"curies":[{"name":"wp","href":"https:\/\/api.w.org\/{rel}","templated":true}]}}