{"id":2543,"date":"2022-12-08T13:02:29","date_gmt":"2022-12-08T13:02:29","guid":{"rendered":"https:\/\/castellsimmerscom.com\/english-for-teens\/"},"modified":"2023-01-25T10:38:37","modified_gmt":"2023-01-25T10:38:37","slug":"ingles-para-adolescentes","status":"publish","type":"page","link":"https:\/\/castellsimmerscom.com\/es\/ingles-para-adolescentes\/","title":{"rendered":"Ingl\u00e9s para adolescentes"},"content":{"rendered":"<p><span style=\"\"><img decoding=\"async\" alt=\"\" data-id=\"504\" data-init-width=\"1080\" data-init-height=\"768\" title=\"teens\" src=\"https:\/\/castellsimmerscom.com\/wp-content\/uploads\/2022\/12\/teens-1.jpg\" data-width=\"675\" data-height=\"480\" style=\"\" ml-d=\"-225\" center-h-d=\"false\" mt-d=\"0\" loading=\"lazy\" width=\"675\" height=\"480\"><\/span><\/p>\n<h6 style=\"\">Curso preparaci\u00f3n Cambridge First Certificate para adolescentes <\/h6>\n<p style=\"\">Dise\u00f1ado espec\u00edficamente para adolescentes, que est\u00e1n en la ESO o el Bachillerato, es un ciclo de dos a\u00f1os en el que los alumnos est\u00e1n rigurosamente preparados para obtener y superar el Cambridge First Certificate in English (B2). El curso se completa con un curso intensivo de un mes para los estudiantes, ya sea en julio o en septiembre, con el fin de prepararlos completamente para el examen.Los estudiantes que destacan en el ambiente de aprendizaje de Castells Immerscom son animados a presentarse al FCE en s\u00f3lo un a\u00f1o. Cada a\u00f1o presentamos un gran n\u00famero de estudiantes para este examen y constantemente logramos 85-90% de aprobados.El contenido del curso se centra en el desarrollo de las habilidades del estudiante bas\u00e1ndonos en la gram\u00e1tica y las habilidades de escritura aprendidas en el curso \"Tercer\". En Castells Immerscom nos centramos en el desarrollo de las habilidades comunicativas en ingl\u00e9s y en las cinco \u00e1reas de conocimiento: expresi\u00f3n oral y escrita, gram\u00e1tica, comprensi\u00f3n oral y comprensi\u00f3n lectora.Por \u00faltimo, el nivel B2 es necesario &nbsp;para todos los estudiantes que deseen graduarse en la universidad en Espa\u00f1a y este certificado es un paso natural para aquellos que deseen seguir obteniendo un nivel avanzado de ingl\u00e9s C1.<\/p>\n<p style=\"\">B2 First, antes conocido como Cambridge English: First (FCE), es uno de nuestros t\u00edtulos de ingl\u00e9s de Cambridge. Es nuestro examen m\u00e1s popular, aceptado por miles de empresas e instituciones educativas de todo el mundo.Una calificaci\u00f3n de B2 First demuestra que tiene las habilidades ling\u00fc\u00edsticas para vivir y trabajar de forma independiente en un pa\u00eds de habla inglesa o estudiar en cursos impartidos en ingl\u00e9s.<strong>\u00bfQui\u00e9n deber\u00eda hacer el examen?<\/strong><\/p>\n<p style=\"\"><strong><\/strong>Debes prepararte para el FCE si quieres trabajar en un negocio de habla inglesa, vivir en un pa\u00eds de habla inglesa o estudiar un curso de nivel b\u00e1sico o preuniversitario impartido en ingl\u00e9s. Para hacer el examen deber\u00edas ser capaz de:1. escribir informes cortos y correos electr\u00f3nicos2. explicar una idea o tener una discusi\u00f3n detallada en ingl\u00e9s3. entender el ingl\u00e9s general en la televisi\u00f3n y en los peri\u00f3dicos.<\/p>\n<p><span style=\"\"><img decoding=\"async\" alt=\"\" data-id=\"505\" data-init-width=\"2048\" data-init-height=\"1365\" title=\"Teenager\" src=\"https:\/\/castellsimmerscom.com\/wp-content\/uploads\/2022\/12\/Teenager-1.jpg\" data-width=\"696\" data-height=\"464\" style=\"\" ml-d=\"-177\" center-h-d=\"false\" mt-d=\"0\" loading=\"lazy\" width=\"696\" height=\"464\"><\/span><span><img decoding=\"async\" alt=\"\" data-id=\"2552\" data-init-width=\"524\" data-init-height=\"350\" title=\"FCE1\" src=\"https:\/\/castellsimmerscom.com\/wp-content\/uploads\/2022\/12\/FCE1-1.jpg\" data-width=\"350\" loading=\"lazy\" width=\"350\" height=\"350\"><\/span><\/p>\n<p style=\"\">First Certificate Trainer Year 1<\/p>\n<p><span><img decoding=\"async\" alt=\"\" data-id=\"2530\" data-init-width=\"524\" data-init-height=\"350\" title=\"FCE2\" src=\"https:\/\/castellsimmerscom.com\/wp-content\/uploads\/2022\/12\/FCE2.jpg\" data-width=\"303\" loading=\"lazy\" width=\"303\" height=\"350\"><\/span><\/p>\n<p style=\"\">First Certificate Year 2<\/p>\n<p><span><img decoding=\"async\" alt=\"\" data-id=\"1004\" data-init-width=\"525\" data-init-height=\"350\" title=\"FCE-intensive-course\" src=\"https:\/\/castellsimmerscom.com\/wp-content\/uploads\/2022\/08\/FCE-intensive-course.jpg\" data-width=\"303\" loading=\"lazy\" width=\"303\" height=\"350\"><\/span><\/p>\n<p>First Certificate Intensive Course<\/p>\n","protected":false},"excerpt":{"rendered":"<p>Curso preparaci\u00f3n Cambridge First Certificate para adolescentes Dise\u00f1ado espec\u00edficamente para adolescentes, que est\u00e1n en la ESO o el Bachillerato, es un ciclo de dos a\u00f1os en el que los alumnos est\u00e1n rigurosamente preparados para obtener y superar el Cambridge First Certificate in English (B2). El curso se completa con un curso intensivo de un mes [&hellip;]<\/p>\n","protected":false},"author":1,"featured_media":0,"parent":0,"menu_order":0,"comment_status":"closed","ping_status":"closed","template":"","meta":{"productId":0,"courseId":0,"footnotes":""},"class_list":["post-2543","page","type-page","status-publish","hentry","post-wrapper","thrv_wrapper"],"_links":{"self":[{"href":"https:\/\/castellsimmerscom.com\/es\/wp-json\/wp\/v2\/pages\/2543","targetHints":{"allow":["GET"]}}],"collection":[{"href":"https:\/\/castellsimmerscom.com\/es\/wp-json\/wp\/v2\/pages"}],"about":[{"href":"https:\/\/castellsimmerscom.com\/es\/wp-json\/wp\/v2\/types\/page"}],"author":[{"embeddable":true,"href":"https:\/\/castellsimmerscom.com\/es\/wp-json\/wp\/v2\/users\/1"}],"replies":[{"embeddable":true,"href":"https:\/\/castellsimmerscom.com\/es\/wp-json\/wp\/v2\/comments?post=2543"}],"version-history":[{"count":16,"href":"https:\/\/castellsimmerscom.com\/es\/wp-json\/wp\/v2\/pages\/2543\/revisions"}],"predecessor-version":[{"id":3834,"href":"https:\/\/castellsimmerscom.com\/es\/wp-json\/wp\/v2\/pages\/2543\/revisions\/3834"}],"wp:attachment":[{"href":"https:\/\/castellsimmerscom.com\/es\/wp-json\/wp\/v2\/media?parent=2543"}],"curies":[{"name":"wp","href":"https:\/\/api.w.org\/{rel}","templated":true}]}}