{"id":2482,"date":"2022-12-08T12:47:20","date_gmt":"2022-12-08T12:47:20","guid":{"rendered":"https:\/\/castellsimmerscom.com\/english-for-children\/"},"modified":"2022-12-08T12:52:20","modified_gmt":"2022-12-08T12:52:20","slug":"ingles-para-ninos","status":"publish","type":"page","link":"https:\/\/castellsimmerscom.com\/es\/ingles-para-ninos\/","title":{"rendered":"Ingl\u00e9s para ni\u00f1os y ni\u00f1as"},"content":{"rendered":"<p><span style=\"\"><img decoding=\"async\" alt=\"\" data-id=\"490\" data-init-width=\"1080\" data-init-height=\"607\" title=\"318871-P92O5X-695\" src=\"https:\/\/castellsimmerscom.com\/wp-content\/uploads\/2022\/12\/318871-P92O5X-695-3.jpg\" data-width=\"675\" data-height=\"379\" style=\"\" ml-d=\"0\" center-h-d=\"false\" loading=\"lazy\" width=\"675\" height=\"379\"><\/span><\/p>\n<h6 style=\"\">Metodolog\u00eda para cursos de ingl\u00e9s para ni\u00f1os y ni\u00f1as<\/h6>\n<p style=\"\">Hemos desarrollado nuestro propio sistema para ense\u00f1ar ingl\u00e9s a los ni\u00f1os de una manera divertida, din\u00e1mica y atractiva que los anima a aprender y comprender el mundo que los rodea.Con la ayuda de aprendizaje de National Geographic y CENGAGE, abrimos los ojos de los estudiantes a las maravillas del mundo en el que viven, y en el contexto del ingl\u00e9s. Con este enfoque de la ense\u00f1anza alentamos a los estudiantes a viajar, explorar y aprender m\u00e1s sobre la movilidad en un mundo globalizado.Nuestros profesores son nativos y expertos en la ense\u00f1anza de idiomas a los ni\u00f1os. Hemos adaptado todas nuestras clases al nivel de cada a\u00f1o y trabajamos en la mejora de las cinco \u00e1reas claves para aprender un segundo idioma. Con un enfoque personalizado y amigable para cada uno de nuestros estudiantes, aprenden de una manera c\u00f3moda y segura.<\/p>\n<p>Si quieres que tus hijos aprendan ingl\u00e9s de por vida aqu\u00ed en nuestro centro en Manresa, ten en cuenta que hay cuatro niveles antes de llegar al curso de preparaci\u00f3n First Certificate (FCE). Tambi\u00e9n ofrecemos clases privadas para ni\u00f1os que tienen necesidades espec\u00edficas de aprendizaje.<\/p>\n<ul>\n<li>Preparatoria: 5\u00ba de primaria<\/li>\n<li>Primero: 6\u00ba de primaria<\/li>\n<li>Segundo: 1\u00ba ESO<\/li>\n<li>Tercero: 2\u00ba ESO<\/li>\n<li>Clases privadas<\/li>\n<\/ul>\n<p tve-droppable\"=\"\" \"=\"\">En Castells Immerscom ofrecemos la posibilidad de asistir a nuestras clases de manera presencial u online. Tambi\u00e9n se complementa el aprendizaje con material extra en el campus. <\/p>\n<p><span style=\"\"><img decoding=\"async\" alt=\"\" data-id=\"491\" data-init-width=\"1080\" data-init-height=\"720\" title=\"Kids raising hands\" src=\"https:\/\/castellsimmerscom.com\/wp-content\/uploads\/2022\/12\/15843-1080p-1.jpg\" data-width=\"538\" data-height=\"359\" style=\"\" ml-d=\"-77.75\" center-h-d=\"false\" mt-d=\"0\" loading=\"lazy\" width=\"538\" height=\"359\"><\/span><\/p>\n<p style=\"\">Preparat\u00f2ria: 5\u00e8 de prim\u00e0ria <\/p>\n<p style=\"\">Primer: 6\u00e8 de prim\u00e0ria<\/p>\n<p>Segon: 1r ESO<\/p>\n<p style=\"\">Tercer: 2n ESO<\/p>\n","protected":false},"excerpt":{"rendered":"<p>Metodolog\u00eda para cursos de ingl\u00e9s para ni\u00f1os y ni\u00f1as Hemos desarrollado nuestro propio sistema para ense\u00f1ar ingl\u00e9s a los ni\u00f1os de una manera divertida, din\u00e1mica y atractiva que los anima a aprender y comprender el mundo que los rodea.Con la ayuda de aprendizaje de National Geographic y CENGAGE, abrimos los ojos de los estudiantes a [&hellip;]<\/p>\n","protected":false},"author":1,"featured_media":0,"parent":0,"menu_order":0,"comment_status":"closed","ping_status":"closed","template":"","meta":{"productId":0,"courseId":0,"footnotes":""},"class_list":["post-2482","page","type-page","status-publish","hentry","post-wrapper","thrv_wrapper"],"_links":{"self":[{"href":"https:\/\/castellsimmerscom.com\/es\/wp-json\/wp\/v2\/pages\/2482","targetHints":{"allow":["GET"]}}],"collection":[{"href":"https:\/\/castellsimmerscom.com\/es\/wp-json\/wp\/v2\/pages"}],"about":[{"href":"https:\/\/castellsimmerscom.com\/es\/wp-json\/wp\/v2\/types\/page"}],"author":[{"embeddable":true,"href":"https:\/\/castellsimmerscom.com\/es\/wp-json\/wp\/v2\/users\/1"}],"replies":[{"embeddable":true,"href":"https:\/\/castellsimmerscom.com\/es\/wp-json\/wp\/v2\/comments?post=2482"}],"version-history":[{"count":5,"href":"https:\/\/castellsimmerscom.com\/es\/wp-json\/wp\/v2\/pages\/2482\/revisions"}],"predecessor-version":[{"id":2512,"href":"https:\/\/castellsimmerscom.com\/es\/wp-json\/wp\/v2\/pages\/2482\/revisions\/2512"}],"wp:attachment":[{"href":"https:\/\/castellsimmerscom.com\/es\/wp-json\/wp\/v2\/media?parent=2482"}],"curies":[{"name":"wp","href":"https:\/\/api.w.org\/{rel}","templated":true}]}}