{"id":2430,"date":"2022-12-08T12:29:12","date_gmt":"2022-12-08T12:29:12","guid":{"rendered":"https:\/\/castellsimmerscom.com\/english-for-adults\/"},"modified":"2022-12-08T12:31:27","modified_gmt":"2022-12-08T12:31:27","slug":"ingles-para-adultos","status":"publish","type":"page","link":"https:\/\/castellsimmerscom.com\/es\/ingles-para-adultos\/","title":{"rendered":"Ingl\u00e9s para adultos"},"content":{"rendered":"<p><span><img decoding=\"async\" alt=\"\" data-id=\"475\" data-init-width=\"1840\" data-init-height=\"1228\" title=\"552906-PK36QF-848-3\" src=\"https:\/\/castellsimmerscom.com\/wp-content\/uploads\/2022\/12\/552906-PK36QF-848-3-3.jpg\" data-width=\"450\" data-height=\"300\" style=\"\" loading=\"lazy\" width=\"450\" height=\"300\"><\/span><\/p>\n<h6 style=\"\">\u200bIngl\u00e9s para adultos todos los niveles<\/h6>\n<p style=\"\">\u200bNuestros cursos de idiomas para adultos cubren todos los niveles de ingl\u00e9s, desde el b\u00e1sico (A1) hasta el avanzado (C2). Todos nuestros cursos tienen una duraci\u00f3n de 9 meses: comienzan en octubre y terminan en junio.Nuestra metodolog\u00eda se centra en el ingl\u00e9s \"mixto\", en el que cubrimos las habilidades ling\u00fc\u00edsticas, comprensi\u00f3n lectora, comprensi\u00f3n oral, expresi\u00f3n escrita, interacci\u00f3n oral y gram\u00e1tica tanto en persona como en l\u00ednea. Nuestro campus online permite a los estudiantes practicar en casa y, as\u00ed, ampliar su aprendizaje y exposici\u00f3n al idioma, mientras siguen asistiendo a clases presenciales aqu\u00ed en nuestro centro en Manresa.<\/p>\n<p style=\"\">\u200bAprende ingl\u00e9s en Manresa en la acad\u00e9mia m\u00e1s antigua y prestigiosa de la regi\u00f3n. Con clases amenas y din\u00e1micas impartidas por nuestro equipo de profesores nativos y expertos, puedes comenzar tu viaje de aprendizaje del ingl\u00e9s y llegar hasta el nivel de Proficiency (C2).Tenemos un tama\u00f1o promedio de 7 estudiantes por clase, donde la atenci\u00f3n al detalle y el entrenamiento personalizado est\u00e1 garantizado.Todas nuestras clases son presenciales en nuestro centro de Manresa y apoyadas por nuestro campus online, donde hay todo nuestro material y ejercicios para que, aunque no puedas asistir a clase, siempre puedas ponerte al d\u00eda. Tambi\u00e9n ofrecemos aprendizaje h\u00edbrido, lo que significa que puedes unirte a cualquiera de nuestras clases en persona o en l\u00ednea.En todos nuestros cursos de ingl\u00e9s hemos incluido clases de conversaci\u00f3n gratuitas, una vez a la semana, en las que podr\u00e1s poner en pr\u00e1ctica todas tus habilidades de forma entretenida y disfrutar\u00e1s aprendiendo y hablando de un sinf\u00edn de temas.<\/p>\n<p><span style=\"\"><img decoding=\"async\" alt=\"\" data-id=\"479\" data-init-width=\"1080\" data-init-height=\"720\" title=\"Adults\" src=\"https:\/\/castellsimmerscom.com\/wp-content\/uploads\/2022\/12\/Adults-1.jpg\" data-width=\"538\" data-height=\"359\" style=\"\" ml-d=\"-74\" center-h-d=\"false\" mt-d=\"0\" loading=\"lazy\" width=\"538\" height=\"359\"><\/span><\/p>\n","protected":false},"excerpt":{"rendered":"<p>\u200bIngl\u00e9s para adultos todos los niveles \u200bNuestros cursos de idiomas para adultos cubren todos los niveles de ingl\u00e9s, desde el b\u00e1sico (A1) hasta el avanzado (C2). Todos nuestros cursos tienen una duraci\u00f3n de 9 meses: comienzan en octubre y terminan en junio.Nuestra metodolog\u00eda se centra en el ingl\u00e9s \u00abmixto\u00bb, en el que cubrimos las habilidades [&hellip;]<\/p>\n","protected":false},"author":1,"featured_media":0,"parent":0,"menu_order":0,"comment_status":"closed","ping_status":"closed","template":"","meta":{"productId":0,"courseId":0,"footnotes":""},"class_list":["post-2430","page","type-page","status-publish","hentry","post-wrapper","thrv_wrapper"],"_links":{"self":[{"href":"https:\/\/castellsimmerscom.com\/es\/wp-json\/wp\/v2\/pages\/2430","targetHints":{"allow":["GET"]}}],"collection":[{"href":"https:\/\/castellsimmerscom.com\/es\/wp-json\/wp\/v2\/pages"}],"about":[{"href":"https:\/\/castellsimmerscom.com\/es\/wp-json\/wp\/v2\/types\/page"}],"author":[{"embeddable":true,"href":"https:\/\/castellsimmerscom.com\/es\/wp-json\/wp\/v2\/users\/1"}],"replies":[{"embeddable":true,"href":"https:\/\/castellsimmerscom.com\/es\/wp-json\/wp\/v2\/comments?post=2430"}],"version-history":[{"count":3,"href":"https:\/\/castellsimmerscom.com\/es\/wp-json\/wp\/v2\/pages\/2430\/revisions"}],"predecessor-version":[{"id":2446,"href":"https:\/\/castellsimmerscom.com\/es\/wp-json\/wp\/v2\/pages\/2430\/revisions\/2446"}],"wp:attachment":[{"href":"https:\/\/castellsimmerscom.com\/es\/wp-json\/wp\/v2\/media?parent=2430"}],"curies":[{"name":"wp","href":"https:\/\/api.w.org\/{rel}","templated":true}]}}