{"id":2359,"date":"2022-12-07T13:29:14","date_gmt":"2022-12-07T13:29:14","guid":{"rendered":"https:\/\/castellsimmerscom.com\/courses-abroad\/"},"modified":"2023-01-17T15:31:57","modified_gmt":"2023-01-17T15:31:57","slug":"estancias-extranjero","status":"publish","type":"page","link":"https:\/\/castellsimmerscom.com\/es\/estancias-extranjero\/","title":{"rendered":"Estancias en el extranjero"},"content":{"rendered":"<h2 style=\"text-align: center;\">Prep\u00e1rate para una aventura inolvidable<\/h2>\n<p style=\"text-align: center;\">Ofrecemos estancias desde 2 semanas a un a\u00f1o acad\u00e9mico completo. Cont\u00e1ctanos para una entrevista para asesorarte. <\/p>\n<p><span><img decoding=\"async\" alt=\"\" data-id=\"334\" data-init-width=\"400\" data-init-height=\"106\" title=\"interway-logo\" src=\"https:\/\/castellsimmerscom.com\/wp-content\/uploads\/2022\/12\/interway-logo-1.png\" data-width=\"400\" data-height=\"106\" style=\"\" width=\"400\" height=\"106\" loading=\"lazy\"><\/span><\/p>\n<h2 style=\"text-align: center;\">Abierta la inscripci\u00f3n para el curso acad\u00e9micoDescarga el nuevo cat\u00e1logo debajo<\/h2>\n<p><span style=\"\"><img decoding=\"async\" alt=\"\" data-id=\"3786\" data-init-width=\"500\" data-init-height=\"375\" title=\"academico-interway-home\" src=\"https:\/\/castellsimmerscom.com\/wp-content\/uploads\/2023\/01\/academico-interway-home.jpg\" data-width=\"398\" style=\"\" ml-d=\"-0.8330000000000268\" mt-d=\"-1.3670000000000186\" width=\"398\" height=\"375\" loading=\"lazy\"><\/span><\/p>\n<h1>J\u00f3venes<\/h1>\n<p style=\"color: var(--tcb-skin-color-0)  !important; --tcb-applied-color: var$(--tcb-skin-color-0)  !important;\"><strong>Gran Breta\u00f1a, Irlanda, Canad\u00e1, EEUU: &nbsp;de 12 a 17 a\u00f1os<\/strong><\/p>\n<ul>\n<li style=\"\"><span style=\"\">Programas de verano con clases<\/span><\/li>\n<li style=\"\"><span style=\"\">Programas culturales (inmersi\u00f3n ling\u00fc\u00edstica y cultural)<\/span><\/li>\n<li style=\"\"><span style=\"\">Programas de inmersi\u00f3n ling\u00fc\u00edstica total<\/span><\/li>\n<li style=\"\"><span style=\"\">English at Home (atenci\u00f3n totalmente individualizada)<\/span><\/li>\n<li style=\"\"><span style=\"\">Programas deportivos<\/span><\/li>\n<li style=\"\"><span style=\"\">Programas de aventuras<\/span><\/li>\n<\/ul>\n<p style=\"color: var(--tcb-skin-color-0)  !important; --tcb-applied-color: var$(--tcb-skin-color-0)  !important;\"><strong>Irlanda, Canad\u00e1 y Estados Unidos para estudiantes de 2\u00ba, 3\u00ba, 4\u00ba de ESO, y 1\u00ba y 2\u00ba de Bachillerato<\/strong><\/p>\n<ul>\n<li style=\"\"><span style=\"\">Trimestre escolar (Irlanda y Canad\u00e1). Setiembre a Diciembre. No convalidable<\/span><\/li>\n<li style=\"\"><span style=\"\">A\u00f1o acad\u00e9mico (Irlanda, EEUU y Canad\u00e1). Convalidable<\/span><\/li>\n<\/ul>\n<p style=\"color: var(--tcb-skin-color-0)  !important; --tcb-applied-color: var$(--tcb-skin-color-0)  !important;\"><strong>Ingl\u00e9s a la carta en Inglaterra<\/strong><\/p>\n<p>Estas propuestas acompa\u00f1an nuestra tarea acad\u00e9mica realizada durante todo el a\u00f1o, proporcionan una inmersi\u00f3n en la lengua y la cultura, y ayudan a nuestros hijos a crecer personalmente.<\/p>\n<p><span><img decoding=\"async\" alt=\"\" data-id=\"3789\" data-init-width=\"500\" data-init-height=\"375\" title=\"adultos-interway-home\" src=\"https:\/\/castellsimmerscom.com\/wp-content\/uploads\/2023\/01\/adultos-interway-home.jpg\" data-width=\"398\" style=\"\" width=\"398\" height=\"375\" loading=\"lazy\"><\/span><\/p>\n<h1>Adultos<\/h1>\n<p style=\"color: var(--tcb-skin-color-0)  !important; --tcb-applied-color: var$(--tcb-skin-color-0)  !important;\"><strong>Gran Breta\u00f1a, Irlanda, EEUU<\/strong><\/p>\n<ul>\n<li style=\"\"><span style=\"\">Programas en grupo<\/span><\/li>\n<li style=\"\"><span style=\"\">Programas espec\u00edficos<\/span><\/li>\n<li style=\"\"><span style=\"\">Programas individualizados<span data-id=\"0\" data-type=\"false\" style=\"display: none; line-height: 0;\"><\/span><\/span><\/li>\n<\/ul>\n<p style=\"color: var(--tcb-skin-color-0)  !important; --tcb-applied-color: var$(--tcb-skin-color-0)  !important;\"><strong><span style=\"--tcb-applied-color: var$(--tcb-skin-color-0)  !important;\">Ingl\u00e9s a la carta en Inglaterra<\/span><\/strong><\/p>\n<p>Estas propuestas acompa\u00f1an nuestra tarea acad\u00e9mica realizada durante todo el a\u00f1o, proporcionan una inmersi\u00f3n en la lengua y la cultura, y ayudan a nuestros hijos a crecer personalmente.<span data-id=\"0\" data-type=\"false\" style=\"display: none; line-height: 0;\"><\/span><\/p>\n<h3 style=\"\">Contacta con nosotros para una consulta gratuita<\/h3>\n","protected":false},"excerpt":{"rendered":"<p>Prep\u00e1rate para una aventura inolvidable Ofrecemos estancias desde 2 semanas a un a\u00f1o acad\u00e9mico completo. Cont\u00e1ctanos para una entrevista para asesorarte. Abierta la inscripci\u00f3n para el curso acad\u00e9micoDescarga el nuevo cat\u00e1logo debajo J\u00f3venes Gran Breta\u00f1a, Irlanda, Canad\u00e1, EEUU: &nbsp;de 12 a 17 a\u00f1os Programas de verano con clases Programas culturales (inmersi\u00f3n ling\u00fc\u00edstica y cultural) Programas [&hellip;]<\/p>\n","protected":false},"author":1,"featured_media":0,"parent":0,"menu_order":0,"comment_status":"closed","ping_status":"closed","template":"","meta":{"productId":0,"courseId":0,"footnotes":""},"class_list":["post-2359","page","type-page","status-publish","hentry","post-wrapper","thrv_wrapper"],"_links":{"self":[{"href":"https:\/\/castellsimmerscom.com\/es\/wp-json\/wp\/v2\/pages\/2359","targetHints":{"allow":["GET"]}}],"collection":[{"href":"https:\/\/castellsimmerscom.com\/es\/wp-json\/wp\/v2\/pages"}],"about":[{"href":"https:\/\/castellsimmerscom.com\/es\/wp-json\/wp\/v2\/types\/page"}],"author":[{"embeddable":true,"href":"https:\/\/castellsimmerscom.com\/es\/wp-json\/wp\/v2\/users\/1"}],"replies":[{"embeddable":true,"href":"https:\/\/castellsimmerscom.com\/es\/wp-json\/wp\/v2\/comments?post=2359"}],"version-history":[{"count":7,"href":"https:\/\/castellsimmerscom.com\/es\/wp-json\/wp\/v2\/pages\/2359\/revisions"}],"predecessor-version":[{"id":3792,"href":"https:\/\/castellsimmerscom.com\/es\/wp-json\/wp\/v2\/pages\/2359\/revisions\/3792"}],"wp:attachment":[{"href":"https:\/\/castellsimmerscom.com\/es\/wp-json\/wp\/v2\/media?parent=2359"}],"curies":[{"name":"wp","href":"https:\/\/api.w.org\/{rel}","templated":true}]}}