{"id":2277,"date":"2022-12-07T06:38:52","date_gmt":"2022-12-07T06:38:52","guid":{"rendered":"https:\/\/castellsimmerscom.com\/confidence-in-cae-online-course\/"},"modified":"2025-01-10T18:12:04","modified_gmt":"2025-01-10T18:12:04","slug":"confidence-in-cae-online-course","status":"publish","type":"page","link":"https:\/\/castellsimmerscom.com\/es\/confidence-in-cae-online-course\/","title":{"rendered":"Confidence in CAE Online Course"},"content":{"rendered":"<h1 style=\"color: rgb(0, 0, 0) !important; --tcb-applied-color: rgb(0, 0, 0)  !important;\">Confidence in CAE Online Course<\/h1>\n<p style=\"color: rgb(0, 0, 0) !important; --tcb-applied-color: rgb(0, 0, 0)  !important;\">Prep\u00e1rate para tener \u00e9xito en el Cambridge Advanced Certificate in English Exam<\/p>\n<p style=\"color: rgb(0, 0, 0) !important; --tcb-applied-color: rgb(0, 0, 0)  !important;\"><strong>123 estudiantes inscritos<\/strong><\/p>\n<p style=\"color: rgb(0, 0, 0) !important; --tcb-applied-color: rgb(0, 0, 0)  !important;\"><strong>\u00daltima actualizaci\u00f3n: 10\/2020<\/strong><\/p>\n<p style=\"color: rgb(0, 0, 0) !important; --tcb-applied-color: rgb(0, 0, 0)  !important;\"><strong>Creado por Andrew Ambrosius<\/strong><\/p>\n<ul style=\"\">\n<li style=\"\"><span style=\"\">Lenguaje: ingl\u00e9s<\/span><\/li>\n<li style=\"\"><span style=\"\">Duraci\u00f3n del curso: 8 - 10 semanas (incluye acceso ilimitado durante 12 meses)<\/span><\/li>\n<li style=\"\"><span style=\"\">Dedicaci\u00f3n: 4 - 5 &nbsp;horas a la semana (aprendizaje a tu propio ritmo)<\/span><\/li>\n<\/ul>\n<p><span><img decoding=\"async\" alt=\"\" data-id=\"2877\" data-init-width=\"1920\" data-init-height=\"1280\" title=\"man-791049_1920\" src=\"https:\/\/castellsimmerscom.com\/wp-content\/uploads\/2022\/12\/man-791049_1920-2-1.jpg\" data-width=\"357\" data-height=\"238\" style=\"aspect-ratio: auto 1920 \/ 1280;\" loading=\"lazy\" width=\"357\" height=\"238\"><span style=\"\"><\/span><\/span><\/p>\n<p style=\"text-align: center;\"><span style=\"text-decoration: none;\">\u20ac199,00<\/span><\/p>\n<ul style=\"\">\n<li style=\"\"><span style=\"\">Curso de preparaci\u00f3n para el Advanced Certificate in English<\/span><\/li>\n<\/ul>\n<p style=\"\">Este curso incluye:<\/p>\n<ul style=\"\">\n<li style=\"\"><span style=\"\"><span>12 meses de acceso<\/span><\/span><\/li>\n<li style=\"\"><span style=\"\"><span>M\u00e1s de 150 horas de material de aprendizaje y pr\u00e1ctica<\/span><\/span><\/li>\n<li style=\"\"><span style=\"\"><span>M\u00e1s de 50 lecciones en video que explican cada aspecto del examen<\/span><\/span><\/li>\n<li style=\"\"><span style=\"\"><span>Cientos de ejercicios de pr\u00e1ctica de gram\u00e1tica, comprensi\u00f3n auditiva, lectura, escritura, producci\u00f3n oral y pronunciaci\u00f3n<\/span><\/span><\/li>\n<li style=\"\"><span style=\"\"><span>Ex\u00e1menes de pr\u00e1ctica oficiales para cada parte del examen&nbsp;<\/span><\/span><\/li>\n<li style=\"\"><span style=\"\"><span>Actividades de pr\u00e1ctica con realimentaci\u00f3n instant\u00e1nea<\/span><\/span><\/li>\n<li style=\"\"><span style=\"\"><span>Simulaciones de ex\u00e1menes oficiales con la progresi\u00f3n del curso<\/span><\/span><\/li>\n<li style=\"\"><span style=\"\"><span>Certificado de finalizaci\u00f3n del curso<\/span><\/span><\/li>\n<\/ul>\n<h2 style=\"\"><strong>Qu\u00e9 aprender\u00e1s<\/strong><\/h2>\n<ul style=\"\">\n<li style=\"\"><span style=\"\"><span>Comprende textos de una amplia variedad de fuentes, incluso sobre temas de \u00e1reas dif\u00edciles<\/span><\/span><\/li>\n<li style=\"\"><span style=\"\"><span>Habla fluidamente con la gente sobre una gran diversidad de temas formales sin buscar vocabulario o expresiones<\/span><\/span><\/li>\n<li style=\"\"><span style=\"\"><span>Comprende a la gente que habla en ingl\u00e9s en programas de radio y televisi\u00f3n<\/span><\/span><\/li>\n<li style=\"\"><span style=\"\"><span>Mant\u00e9n una conversaci\u00f3n sobre un amplio rango de temas, expresando tus opiniones y presentando argumentos<\/span><\/span><\/li>\n<li style=\"\"><span style=\"\"><span>Mant\u00e9n conversaciones en contextos sociales, profesionales y acad\u00e9micos<\/span><\/span><\/li>\n<li style=\"\"><span style=\"\"><span>Produce textos claros y detallados, expresando opiniones y explicando las ventajas y desventajas de distintos puntos de vista a trav\u00e9s de ensayos, reportes, art\u00edculos, rese\u00f1as, cartas y emails<\/span><\/span><\/li>\n<\/ul>\n<ul style=\"\">\n<li style=\"\"><span style=\"\"><span>Te ayudar\u00e1 a obtener un certificado reconocido mundialmente y que es v\u00e1lido de por vida<\/span><\/span><\/li>\n<li style=\"\"><span style=\"\"><span>Construye tu confianza al usar el ingl\u00e9s en situaciones de la vida real<\/span><\/span><\/li>\n<li style=\"\"><span style=\"\"><span>Conc\u00e9ntrate en cuestiones t\u00e9cnicas como el uso de \u00e9nfasis y significados hipot\u00e9ticos, expresar y sostener argumentos<\/span><\/span><\/li>\n<li style=\"\"><span style=\"\"><span>Practica las preguntas del examen de Cambridge y recibe realimentaci\u00f3n sobre tu progreso<\/span><\/span><\/li>\n<\/ul>\n<p><strong><strong>Beneficios del curso<\/strong><\/strong><\/p>\n<ul style=\"\">\n<li style=\"\"><span style=\"\"><span>Te ayuda a obtener un certificado reconocido mundialmente que es v\u00e1lido de por vida<\/span><\/span><\/li>\n<li style=\"\"><span style=\"\"><span>Construye tu confianza en el uso del ingl\u00e9s en situaciones de la vida real<\/span><\/span><\/li>\n<li style=\"\"><span style=\"\"><span>Aprende cuestiones t\u00e9cnicas como el uso de \u00e9nfasis y significados hipot\u00e9ticos, expresar y sostener argumentos<\/span><\/span><\/li>\n<li style=\"\"><span style=\"\"><span>Practica las preguntas del examen de Cambridge y recibe realimentaci\u00f3n sobre tu progreso<\/span><\/span><\/li>\n<\/ul>\n<h2>Introducci\u00f3n<\/h2>\n<p><strong>Perfecciona tu ingl\u00e9s y obt\u00e9n una certificaci\u00f3n internacionalmente reconocida.<\/strong>Los ex\u00e1menes avanzados de Cambridge cubren escritura, lectura, comprensi\u00f3n auditiva y producci\u00f3n oral. El curso de The Art of Business English te preparar\u00e1 para todas estas partes del examen. El curso est\u00e1 basado en las habilidades y se concentra en el uso del ingl\u00e9s. Revisamos textos pasados y trabajos de algunos libros recomendados. Adicionalmente trabajar\u00e1s mucho en las \u00e1reas de ingl\u00e9s general. Al final del curso, tendr\u00e1s la confianza y las habilidades para aprobare el examen CAE y agregar uno de los certificados m\u00e1s ampliamente reconocidos a tu curr\u00edculo.<\/p>\n<\/p>\n<p><strong>El curso Confidence in CAE incluye:<\/strong><\/p>\n<\/p>\n<ul>\n<li>100% aprendizaje en l\u00ednea con un tutor experimentado y calificado<\/li>\n<li>M\u00e1s de 50 lecciones en video que explican cada aspecto del examen<\/li>\n<li>12 meses de acceso continuo e ilimitado 24\/7, 365 d\u00edas al a\u00f1o<\/li>\n<li>Apoyo v\u00eda email y Messenger de lunes a viernes<\/li>\n<li>Cientos de ejercicios de pr\u00e1ctica de gram\u00e1tica, comprensi\u00f3n auditiva, lectura, escritura, producci\u00f3n oral y pronunciaci\u00f3n<\/li>\n<li>Ex\u00e1menes de pr\u00e1ctica oficiales para cada parte del examen<\/li>\n<li>Actividades de pr\u00e1ctica con realimentaci\u00f3n instant\u00e1nea<\/li>\n<li>Simulaciones de ex\u00e1menes oficiales con la progresi\u00f3n del curso<\/li>\n<li>Certificado de finalizaci\u00f3n del curso<\/li>\n<\/ul>\n<h2><strong>Lo que dicen nuestros alumnos<\/strong><\/h2>\n<h2>Opini\u00f3n destacada<\/h2>\n<p><span><img decoding=\"async\" alt=\"\" data-id=\"161\" title=\"paula-150x150\" src=\"https:\/\/castellsimmerscom.com\/wp-content\/uploads\/2022\/12\/paula-150x150-8-1.jpg\" style=\"aspect-ratio: auto 150 \/ 150;\" data-width=\"46\" data-height=\"46\" data-init-width=\"150\" data-init-height=\"150\" loading=\"lazy\" width=\"46\" height=\"46\"><\/span><\/p>\n<p style=\"\">Paula Perez<\/p>\n<p style=\"\">Tengo contacto con empresas internacionales y es muy com\u00fan que tenga que asistir a reuniones con personas extranjeras. As\u00ed que he intentado mejorar mi ingl\u00e9s con cursos online. Castells Immerscom me ha ayudado a mejorar en mi trabajo.<\/p>\n<h2><strong>Contenido del curso<\/strong><\/h2>\n<p>  <span><img decoding=\"async\" alt=\"\" data-id=\"1589\" title=\"ELE_6481_Bw_1080P-1\" src=\"https:\/\/castellsimmerscom.com\/wp-content\/uploads\/2022\/12\/ELE_6481_Bw_1080P-1-7-1.jpg\" style=\"aspect-ratio: auto 1080 \/ 717;\" data-width=\"170\" data-height=\"113\" data-init-width=\"1080\" data-init-height=\"717\" loading=\"lazy\" width=\"170\" height=\"113\"><\/span><\/p>\n<ul style=\"\">\n<li style=\"margin-bottom: 10px !important;\">  <span style=\"\">4.8 instructor rating<\/span><\/li>\n<li style=\"margin-bottom: 10px !important;\">  <span style=\"\">359 reviews<\/span><\/li>\n<li style=\"margin-bottom: 10px !important;\">  <span style=\"\">1,563 students<\/span><\/li>\n<li><span>Over 12 years coaching experience<\/span><\/li>\n<\/ul>\n<h2 style=\"\"><strong>Andrew Ambrosius<\/strong><\/h2>\n<h3 style=\"\">FOUNDER, trainer and coach<\/h3>\n<p style=\"\">Hi, I\u2019m Andrew!I\u2019m often asked about my history and career as a business owner, trainer and coach, so I thought I would share that with you here\u2026<a href=\"https:\/\/theartofbusinessenglish.com\/about\/\" style=\"outline: none;\" data-tcb_hover_state_parent=\"\">&nbsp;Read more<\/a><a href=\"\/about\/\" style=\"outline: none;\"><\/a><\/p>\n<h3><strong>RESE\u00d1AS<\/strong><\/h3>\n<h2>Opiniones de alumnos<\/h2>\n<p style=\"text-align: center;\">4.8<\/p>\n<p style=\"text-align: center;\">Evaluaci\u00f3n del curso<\/p>\n<p><span><img decoding=\"async\" alt=\"\" data-id=\"159\" title=\"jordi-150x150\" src=\"https:\/\/castellsimmerscom.com\/wp-content\/uploads\/2022\/12\/jordi-150x150-8-1.jpg\" style=\"aspect-ratio: auto 150 \/ 150;\" data-width=\"50\" data-height=\"50\" data-init-width=\"150\" data-init-height=\"150\" loading=\"lazy\" width=\"50\" height=\"50\"><\/span><\/p>\n<p style=\"\">Jordi Pe\u00f1a<\/p>\n<p style=\"\">Muchas gracias por ayudarme a mejorar mi ingl\u00e9s de negocios. He aprendido muchas t\u00e9cnicas con estas clases de coaching.<\/p>\n<p><span><img decoding=\"async\" alt=\"\" data-id=\"157\" title=\"marta-150x150\" src=\"https:\/\/castellsimmerscom.com\/wp-content\/uploads\/2022\/12\/marta-150x150-8-1.jpg\" style=\"aspect-ratio: auto 150 \/ 150;\" data-width=\"50\" data-height=\"50\" data-init-width=\"150\" data-init-height=\"150\" loading=\"lazy\" width=\"50\" height=\"50\"><\/span><\/p>\n<p style=\"\">Marta Ribera<\/p>\n<p style=\"\">Si quieres tener una visi\u00f3n m\u00e1s amplia de la comunicaci\u00f3n global, Castells Immerscom es una de las mejores maneras de conseguirlo. \u00a1Muy recomendable!<\/p>\n<p><span><img decoding=\"async\" alt=\"\" data-id=\"161\" title=\"paula-150x150\" src=\"https:\/\/castellsimmerscom.com\/wp-content\/uploads\/2022\/12\/paula-150x150-8-1.jpg\" style=\"aspect-ratio: auto 150 \/ 150;\" data-width=\"50\" data-height=\"50\" data-init-width=\"150\" data-init-height=\"150\" loading=\"lazy\" width=\"50\" height=\"50\"><\/span><\/p>\n<p style=\"\">Paula Perez<\/p>\n<p style=\"\">Tengo contacto con empresas internacionales y es muy com\u00fan que tenga que asistir a reuniones con personas extranjeras. As\u00ed que he intentado mejorar mi ingl\u00e9s con cursos online. Castells Immerscom me ha ayudado a mejorar en mi trabajo.<\/p>\n","protected":false},"excerpt":{"rendered":"<p>Confidence in CAE Online Course Prep\u00e1rate para tener \u00e9xito en el Cambridge Advanced Certificate in English Exam 123 estudiantes inscritos \u00daltima actualizaci\u00f3n: 10\/2020 Creado por Andrew Ambrosius Lenguaje: ingl\u00e9s Duraci\u00f3n del curso: 8 &#8211; 10 semanas (incluye acceso ilimitado durante 12 meses) Dedicaci\u00f3n: 4 &#8211; 5 &nbsp;horas a la semana (aprendizaje a tu propio ritmo) [&hellip;]<\/p>\n","protected":false},"author":1,"featured_media":0,"parent":0,"menu_order":0,"comment_status":"closed","ping_status":"closed","template":"","meta":{"productId":0,"courseId":0,"footnotes":""},"class_list":["post-2277","page","type-page","status-publish","hentry","post-wrapper","thrv_wrapper"],"_links":{"self":[{"href":"https:\/\/castellsimmerscom.com\/es\/wp-json\/wp\/v2\/pages\/2277","targetHints":{"allow":["GET"]}}],"collection":[{"href":"https:\/\/castellsimmerscom.com\/es\/wp-json\/wp\/v2\/pages"}],"about":[{"href":"https:\/\/castellsimmerscom.com\/es\/wp-json\/wp\/v2\/types\/page"}],"author":[{"embeddable":true,"href":"https:\/\/castellsimmerscom.com\/es\/wp-json\/wp\/v2\/users\/1"}],"replies":[{"embeddable":true,"href":"https:\/\/castellsimmerscom.com\/es\/wp-json\/wp\/v2\/comments?post=2277"}],"version-history":[{"count":7,"href":"https:\/\/castellsimmerscom.com\/es\/wp-json\/wp\/v2\/pages\/2277\/revisions"}],"predecessor-version":[{"id":6727,"href":"https:\/\/castellsimmerscom.com\/es\/wp-json\/wp\/v2\/pages\/2277\/revisions\/6727"}],"wp:attachment":[{"href":"https:\/\/castellsimmerscom.com\/es\/wp-json\/wp\/v2\/media?parent=2277"}],"curies":[{"name":"wp","href":"https:\/\/api.w.org\/{rel}","templated":true}]}}