{"id":2218,"date":"2022-12-05T16:21:49","date_gmt":"2022-12-05T16:21:49","guid":{"rendered":"https:\/\/castellsimmerscom.com\/confidence-in-business-meetings\/"},"modified":"2025-01-13T18:56:11","modified_gmt":"2025-01-13T18:56:11","slug":"confidence-in-business-meetings","status":"publish","type":"page","link":"https:\/\/castellsimmerscom.com\/es\/confidence-in-business-meetings\/","title":{"rendered":"Confidence in Business Meetings"},"content":{"rendered":"<h1 style=\"color: rgb(0, 0, 0) !important; --tcb-applied-color: rgb(0, 0, 0)  !important;\">Confidence in Business Meetings<\/h1>\n<p style=\"color: rgb(0, 0, 0) !important; --tcb-applied-color: rgb(0, 0, 0)  !important;\">Una gu\u00eda paso a paso para participar con confianza en tu pr\u00f3xima reuni\u00f3n de negocios en ingl\u00e9s.\u00bfTe sientes avergonzado cuando tienes que asistir a una reuni\u00f3n en ingl\u00e9s? \u00bfTal vez te frustras cuando no te puedes expresar con claridad? \u00bfQuisieras ser invisible en una reuni\u00f3n, esperando no tener que responder a ninguna pregunta?Si quieres aprender a participar con confianza en las reuniones que conducen a resultados exitosos y m\u00e1s negocios para la empresa, entonces tengo la respuesta.<\/p>\n<p style=\"color: rgb(0, 0, 0) !important; --tcb-applied-color: rgb(0, 0, 0)  !important;\"><strong>123 estudiantes inscritos<\/strong><\/p>\n<p style=\"color: rgb(0, 0, 0) !important; --tcb-applied-color: rgb(0, 0, 0)  !important;\"><strong>\u00daltima actualizaci\u00f3n: 10\/2020<\/strong><\/p>\n<p style=\"color: rgb(0, 0, 0) !important; --tcb-applied-color: rgb(0, 0, 0)  !important;\"><strong>Creado por Andrew Ambrosius<\/strong><\/p>\n<ul style=\"\">\n<li style=\"\"><span style=\"\">Idioma: ingl\u00e9s<\/span><\/li>\n<li style=\"\"><span style=\"\">Duraci\u00f3n del curso: 8 - 10 semanas (incluye acceso de por vida al material)<\/span><\/li>\n<li style=\"\"><span style=\"\">Dedicaci\u00f3n: 4 - 5 &nbsp;horas a la semana (aprendizaje a tu propio ritmo)<\/span><\/li>\n<\/ul>\n<p><span><img decoding=\"async\" alt=\"\" data-id=\"3629\" data-init-width=\"1000\" data-init-height=\"665\" title=\"e1497891667823\" src=\"https:\/\/castellsimmerscom.com\/wp-content\/uploads\/2022\/12\/e1497891667823-1-1.jpg\" data-width=\"321\" data-height=\"213\" style=\"aspect-ratio: auto 1000 \/ 665;\" width=\"321\" height=\"213\" loading=\"lazy\"><span style=\"\"><\/span><\/span><\/p>\n<p style=\"text-align: center;\">\u20ac199,00<\/p>\n<ul style=\"\">\n<li style=\"\"><span style=\"\">El sistema completo para participar y dirigir reuniones eficaces con confianza<span data-id=\"0\" data-type=\"false\" style=\"display: none; line-height: 0;\"><\/span><\/span><\/li>\n<\/ul>\n<p style=\"text-align: center;\">Garant\u00eda de devoluci\u00f3n del dinero en 30 d\u00edas<\/p>\n<p style=\"\">ESTE CURSO INCLUYE:<\/p>\n<ul style=\"\">\n<li style=\"\"><span style=\"\">Acceso de por vida<\/span><\/li>\n<li style=\"\"><span style=\"\">M\u00e1s de 40 videos de alta calidad<\/span><\/li>\n<li style=\"\"><span style=\"\">Ejercicios y recursos descargables<\/span><\/li>\n<li style=\"\"><span style=\"\">Teor\u00eda, ejercicios pr\u00e1cticos y correcciones<\/span><\/li>\n<li style=\"\"><span style=\"\">La lista completa de expresiones para participar en reuniones<\/span><\/li>\n<li style=\"\"><span style=\"\">Garant\u00eda de devoluci\u00f3n del dinero en 30 d\u00edas <\/span><\/li>\n<\/ul>\n<h2 style=\"\"><strong>Qu\u00e9 aprender\u00e1s<\/strong><\/h2>\n<ul style=\"\">\n<li style=\"\"><span style=\"\">Entender la importancia de las reuniones<\/span><\/li>\n<li style=\"\"><span style=\"\">El papel de las reuniones en los negocios y los aspectos interculturales<\/span><\/li>\n<li style=\"\"><span style=\"\">Qu\u00e9 hace que una reuni\u00f3n tenga \u00e9xito<\/span><\/li>\n<li style=\"\"><span style=\"\">Establecer los objetivos (empezar con el fin en mente)<\/span><\/li>\n<li style=\"\"><span style=\"\">Preparar tu reuni\u00f3n con eficacia para obtener los mejores resultados<\/span><\/li>\n<li style=\"\"><span style=\"\">C\u00f3mo preparar una agenda eficaz<\/span><\/li>\n<\/ul>\n<ul style=\"\">\n<li style=\"\"><span style=\"\">C\u00f3mo participar eficazmente utilizando el ingl\u00e9s<\/span><\/li>\n<li style=\"\"><span style=\"\">C\u00f3mo utilizar las expresiones formales e informales<\/span><\/li>\n<li style=\"\"><span style=\"\">Expresiones para mostrar tu acuerdo, tu desacuerdo, aclarar, opinar y muchas m\u00e1s<\/span><\/li>\n<li style=\"\"><span style=\"\">C\u00f3mo presidir o dirigir una reuni\u00f3n y obtener resultados<\/span><\/li>\n<\/ul>\n<ul style=\"\">\n<li style=\"\"><span style=\"\">C\u00f3mo afrontar los problemas<\/span><\/li>\n<li style=\"\"><span style=\"\">C\u00f3mo resumir y cerrar con \u00e9xito una reuni\u00f3n<\/span><\/li>\n<\/ul>\n<h2 style=\"\">Introducci\u00f3n<\/h2>\n<p style=\"text-align: left;\">No puedes subestimar la importancia de las reuniones en los negocios internacionales. La mayor\u00eda de nosotros pasamos un 40% de nuestro d\u00eda en reuniones. El \u00e9xito de las reuniones permite aumentar la productividad, conseguir m\u00e1s clientes y mejorar la gesti\u00f3n empresarial.Participar eficazmente en una reuni\u00f3n es una habilidad esencial si quieres tener \u00e9xito en tu trabajo. \u00bfPero qu\u00e9 ocurre si no sabes hablar ingl\u00e9s para participar? \u00bfY si te sientes cohibido, inc\u00f3modo o avergonzado cuando tienes que presentar o participar en una reuni\u00f3n? Esto puede tener un efecto muy negativo en tu carrera y en tus perspectivas de promoci\u00f3n.As\u00ed pues, \u00bfqu\u00e9 puedes hacer para mejorar tu ingl\u00e9s y participar con \u00e9xito en reuniones o incluso dirigirlas con eficacia? Necesitas aprender las mejores pr\u00e1cticas para hacer reuniones eficaces, as\u00ed como las habilidades ling\u00fc\u00edsticas para participar con confianza.\u00a1Necesitas un mapa! Un sistema paso a paso que te muestre qu\u00e9 expresiones debes utilizar y cu\u00e1ndo usarlas.Eso es lo que obtendr\u00e1s con el curso online \"Confidence in Business Meetings\". Te ense\u00f1ar\u00e9 c\u00f3mo dirigir reuniones eficaces y todo el lenguaje que necesitas para participar en ellas. <\/p>\n<h2><strong>De qu\u00e9 trata el curso online \"Confidence in Business Meetings\" <\/strong><\/h2>\n<p style=\"text-align: left;\">Este curso online est\u00e1 dise\u00f1ado para ense\u00f1arte a preparar, dirigir, gestionar y cerrar una reuni\u00f3n de forma efectiva... \u00a1todo en ingl\u00e9s! Aprender\u00e1s todos mis secretos para prepararte eficazmente y asegurarte de obtener los resultados deseados. Tambi\u00e9n obtendr\u00e1s todo el vocabulario necesario &nbsp;para participar en las diferentes etapas de la reuni\u00f3n. Adem\u00e1s, hay dos lecciones extra sobre c\u00f3mo evaluar la eficacia de tus reuniones y el seguimiento de las personas.<\/p>\n<h2 style=\"\"><strong>Lo que dicen nuestros alumnos<\/strong><\/h2>\n<h2 style=\"\">Opini\u00f3n destacada<\/h2>\n<p><span><img decoding=\"async\" alt=\"\" data-id=\"161\" title=\"paula-150x150\" src=\"https:\/\/castellsimmerscom.com\/wp-content\/uploads\/2022\/12\/paula-150x150-1-1.jpg\" style=\"aspect-ratio: auto 150 \/ 150;\" data-width=\"46\" data-height=\"46\" data-init-width=\"150\" data-init-height=\"150\" width=\"46\" height=\"46\" loading=\"lazy\"><\/span><\/p>\n<p style=\"\">Paula Perez<\/p>\n<p style=\"\">Tengo contacto con empresas internacionales y es muy com\u00fan que tenga que asistir a reuniones con personas extranjeras. As\u00ed que he intentado mejorar mi ingl\u00e9s con cursos online. Castells Immerscom me ha ayudado a mejorar en mi trabajo.<\/p>\n<h2 style=\"\"><strong>Contenido del curso<\/strong><\/h2>\n<p>  <span><img decoding=\"async\" alt=\"\" data-id=\"1589\" title=\"ELE_6481_Bw_1080P-1\" src=\"https:\/\/castellsimmerscom.com\/wp-content\/uploads\/2022\/12\/ELE_6481_Bw_1080P-1-1.jpg\" style=\"aspect-ratio: auto 1080 \/ 717;\" data-width=\"170\" data-height=\"113\" data-init-width=\"1080\" data-init-height=\"717\" width=\"170\" height=\"113\" loading=\"lazy\"><\/span><\/p>\n<ul style=\"\">\n<li style=\"margin-bottom: 10px !important;\">  <span style=\"\">4.8 instructor rating<\/span><\/li>\n<li style=\"margin-bottom: 10px !important;\">  <span style=\"\">359 reviews<\/span><\/li>\n<li style=\"margin-bottom: 10px !important;\">  <span style=\"\">1,563 students<\/span><\/li>\n<li><span>Over 12 years coaching experience<\/span><\/li>\n<\/ul>\n<h2 style=\"\"><strong>Andrew Ambrosius<\/strong><\/h2>\n<h3 style=\"\">FOUNDER, trainer and coach<\/h3>\n<p style=\"\">Hi, I\u2019m Andrew!I\u2019m often asked about my history and career as a business owner, trainer and coach, so I thought I would share that with you here\u2026<a href=\"https:\/\/theartofbusinessenglish.com\/about\/\" style=\"outline: none;\" data-tcb_hover_state_parent=\"\">&nbsp;Read more<\/a><a href=\"\/about\/\" style=\"outline: none;\"><\/a><\/p>\n<h3 style=\"\"><strong>Rese\u00f1as<\/strong><\/h3>\n<h2 style=\"\">Opiniones de alumnos<\/h2>\n<p style=\"text-align: center;\">4.8<\/p>\n<p style=\"text-align: center;\">Course Evaluaci\u00f3n del curso<\/p>\n<p><span><img decoding=\"async\" alt=\"\" data-id=\"159\" title=\"jordi-150x150\" src=\"https:\/\/castellsimmerscom.com\/wp-content\/uploads\/2022\/12\/jordi-150x150-1-1.jpg\" style=\"aspect-ratio: auto 150 \/ 150;\" data-width=\"50\" data-height=\"50\" data-init-width=\"150\" data-init-height=\"150\" width=\"50\" height=\"50\" loading=\"lazy\"><\/span><\/p>\n<p style=\"\">Jordi Pe\u00f1a<\/p>\n<p style=\"\">Muchas gracias por ayudarme a mejorar mi ingl\u00e9s de negocios. He aprendido muchas t\u00e9cnicas con estas clases de coaching.<\/p>\n<p><span><img decoding=\"async\" alt=\"\" data-id=\"157\" title=\"marta-150x150\" src=\"https:\/\/castellsimmerscom.com\/wp-content\/uploads\/2022\/12\/marta-150x150-1-1.jpg\" style=\"aspect-ratio: auto 150 \/ 150;\" data-width=\"50\" data-height=\"50\" data-init-width=\"150\" data-init-height=\"150\" width=\"50\" height=\"50\" loading=\"lazy\"><\/span><\/p>\n<p style=\"\">Marta Ribera<\/p>\n<p style=\"\">Si quieres tener una visi\u00f3n m\u00e1s amplia de la comunicaci\u00f3n global, Castells Immerscom es una de las mejores maneras de conseguirlo. \u00a1Muy recomendable!<\/p>\n<p><span><img decoding=\"async\" alt=\"\" data-id=\"161\" title=\"paula-150x150\" src=\"https:\/\/castellsimmerscom.com\/wp-content\/uploads\/2022\/12\/paula-150x150-1-1.jpg\" style=\"aspect-ratio: auto 150 \/ 150;\" data-width=\"50\" data-height=\"50\" data-init-width=\"150\" data-init-height=\"150\" width=\"50\" height=\"50\" loading=\"lazy\"><\/span><\/p>\n<p style=\"\">Paula Perez<\/p>\n<p style=\"\">Tengo contacto con empresas internacionales y es muy com\u00fan que tenga que asistir a reuniones con personas extranjeras. As\u00ed que he intentado mejorar mi ingl\u00e9s con cursos online. Castells Immerscom me ha ayudado a mejorar en mi trabajo.<\/p>\n","protected":false},"excerpt":{"rendered":"<p>Confidence in Business Meetings Una gu\u00eda paso a paso para participar con confianza en tu pr\u00f3xima reuni\u00f3n de negocios en ingl\u00e9s.\u00bfTe sientes avergonzado cuando tienes que asistir a una reuni\u00f3n en ingl\u00e9s? \u00bfTal vez te frustras cuando no te puedes expresar con claridad? \u00bfQuisieras ser invisible en una reuni\u00f3n, esperando no tener que responder a [&hellip;]<\/p>\n","protected":false},"author":1,"featured_media":0,"parent":0,"menu_order":0,"comment_status":"closed","ping_status":"closed","template":"","meta":{"productId":0,"courseId":0,"footnotes":""},"class_list":["post-2218","page","type-page","status-publish","hentry","post-wrapper","thrv_wrapper"],"_links":{"self":[{"href":"https:\/\/castellsimmerscom.com\/es\/wp-json\/wp\/v2\/pages\/2218","targetHints":{"allow":["GET"]}}],"collection":[{"href":"https:\/\/castellsimmerscom.com\/es\/wp-json\/wp\/v2\/pages"}],"about":[{"href":"https:\/\/castellsimmerscom.com\/es\/wp-json\/wp\/v2\/types\/page"}],"author":[{"embeddable":true,"href":"https:\/\/castellsimmerscom.com\/es\/wp-json\/wp\/v2\/users\/1"}],"replies":[{"embeddable":true,"href":"https:\/\/castellsimmerscom.com\/es\/wp-json\/wp\/v2\/comments?post=2218"}],"version-history":[{"count":8,"href":"https:\/\/castellsimmerscom.com\/es\/wp-json\/wp\/v2\/pages\/2218\/revisions"}],"predecessor-version":[{"id":6748,"href":"https:\/\/castellsimmerscom.com\/es\/wp-json\/wp\/v2\/pages\/2218\/revisions\/6748"}],"wp:attachment":[{"href":"https:\/\/castellsimmerscom.com\/es\/wp-json\/wp\/v2\/media?parent=2218"}],"curies":[{"name":"wp","href":"https:\/\/api.w.org\/{rel}","templated":true}]}}