{"id":2108,"date":"2022-12-05T09:34:45","date_gmt":"2022-12-05T09:34:45","guid":{"rendered":"https:\/\/castellsimmerscom.com\/castells-immerscom\/"},"modified":"2023-05-25T17:41:41","modified_gmt":"2023-05-25T17:41:41","slug":"castells-immerscom","status":"publish","type":"page","link":"https:\/\/castellsimmerscom.com\/es\/","title":{"rendered":"Castells Immerscom"},"content":{"rendered":"<h1 style=\"\">EXCELENCIA EN INGL\u00c9S<\/h1>\n<p style=\"\">\u00bfEn que te podemos ayudar?<\/p>\n<h2 style=\"text-align: center;\">Cursos disponibles<\/h2>\n<p><span style=\"\"><img decoding=\"async\" alt=\"\" data-id=\"1285\" data-init-width=\"1000\" data-init-height=\"667\" title=\"Close up portrait of curious little girl with big blue eyes standing close and looking in camera, holding glasses with hand.\" src=\"https:\/\/castellsimmerscom.com\/wp-content\/uploads\/2022\/12\/Close-up-portrait-of-curious-little-girl-with-big-blue-eyes-standing-close-and-looking-in-camera-holding-glasses-with-hand.-1.jpeg\" data-width=\"450\" data-height=\"300\" style=\"\" mt-d=\"0\" ml-d=\"0\" center-h-d=\"false\" center-v-d=\"false\" width=\"450\" height=\"300\" loading=\"lazy\"><\/span><\/p>\n<h6 style=\"\">Los m\u00e1s peque\u00f1os<\/h6>\n<h6 style=\"text-align: right;\">Ni\u00f1os y ni\u00f1as<\/h6>\n<p><span style=\"\"><img decoding=\"async\" alt=\"\" data-id=\"490\" data-init-width=\"1080\" data-init-height=\"607\" title=\"318871-P92O5X-695\" src=\"https:\/\/castellsimmerscom.com\/wp-content\/uploads\/2022\/12\/318871-P92O5X-695-1.jpg\" data-width=\"450\" data-height=\"253\" style=\"\" ml-d=\"0\" mt-d=\"0\" center-h-d=\"false\" width=\"450\" height=\"253\" loading=\"lazy\"><\/span><span style=\"\"><img decoding=\"async\" alt=\"\" data-id=\"1290\" data-init-width=\"1461\" data-init-height=\"1040\" title=\"406441-PCVSU6-812-2\" src=\"https:\/\/castellsimmerscom.com\/wp-content\/uploads\/2022\/12\/406441-PCVSU6-812-2-1.jpg\" data-width=\"450\" data-height=\"300\" style=\"\" mt-d=\"0\" ml-d=\"0\" center-h-d=\"false\" center-v-d=\"false\" width=\"450\" height=\"300\" loading=\"lazy\"><\/span><\/p>\n<h6 style=\"\">Adolescentes<\/h6>\n<h6 style=\"text-align: right;\">J\u00f3venes<\/h6>\n<p><span style=\"\"><img decoding=\"async\" alt=\"\" data-id=\"1294\" data-init-width=\"1080\" data-init-height=\"809\" title=\"Young beautiful woman looking at camera.Trendy girl in casual summer white T-shirt and jeans shorts in round sunglasses. Positive female shows facial emotions. Funny model isolated on blue\" src=\"https:\/\/castellsimmerscom.com\/wp-content\/uploads\/2022\/12\/15817-1080p-1.jpg\" data-width=\"450\" data-height=\"253\" style=\"\" ml-d=\"0\" mt-d=\"0\" center-h-d=\"false\" width=\"450\" height=\"253\" loading=\"lazy\"><\/span><span style=\"\"><img decoding=\"async\" alt=\"\" data-id=\"475\" data-init-width=\"1840\" data-init-height=\"1228\" title=\"552906-PK36QF-848-3\" src=\"https:\/\/castellsimmerscom.com\/wp-content\/uploads\/2022\/12\/552906-PK36QF-848-3-1.jpg\" data-width=\"450\" data-height=\"300\" style=\"\" mt-d=\"0\" ml-d=\"0\" center-h-d=\"false\" center-v-d=\"false\" width=\"450\" height=\"300\" loading=\"lazy\"><\/span><\/p>\n<h6 style=\"\">Adultos<\/h6>\n<h6 style=\"text-align: right;\">Empresas &amp; profesionales<\/h6>\n<p><span style=\"\"><img decoding=\"async\" alt=\"\" data-id=\"1300\" data-init-width=\"720\" data-init-height=\"376\" title=\"Businessman standing with arms crossed\" src=\"https:\/\/castellsimmerscom.com\/wp-content\/uploads\/2022\/12\/1034-1.jpg\" data-width=\"450\" data-height=\"253\" style=\"\" ml-d=\"0\" mt-d=\"0\" center-h-d=\"false\" width=\"450\" height=\"253\" loading=\"lazy\"><\/span><span style=\"\"><img decoding=\"async\" alt=\"\" data-id=\"1307\" data-init-width=\"1920\" data-init-height=\"1080\" title=\"image02\" src=\"https:\/\/castellsimmerscom.com\/wp-content\/uploads\/2022\/12\/image02-1.jpg\" data-width=\"450\" data-height=\"300\" style=\"\" mt-d=\"0\" ml-d=\"0\" center-h-d=\"false\" center-v-d=\"false\" width=\"450\" height=\"300\" loading=\"lazy\"><\/span><\/p>\n<h6 style=\"\">Cursos online<\/h6>\n<h6 style=\"text-align: right;\">Cursos en el extranjero<\/h6>\n<p><span style=\"\"><img decoding=\"async\" alt=\"\" data-id=\"1311\" data-init-width=\"720\" data-init-height=\"480\" title=\"470378-PG0TLZ-541\" src=\"https:\/\/castellsimmerscom.com\/wp-content\/uploads\/2022\/12\/470378-PG0TLZ-541-1.jpg\" data-width=\"450\" data-height=\"253\" style=\"\" ml-d=\"0\" mt-d=\"0\" center-h-d=\"false\" width=\"450\" height=\"253\" loading=\"lazy\"><\/span><span style=\"\"><img decoding=\"async\" alt=\"\" data-id=\"1315\" data-init-width=\"1000\" data-init-height=\"635\" title=\"wanted-project-manager\" src=\"https:\/\/castellsimmerscom.com\/wp-content\/uploads\/2022\/12\/wanted-project-manager-1.jpg\" data-width=\"450\" data-height=\"300\" style=\"\" mt-d=\"0\" ml-d=\"0\" center-h-d=\"false\" center-v-d=\"false\" width=\"450\" height=\"300\" loading=\"lazy\"><\/span><\/p>\n<h6 style=\"\">Traducci\u00f3n &amp; Interpretaci\u00f3n<\/h6>\n<h6 style=\"text-align: right;\">Clases privadas<\/h6>\n<p><span style=\"\"><img decoding=\"async\" alt=\"\" data-id=\"1318\" data-init-width=\"1920\" data-init-height=\"1080\" title=\"One-on-one-coaching\" src=\"https:\/\/castellsimmerscom.com\/wp-content\/uploads\/2022\/12\/One-on-one-coaching-1.jpg\" data-width=\"450\" data-height=\"253\" style=\"\" ml-d=\"0\" mt-d=\"0\" center-h-d=\"false\" width=\"450\" height=\"253\" loading=\"lazy\"><\/span><\/p>\n<h2>Aprendizaje del ingl\u00e9s con profesores altamente cualificados<\/h2>\n<h2 style=\"color: var(--tcb-skin-color-0)                                                  !important; --tcb-applied-color: var$(--tcb-skin-color-0)                                                  !important;\">Sobre nosotros<\/h2>\n<h4 style=\"color: var(--tcb-skin-color-1)                          !important; --tcb-applied-color: var$(--tcb-skin-color-1)                          !important;\">Castells Immerscom<\/h4>\n<p>Castells Immerscom es una escuela de ingl\u00e9s de Manresa, Barcelona, con m\u00e1s de 50 a\u00f1os de experiencia. Somos reconocidos por los excelentes resultados acad\u00e9micos que logran nuestros estudiantes. Como empresa familiar, ahora en nuestra segunda generaci\u00f3n, hemos crecido y nos hemos adaptado a un mundo cambiante con experiencias y metodolog\u00edas de aprendizaje innovadoras. Al mismo tiempo, nos mantenemos fieles a nuestros valores tradicionales de excelente servicio al cliente y atenci\u00f3n detallada. Ense\u00f1amos ingl\u00e9s para estudiantes desde primero de primaria hasta adultos. Seguimos manteniendo, a\u00f1o tras a\u00f1o, excelentes resultados en los ex\u00e1menes oficiales de Cambridge desde First Certificate y Advanced hasta los niveles Proficiency.<\/p>\n<h3 style=\"text-align: center;\">Enviadnos un Whatsapp<\/h3>\n<p><a href=\"https:\/\/api.whatsapp.com\/send?phone=34601601810\" rel=\"\"><\/a><\/p>\n<h2 style=\"text-align: center;\">Hagan un Tour de nuestra escuela<\/h2>\n<p><span><img decoding=\"async\" alt=\"\" data-id=\"1338\" data-init-width=\"1546\" data-init-height=\"747\" title=\"Prep-centre-logo_G_W\" src=\"https:\/\/castellsimmerscom.com\/wp-content\/uploads\/2022\/12\/Prep-centre-logo_G_W-1.webp\" data-width=\"259\" data-height=\"125\" width=\"259\" height=\"125\" loading=\"lazy\"><\/span><span><img decoding=\"async\" alt=\"\" data-id=\"1335\" data-init-width=\"720\" data-init-height=\"329\" title=\"trinity-english-wikiup\" src=\"https:\/\/castellsimmerscom.com\/wp-content\/uploads\/2022\/12\/trinity-english-wikiup-1.webp\" data-width=\"259\" data-height=\"118\" width=\"259\" height=\"118\" loading=\"lazy\"><\/span><\/p>\n<h1 style=\"\">Nuestra metodologia<\/h1>\n<h2 style=\"\">Descubre c\u00f3mo podemos hacerte triunfar en ingl\u00e9s<\/h2>\n<p>Ense\u00f1anza personalizada, con un profesorado dedicado al alumno y en una empresa familiar. Ense\u00f1amos ingl\u00e9s desde 1\u00ba de primaria hasta el nivel de Proficiency e ingl\u00e9s de negocios.Se nos conoce por nuestros excelentes resultados en los ex\u00e1menes de Cambridge y nuestra atenci\u00f3n al detalle en todos los aspectos de nuestra empresa. <\/p>\n<h2 style=\"\">Lo que nuestros estudiantes cuentan...<\/h2>\n<p><span style=\"\"><img decoding=\"async\" alt=\"\" data-id=\"1350\" data-init-width=\"264\" data-init-height=\"265\" title=\"Jordi-Ratera\" src=\"https:\/\/castellsimmerscom.com\/wp-content\/uploads\/2022\/12\/Jordi-Ratera-1.png\" data-width=\"80\" data-height=\"80\" style=\"\" mt-d=\"0\" ml-d=\"-0.8829999999999956\" center-v-d=\"false\" width=\"80\" height=\"80\" loading=\"lazy\"><span style=\"\"><\/span><\/span><\/p>\n<h4 style=\"\">Jordi Ratera<\/h4>\n<p style=\"\">CEO Ratera industries<\/p>\n<p>Les hores passen volant perqu\u00e8 tens la sensaci\u00f3d\u2019aprendre i interactues amb altra gent<span style=\"\"><img decoding=\"async\" alt=\"\" data-id=\"1365\" data-init-width=\"262\" data-init-height=\"267\" title=\"Dani-Corrons\" src=\"https:\/\/castellsimmerscom.com\/wp-content\/uploads\/2022\/12\/Dani-Corrons-1.png\" data-width=\"80\" data-height=\"80\" style=\"\" mt-d=\"0\" ml-d=\"-0.8829999999999956\" center-v-d=\"false\" width=\"80\" height=\"80\" loading=\"lazy\"><span style=\"\"><\/span><\/span><\/p>\n<h4 style=\"\">Daniel Corrons<\/h4>\n<p style=\"\">director<\/p>\n<p>T\u2019ajuda a guanyar solv\u00e8nciai a perdre la por amb l\u2019angl\u00e8s en situacions del diaa dia a la feina<span style=\"\"><img decoding=\"async\" alt=\"\" data-id=\"1362\" data-init-width=\"258\" data-init-height=\"153\" title=\"Jordi-Puig\" src=\"https:\/\/castellsimmerscom.com\/wp-content\/uploads\/2022\/12\/Jordi-Puig-1.png\" data-width=\"80\" data-height=\"80\" style=\"\" mt-d=\"0\" ml-d=\"-0.8829999999999956\" center-v-d=\"false\" width=\"80\" height=\"80\" loading=\"lazy\"><span style=\"\"><\/span><\/span><\/p>\n<h4 style=\"\">Jordi Puig <\/h4>\n<p style=\"\">director ferrer incode <\/p>\n<p style=\"\">Le curs de Business English \u00e9s excel\u00b7lent. Gran nivell professional i personal dels teachers, materials molt \u00fatils, i lloc idoni. Qualitat humana i involucraci\u00f3 al 120% dels professionals. Molt recomanable. <\/p>\n<p><span style=\"\"><img decoding=\"async\" alt=\"\" data-id=\"1359\" data-init-width=\"258\" data-init-height=\"154\" title=\"Manel-Urquijo\" src=\"https:\/\/castellsimmerscom.com\/wp-content\/uploads\/2022\/12\/Manel-Urquijo-1.png\" data-width=\"80\" data-height=\"80\" style=\"\" mt-d=\"0\" ml-d=\"-0.8829999999999956\" center-v-d=\"false\" width=\"80\" height=\"80\" loading=\"lazy\"><span style=\"\"><\/span><\/span><\/p>\n<h4>Manel Urquijo<\/h4>\n<p style=\"\">CEO &amp; Partner en IKI Group<\/p>\n<p>Tinc poc temps per a l'angl\u00e8s. He fet 3 cursos d'angl\u00e8s professional. a l'Hotel M\u00f3n i m'ha ajudat molt. Un intensiu com aquest amb la implicaci\u00f3 dels professors i material a mida \u00e9s la millor manera d'avan\u00e7ar.&nbsp;<span style=\"\"><img decoding=\"async\" alt=\"\" data-id=\"1356\" data-init-width=\"258\" data-init-height=\"156\" title=\"Marta-Perarnau\" src=\"https:\/\/castellsimmerscom.com\/wp-content\/uploads\/2022\/12\/Marta-Perarnau-1.png\" data-width=\"80\" data-height=\"80\" style=\"\" mt-d=\"0\" ml-d=\"-0.8829999999999956\" center-v-d=\"false\" width=\"80\" height=\"80\" loading=\"lazy\"><span style=\"\"><\/span><\/span><\/p>\n<h4>Marta Perarnau<\/h4>\n<p style=\"\">Estudiant<\/p>\n<p>Els millors mesos de la meva vida, una experi\u00e8ncia que no olbidar\u00e9. El meu angl\u00e8s va millorar molt\u00edssim i les amistats que vaig fer encara duern i segur que duraran molt m\u00e9s.<span style=\"\"><img decoding=\"async\" alt=\"\" data-id=\"1353\" data-init-width=\"258\" data-init-height=\"153\" title=\"Joan-Massip\" src=\"https:\/\/castellsimmerscom.com\/wp-content\/uploads\/2022\/12\/Joan-Massip-1.png\" data-width=\"80\" data-height=\"80\" style=\"\" mt-d=\"0\" ml-d=\"-0.8829999999999956\" center-v-d=\"false\" width=\"80\" height=\"80\" loading=\"lazy\"><span style=\"\"><\/span><\/span><\/p>\n<h4>Joan Massip<\/h4>\n<p style=\"\">Estudiant<\/p>\n<p style=\"\">Cada mat\u00ed feia 3 hores de classe i a la tarde activitats de lleure. El meu nivell d'angl\u00e8s ha millorat. Va ser una experi\u00e8ncia molt xula i aquest estiu repetir\u00e9<\/p>\n<h2 style=\"text-align: center;\">lo \u00faltimo de nuestro blog<\/h2>\n<p style=\"\"><span data-shortcode=\"tcb_post_published_date\" data-shortcode-name=\"Post date\" data-extra_key=\"\" data-attr-type=\"published\" data-attr-date-format-select=\"F j, Y\" data-attr-date-format=\"F j, Y\" data-attr-show-time=\"0\" data-attr-time-format-select=\"g:i a\" data-attr-time-format=\"\" data-attr-link=\"0\" data-attr-target=\"1\" data-attr-rel=\"0\" data-option-inline=\"1\">November 30, 2020 <\/span><\/p>\n<p><a href=\"https:\/\/castellsimmerscom.com\/es\/an-introduction-to-conditional-tenses-in-english\/\" dynamic-postlink=\"tcb_post_the_permalink\" data-shortcode-id=\"1\"><\/a><\/p>\n<h2 style=\"\"><span data-shortcode=\"tcb_post_title\" data-shortcode-name=\"Post title\" data-extra_key=\"\" data-attr-link=\"1\" data-attr-target=\"0\" data-attr-rel=\"0\" data-option-inline=\"1\" data-attr-static-link=\"{&quot;className&quot;:&quot;&quot;,&quot;href&quot;:&quot;https:\/\/castellsimmerscom.com\/es\/an-introduction-to-conditional-tenses-in-english\/&quot;,&quot;title&quot;:&quot;An introduction to conditional tenses in English&quot;,&quot;class&quot;:&quot;&quot;}\" data-attr-css=\"\"><a href=\"https:\/\/castellsimmerscom.com\/es\/an-introduction-to-conditional-tenses-in-english\/\" title=\"An introduction to conditional tenses in English\" data-css=\"\">An introduction to conditional tenses in English<\/a><\/span><\/h2>\n<h2 style=\"font-size: 35px !important;\">Suscr\u00edbete. Te mantendremos informado con nuestras not\u00edcias<\/h2>\n","protected":false},"excerpt":{"rendered":"<p>EXCELENCIA EN INGL\u00c9S \u00bfEn que te podemos ayudar? Cursos disponibles Los m\u00e1s peque\u00f1os Ni\u00f1os y ni\u00f1as Adolescentes J\u00f3venes Adultos Empresas &amp; profesionales Cursos online Cursos en el extranjero Traducci\u00f3n &amp; Interpretaci\u00f3n Clases privadas Aprendizaje del ingl\u00e9s con profesores altamente cualificados Sobre nosotros Castells Immerscom Castells Immerscom es una escuela de ingl\u00e9s de Manresa, Barcelona, con [&hellip;]<\/p>\n","protected":false},"author":1,"featured_media":0,"parent":0,"menu_order":0,"comment_status":"closed","ping_status":"closed","template":"","meta":{"productId":0,"courseId":0,"footnotes":""},"class_list":["post-2108","page","type-page","status-publish","hentry","post-wrapper","thrv_wrapper"],"_links":{"self":[{"href":"https:\/\/castellsimmerscom.com\/es\/wp-json\/wp\/v2\/pages\/2108","targetHints":{"allow":["GET"]}}],"collection":[{"href":"https:\/\/castellsimmerscom.com\/es\/wp-json\/wp\/v2\/pages"}],"about":[{"href":"https:\/\/castellsimmerscom.com\/es\/wp-json\/wp\/v2\/types\/page"}],"author":[{"embeddable":true,"href":"https:\/\/castellsimmerscom.com\/es\/wp-json\/wp\/v2\/users\/1"}],"replies":[{"embeddable":true,"href":"https:\/\/castellsimmerscom.com\/es\/wp-json\/wp\/v2\/comments?post=2108"}],"version-history":[{"count":15,"href":"https:\/\/castellsimmerscom.com\/es\/wp-json\/wp\/v2\/pages\/2108\/revisions"}],"predecessor-version":[{"id":4706,"href":"https:\/\/castellsimmerscom.com\/es\/wp-json\/wp\/v2\/pages\/2108\/revisions\/4706"}],"wp:attachment":[{"href":"https:\/\/castellsimmerscom.com\/es\/wp-json\/wp\/v2\/media?parent=2108"}],"curies":[{"name":"wp","href":"https:\/\/api.w.org\/{rel}","templated":true}]}}