{"id":2003,"date":"2022-12-05T08:56:22","date_gmt":"2022-12-05T08:56:22","guid":{"rendered":"https:\/\/castellsimmerscom.com\/cambridge-first-certificate-in-english-b2\/"},"modified":"2025-01-10T17:41:39","modified_gmt":"2025-01-10T17:41:39","slug":"cambridge-first-certificate-in-english-b2","status":"publish","type":"page","link":"https:\/\/castellsimmerscom.com\/es\/cambridge-first-certificate-in-english-b2\/","title":{"rendered":"Cambridge First Certificate in English (B2)"},"content":{"rendered":"<h1 style=\"color: rgb(0, 0, 0) !important; --tcb-applied-color: rgb(0, 0, 0)  !important;\">Cambridge First Certificate in English (B2)<\/h1>\n<p style=\"color: rgb(0, 0, 0) !important; --tcb-applied-color: rgb(0, 0, 0)  !important;\">Descubre las t\u00e9cnicas secretas para aprobar el First Certificate in English y prep\u00e1rate para triunfar<\/p>\n<p style=\"color: rgb(0, 0, 0) !important; --tcb-applied-color: rgb(0, 0, 0)  !important;\"><strong>123 estudiantes inscritos<\/strong><\/p>\n<p style=\"color: rgb(0, 0, 0) !important; --tcb-applied-color: rgb(0, 0, 0)  !important;\"><strong>\u00daltima actualizaci\u00f3n: 10\/2020<\/strong><\/p>\n<p style=\"color: rgb(0, 0, 0) !important; --tcb-applied-color: rgb(0, 0, 0)  !important;\"><strong>Creado por Andrew Ambrosius<\/strong><\/p>\n<ul style=\"\">\n<li style=\"\"><span style=\"\">Lenguaje: ingl\u00e9s<\/span><\/li>\n<li style=\"\"><span style=\"\">Duraci\u00f3n del curso: 8 - 10 semanas (incluye acceso ilimitado por 12 meses)<\/span><\/li>\n<li style=\"\"><span style=\"\">Dedicaci\u00f3n: 4 - 5 &nbsp;horas a la semana (aprendizaje a tu propio ritmo)<\/span><\/li>\n<\/ul>\n<p><span><img decoding=\"async\" alt=\"\" data-id=\"2877\" data-init-width=\"1920\" data-init-height=\"1280\" title=\"man-791049_1920\" src=\"https:\/\/castellsimmerscom.com\/wp-content\/uploads\/2022\/12\/man-791049_1920-3-1.jpg\" data-width=\"357\" data-height=\"238\" style=\"aspect-ratio: auto 1920 \/ 1280;\" width=\"357\" height=\"238\" loading=\"lazy\"><span style=\"\"><\/span><\/span><\/p>\n<p style=\"text-align: center;\">\u20ac199,00<\/p>\n<ul style=\"\">\n<li style=\"\"><span style=\"\">Programa completo para prepararte para presentar el examen First Certificate in English<\/span><\/li>\n<\/ul>\n<p style=\"text-align: center;\">Garant\u00eda de devoluci\u00f3n del dinero en 30 d\u00edas<\/p>\n<p style=\"\">Este curso incluye:<\/p>\n<ul style=\"\">\n<li style=\"\"><span style=\"\">12 meses de acceso<\/span><\/li>\n<li style=\"\"><span style=\"\">25 m\u00f3dulos basados en videos<\/span><\/li>\n<li style=\"\"><span style=\"\">M\u00e1s de 50 lecciones en video que explican cada aspecto del examen<\/span><\/li>\n<li style=\"\"><span style=\"\">Cientos de ejercicios de pr\u00e1ctica de gram\u00e1tica, comprensi\u00f3n auditiva, lectura, escritura, producci\u00f3n oral y pronunciaci\u00f3n<\/span><\/li>\n<li style=\"\"><span style=\"\">Ex\u00e1menes de pr\u00e1ctica oficiales para cada parte del examen<\/span><\/li>\n<li style=\"\"><span style=\"\">Actividades de pr\u00e1ctica con realimentaci\u00f3n instant\u00e1nea<\/span><\/li>\n<li style=\"\"><span style=\"\">Simulaciones de ex\u00e1menes oficiales con la progresi\u00f3n del curso<\/span><\/li>\n<li style=\"\"><span style=\"\">Certificado de finalizaci\u00f3n del curso<\/span><\/li>\n<li style=\"\"><span style=\"\">Garant\u00eda de devoluci\u00f3n del dinero en 30 d\u00edas<\/span><\/li>\n<\/ul>\n<h2 style=\"\"><strong>Qu\u00e9 aprender\u00e1s<\/strong><\/h2>\n<ul style=\"\">\n<li style=\"\"><span style=\"\">C\u00f3mo completar cada parte del examen eficazmente para obtener una puntuaci\u00f3n alta<\/span><\/li>\n<li style=\"\"><span style=\"\">Comprender una gran variedad de textos<\/span><\/li>\n<li style=\"\"><span style=\"\">Expresarte correctamente en situaciones formales<\/span><\/li>\n<li style=\"\"><span style=\"\">Comprender programas en ingl\u00e9s en la radio o la televisi\u00f3n<\/span><\/li>\n<li style=\"\"><span style=\"\">Mantener conversaciones sobre diversos temas y dar tus opiniones con argumentos<\/span><\/li>\n<\/ul>\n<ul style=\"\">\n<li style=\"\"><span style=\"\">Producir un discurso claro sobre diferentes temas, expresando tu punto de vista, opiniones y recomendaciones<\/span><\/li>\n<li style=\"\"><span style=\"\">Los deberes en casa son una parte esencial del curso, ya que te permitir\u00e1n identificar, practicar y mejorar las \u00e1reas en las que debas trabajar con la ayuda de los reportes que entregues a tu profesor<\/span><\/li>\n<li style=\"\"><span style=\"\">Practicar con ex\u00e1menes oficiales y recibir tus resultados para mejorar<\/span><\/li>\n<\/ul>\n<p style=\"\"><strong>Beneficios de la certificaci\u00f3n First Certificate<\/strong><\/p>\n<ul style=\"\">\n<li style=\"\"><span style=\"\">Obtienes un certificado reconocido mundialmente<\/span><\/li>\n<li style=\"\"><span style=\"\">Adem\u00e1s, este certificado es v\u00e1lido de por vida<\/span><\/li>\n<li style=\"\"><span style=\"\">Muestra tu confianza en el uso de la lengua inglesa en situaciones reales<\/span><\/li>\n<\/ul>\n<h2 style=\"\">Introducci\u00f3n<\/h2>\n<p>Este curso te proporcionar\u00e1 las estrategias y la confianza para obtener una de las m\u00e1s prestigiosas certificaciones del ingl\u00e9s en el mundo. &nbsp;Nuestro curso en l\u00ednea con 25 m\u00f3dulos, m\u00e1s de 400 actividades, 56 lecciones en video y acceso a muchos otros recursos te permitir\u00e1 prepararte para el examen oficial a tu propia conveniencia y disponibilidad.Una certificaci\u00f3n en una lengua te abrir\u00e1 muchas puertas y allanar\u00e1 el camino para que tengas m\u00e1s oportunidades en tus estudios o carrera. Esta es una certificaci\u00f3n mundialmente reconocida que no s\u00f3lo mejorar\u00e1 tu nivel de ingl\u00e9s, sino que te beneficiar\u00e1 en otros aspectos de tu vida.<strong>El curso FCE incluye:<\/strong><\/p>\n<ul>\n<li>100% aprendizaje en l\u00ednea con un tutor experimentado y calificado<\/li>\n<li>25 m\u00f3dulos basados en videos<\/li>\n<li>M\u00e1s de 400 cuestionarios, ejercicios y material de pr\u00e1ctica<\/li>\n<li>M\u00e1s de 50 lecciones en video que explican cada aspecto del examen<\/li>\n<li>4 ex\u00e1menes oficiales de pr\u00e1ctica<\/li>\n<li>12 meses de acceso continuo e ilimitado 24\/7, 365 d\u00edas al a\u00f1o<\/li>\n<li>Apoyo v\u00eda email de tu tutor asignado<\/li>\n<li>Certificado de finalizaci\u00f3n del curso<\/li>\n<\/ul>\n<h2 style=\"\"><strong>Lo que dicen nuestros alumnos<\/strong><\/h2>\n<h2 style=\"\">Opini\u00f3n destacada<\/h2>\n<p><span><img decoding=\"async\" alt=\"\" data-id=\"161\" title=\"paula-150x150\" src=\"https:\/\/castellsimmerscom.com\/wp-content\/uploads\/2022\/12\/paula-150x150-9-1.jpg\" style=\"aspect-ratio: auto 150 \/ 150;\" data-width=\"46\" data-height=\"46\" data-init-width=\"150\" data-init-height=\"150\" width=\"46\" height=\"46\" loading=\"lazy\"><\/span><\/p>\n<p style=\"\">Paula Perez<\/p>\n<p style=\"\">Tengo contacto con empresas internacionales y es muy com\u00fan que tenga que asistir a reuniones con personas extranjeras. As\u00ed que he intentado mejorar mi ingl\u00e9s con cursos online. Castells Immerscom me ha ayudado a mejorar en mi trabajo.<\/p>\n<h2 style=\"\"><strong>Contenido del curso<\/strong><\/h2>\n<p>  <span><img decoding=\"async\" alt=\"\" data-id=\"1589\" title=\"ELE_6481_Bw_1080P-1\" src=\"https:\/\/castellsimmerscom.com\/wp-content\/uploads\/2022\/12\/ELE_6481_Bw_1080P-1-8-1.jpg\" style=\"aspect-ratio: auto 1080 \/ 717;\" data-width=\"170\" data-height=\"113\" data-init-width=\"1080\" data-init-height=\"717\" width=\"170\" height=\"113\" loading=\"lazy\"><\/span><\/p>\n<ul style=\"\">\n<li style=\"margin-bottom: 10px !important;\">  <span style=\"\">4.8 instructor rating<\/span><\/li>\n<li style=\"margin-bottom: 10px !important;\">  <span style=\"\">359 reviews<\/span><\/li>\n<li style=\"margin-bottom: 10px !important;\">  <span style=\"\">1,563 students<\/span><\/li>\n<li><span>Over 12 years coaching experience<\/span><\/li>\n<\/ul>\n<h2 style=\"\"><strong>Andrew Ambrosius<\/strong><\/h2>\n<h3 style=\"\">FOUNDER, trainer and coach<\/h3>\n<p style=\"\">Hi, I\u2019m Andrew!I\u2019m often asked about my history and career as a business owner, trainer and coach, so I thought I would share that with you here\u2026<a href=\"https:\/\/theartofbusinessenglish.com\/about\/\" style=\"outline: none;\" data-tcb_hover_state_parent=\"\">&nbsp;Read more<\/a><a href=\"\/about\/\" style=\"outline: none;\"><\/a><\/p>\n<h3 style=\"\"><strong>RESE\u00d1AS<\/strong><\/h3>\n<h2 style=\"\">Opiniones de alumnos<\/h2>\n<p style=\"text-align: center;\">4.8<\/p>\n<p style=\"text-align: center;\">Evaluaci\u00f3n del curso<\/p>\n<p><span><img decoding=\"async\" alt=\"\" data-id=\"159\" title=\"jordi-150x150\" src=\"https:\/\/castellsimmerscom.com\/wp-content\/uploads\/2022\/12\/jordi-150x150-9-1.jpg\" style=\"aspect-ratio: auto 150 \/ 150;\" data-width=\"50\" data-height=\"50\" data-init-width=\"150\" data-init-height=\"150\" width=\"50\" height=\"50\" loading=\"lazy\"><\/span><\/p>\n<p style=\"\">Jordi Pe\u00f1a<\/p>\n<p style=\"\">Muchas gracias por ayudarme a mejorar mi ingl\u00e9s de negocios. He aprendido muchas t\u00e9cnicas con estas clases de coaching.<\/p>\n<p><span><img decoding=\"async\" alt=\"\" data-id=\"157\" title=\"marta-150x150\" src=\"https:\/\/castellsimmerscom.com\/wp-content\/uploads\/2022\/12\/marta-150x150-9-1.jpg\" style=\"aspect-ratio: auto 150 \/ 150;\" data-width=\"50\" data-height=\"50\" data-init-width=\"150\" data-init-height=\"150\" width=\"50\" height=\"50\" loading=\"lazy\"><\/span><\/p>\n<p style=\"\">Marta Ribera<\/p>\n<p style=\"\">Si quieres tener una visi\u00f3n m\u00e1s amplia de la comunicaci\u00f3n global, Castells Immerscom es una de las mejores maneras de conseguirlo. \u00a1Muy recomendable!<\/p>\n<p><span><img decoding=\"async\" alt=\"\" data-id=\"161\" title=\"paula-150x150\" src=\"https:\/\/castellsimmerscom.com\/wp-content\/uploads\/2022\/12\/paula-150x150-9-1.jpg\" style=\"aspect-ratio: auto 150 \/ 150;\" data-width=\"50\" data-height=\"50\" data-init-width=\"150\" data-init-height=\"150\" width=\"50\" height=\"50\" loading=\"lazy\"><\/span><\/p>\n<p style=\"\">Paula Perez<\/p>\n<p style=\"\">Tengo contacto con empresas internacionales y es muy com\u00fan que tenga que asistir a reuniones con personas extranjeras. As\u00ed que he intentado mejorar mi ingl\u00e9s con cursos online. Castells Immerscom me ha ayudado a mejorar en mi trabajo.<\/p>\n","protected":false},"excerpt":{"rendered":"<p>Cambridge First Certificate in English (B2) Descubre las t\u00e9cnicas secretas para aprobar el First Certificate in English y prep\u00e1rate para triunfar 123 estudiantes inscritos \u00daltima actualizaci\u00f3n: 10\/2020 Creado por Andrew Ambrosius Lenguaje: ingl\u00e9s Duraci\u00f3n del curso: 8 &#8211; 10 semanas (incluye acceso ilimitado por 12 meses) Dedicaci\u00f3n: 4 &#8211; 5 &nbsp;horas a la semana (aprendizaje [&hellip;]<\/p>\n","protected":false},"author":1,"featured_media":0,"parent":0,"menu_order":0,"comment_status":"closed","ping_status":"closed","template":"","meta":{"productId":0,"courseId":0,"footnotes":""},"class_list":["post-2003","page","type-page","status-publish","hentry","post-wrapper","thrv_wrapper"],"_links":{"self":[{"href":"https:\/\/castellsimmerscom.com\/es\/wp-json\/wp\/v2\/pages\/2003","targetHints":{"allow":["GET"]}}],"collection":[{"href":"https:\/\/castellsimmerscom.com\/es\/wp-json\/wp\/v2\/pages"}],"about":[{"href":"https:\/\/castellsimmerscom.com\/es\/wp-json\/wp\/v2\/types\/page"}],"author":[{"embeddable":true,"href":"https:\/\/castellsimmerscom.com\/es\/wp-json\/wp\/v2\/users\/1"}],"replies":[{"embeddable":true,"href":"https:\/\/castellsimmerscom.com\/es\/wp-json\/wp\/v2\/comments?post=2003"}],"version-history":[{"count":8,"href":"https:\/\/castellsimmerscom.com\/es\/wp-json\/wp\/v2\/pages\/2003\/revisions"}],"predecessor-version":[{"id":6717,"href":"https:\/\/castellsimmerscom.com\/es\/wp-json\/wp\/v2\/pages\/2003\/revisions\/6717"}],"wp:attachment":[{"href":"https:\/\/castellsimmerscom.com\/es\/wp-json\/wp\/v2\/media?parent=2003"}],"curies":[{"name":"wp","href":"https:\/\/api.w.org\/{rel}","templated":true}]}}