{"id":1946,"date":"2022-12-05T06:43:24","date_gmt":"2022-12-05T06:43:24","guid":{"rendered":"https:\/\/castellsimmerscom.com\/business-idioms-1\/"},"modified":"2025-01-13T19:24:03","modified_gmt":"2025-01-13T19:24:03","slug":"business-idioms-1","status":"publish","type":"page","link":"https:\/\/castellsimmerscom.com\/es\/business-idioms-1\/","title":{"rendered":"Business Idioms 1"},"content":{"rendered":"<h1 style=\"color: rgb(0, 0, 0) !important; --tcb-applied-color: rgb(0, 0, 0)  !important;\">Business Idioms 1<\/h1>\n<h5 style=\"\">Este curso de seis m\u00f3dulos ayuda a los aprendientes de ingl\u00e9s a construir su conocimiento de las expresiones idiom\u00e1ticas y su comprensi\u00f3n de estas en diferentes escenarios de negocios.En el curso cubrimos expresiones idiom\u00e1ticas de mercadotecnia, finanzas, conducta, operaciones y producci\u00f3n, as\u00ed como de administraci\u00f3n y planeaci\u00f3n. Cada m\u00f3dulo presenta un amplio rango de expresiones idiom\u00e1ticas, con explicaciones detalladas, situaciones basadas en escenarios para favorecer un aprendizaje contextual y ejercicios pr\u00e1cticos para garantizar la adquisici\u00f3n de conocimientos. <\/h5>\n<p style=\"color: rgb(0, 0, 0) !important; --tcb-applied-color: rgb(0, 0, 0)  !important;\"><strong>28 estudiantes inscritos<\/strong><\/p>\n<p style=\"color: rgb(0, 0, 0) !important; --tcb-applied-color: rgb(0, 0, 0)  !important;\"><strong>\u00daltima actualizaci\u00f3n: 10\/2020<\/strong><\/p>\n<p style=\"color: rgb(14, 14, 14) !important; --tcb-applied-color: rgb(14, 14, 14)  !important;\"><strong>Creado por Lloic Bellet<\/strong><\/p>\n<ul style=\"\">\n<li style=\"\"><span style=\"color: rgb(20, 20, 20) !important; --tcb-applied-color: rgb(20, 20, 20)  !important;\">Lenguaje: ingl\u00e9s<\/span><\/li>\n<li style=\"\"><span style=\"color: rgb(20, 20, 20) !important; --tcb-applied-color: rgb(20, 20, 20)  !important;\">Duraci\u00f3n del curso: 6 - 8 semanas (incluye acceso de por vida a todas las actualizaciones)<\/span><\/li>\n<li style=\"\"><span style=\"color: rgb(20, 20, 20) !important; --tcb-applied-color: rgb(20, 20, 20)  !important;\">Dedicaci\u00f3n: 3 &nbsp;horas a la semana (aprendizaje a tu propio ritmo)<\/span><\/li>\n<\/ul>\n<p><span><img decoding=\"async\" alt=\"\" data-id=\"5669\" data-init-width=\"336\" data-init-height=\"280\" title=\"business idioms_product image\" src=\"https:\/\/castellsimmerscom.com\/wp-content\/uploads\/2022\/12\/business-idioms_product-image-1.png\" data-width=\"357\" data-height=\"297\" style=\"aspect-ratio: auto 336 \/ 280;\" loading=\"lazy\" width=\"357\" height=\"297\"><span style=\"\"><\/span><\/span><\/p>\n<p style=\"text-align: center;\">\u20ac49,00<\/p>\n<ul style=\"\">\n<li style=\"\"><span style=\"\">Business Idioms 1<\/span><\/li>\n<\/ul>\n<p style=\"\">ESTE CURSO INCLUYE:<\/p>\n<ul>\n<li style=\"\"><span style=\"\">expresiones idiom\u00e1ticas para mercadotecnia<\/span><\/li>\n<li style=\"\"><span style=\"\">expresiones idiom\u00e1ticas para conducta<\/span><\/li>\n<li style=\"\"><span style=\"\">expresiones idiom\u00e1ticas para operaciones y producci\u00f3n<\/span><\/li>\n<li style=\"\"><span style=\"\">expresiones idiom\u00e1ticas para administraci\u00f3n<\/span><\/li>\n<li style=\"\"><span style=\"\">expresiones idiom\u00e1ticas para planeaci\u00f3n<\/span><\/li>\n<\/ul>\n<h2>Descripci\u00f3n<\/h2>\n<p style=\"text-align: left;\">Has estado estudiando ingl\u00e9s durante mucho tiempo y sientes que tienes un amplio vocabulario a tu disposici\u00f3n. El problema es que te parece dif\u00edcil entender a tus colegas nativos en el trabajo, especialmente cuando utilizan \"esas\" expresiones. Los hablantes nativos de ingl\u00e9s emplean muchas expresiones idiom\u00e1ticas que pueden ser confusas. Puedes entender las palabras individuales que contiene la expresi\u00f3n, pero no entiendes lo que significa en realidad la expresi\u00f3n completa. Por ejemplo si tu jefe te dice que necesitas \"step up\" y \"sort things out\", puedes tener problemas para encontrarle sentido a estas frases.Comprender y utilizar expresiones idiom\u00e1ticas en ingl\u00e9s te ayudar\u00e1 a expresarte m\u00e1s eficazmente en tu trabajo. Las expresiones idiom\u00e1ticas usualmente son utilizadas como un atajo, una forma de formular un concepto o idea de una manera corta y memorable. Los humanos utilizamos expresiones idiom\u00e1ticas para involucrar a nuestros escuchas y enfatizar nuestras ideas y opiniones. Si empleas expresiones idiom\u00e1ticas, ser\u00e1s capaz de comunicarte de una forma m\u00e1s rica y natural.Este curso te ense\u00f1ar\u00e1 una gran cantidad de expresiones idiom\u00e1ticas en ingl\u00e9s que com\u00fanmente se utilizan en el trabajo. Ser\u00e1s capaz de construir relaciones m\u00e1s fuertes con tus colegas y clientes de habla inglesa al utilizar su mismo lenguaje.Cada video tiene una duraci\u00f3n de entre 3 y 5 minutos y te presenta una aproximaci\u00f3n basada en escenarios para mejorar tu conocimiento de las expresiones idiom\u00e1ticas. Este curso cubre las siguientes \u00e1reas de negocios:<\/p>\n<ul>\n<li style=\"text-align: left;\">M\u00f3dulo 1: mercadotecnia<\/li>\n<li style=\"text-align: left;\">M\u00f3dulo 2: finanzas<\/li>\n<li style=\"text-align: left;\">M\u00f3dulo 3: conducta<\/li>\n<li style=\"text-align: left;\">M\u00f3dulo 4: operaciones y producci\u00f3n<\/li>\n<li style=\"text-align: left;\">M\u00f3dulo 5: administraci\u00f3n<\/li>\n<li style=\"text-align: left;\">M\u00f3dulo 6: planeaci\u00f3n<\/li>\n<\/ul>\n<p>Cada lecci\u00f3n dentro de cada m\u00f3dulo contiene la explicaci\u00f3n de una expresi\u00f3n idiom\u00e1tica, el di\u00e1logo de cada escenario y ejercicios pr\u00e1cticos para asegurar que entiendas cada expresi\u00f3n.<\/p>\n<h2><strong>Para qui\u00e9n es este curso:<\/strong><\/h2>\n<ul>\n<li style=\"text-align: left;\">Adultos aprendientes de ingl\u00e9s como segunda lengua.<\/li>\n<li style=\"text-align: left;\">Profesionales que necesitan utilizar el ingl\u00e9s en el trabajo<\/li>\n<li style=\"text-align: left;\">Cualquiera con un nivel intermedio de ingl\u00e9s que quiera expandir su conocimiento de las expresiones idiom\u00e1ticas y mejorar sus habilidaddes de escucha y lectura.<\/li>\n<\/ul>\n<h2 style=\"\"><strong>Lo que dicen nuestros alumnos<\/strong><\/h2>\n<h2 style=\"\">Opini\u00f3n destacada<\/h2>\n<p><span><img decoding=\"async\" alt=\"\" data-id=\"161\" title=\"paula-150x150\" src=\"https:\/\/castellsimmerscom.com\/wp-content\/uploads\/2022\/12\/paula-150x150-4-1.jpg\" style=\"aspect-ratio: auto 150 \/ 150;\" data-width=\"46\" data-height=\"46\" data-init-width=\"150\" data-init-height=\"150\" loading=\"lazy\" width=\"46\" height=\"46\"><\/span><\/p>\n<p style=\"\">Paula Perez<\/p>\n<p style=\"\">Tengo contacto con empresas internacionales y es muy com\u00fan que tenga que asistir a reuniones con personas extranjeras. As\u00ed que he intentado mejorar mi ingl\u00e9s con cursos online. Castells Immerscom me ha ayudado a mejorar en mi trabajo.<\/p>\n<p>  <span><img decoding=\"async\" alt=\"\" data-id=\"4286\" title=\"Loic Bellet\" src=\"https:\/\/castellsimmerscom.com\/wp-content\/uploads\/2022\/12\/IMG_3158-copy-1.png\" style=\"aspect-ratio: auto 570 \/ 603;\" data-width=\"170\" data-height=\"180\" data-init-width=\"570\" data-init-height=\"603\" loading=\"lazy\" width=\"170\" height=\"180\"><\/span><\/p>\n<ul style=\"\">\n<li style=\"margin-bottom: 10px !important;\">  <span style=\"\">4.8 instructor rating<\/span><\/li>\n<li style=\"margin-bottom: 10px !important;\">  <span style=\"\">58 reviews<\/span><\/li>\n<li style=\"margin-bottom: 10px !important;\">  <span style=\"\">236 students<\/span><\/li>\n<li><span>Over 5 years coaching experience<\/span><\/li>\n<\/ul>\n<h2><strong>Lloic Bellet<\/strong><\/h2>\n<h3 style=\"\">trainer and coach<\/h3>\n<p>I am a native English speaker based in Johannesburg, South Africa. Corporate executive by day with over 20 years of experience in international trade and business management. First of all, my focus is helping you improve your English conversation!In addition to an MBA and Member of IATEFL, I hold TEFL + online teaching certification. I am:1. online and offline TEFL qualified2. qualified to teach business English online3. fluent in the language of business&nbsp;4. able to converse at different levels of business management5. available one-on-one as an English tutor at italki<\/p>\n<p>Because YOU have important business discussions and English conversations YOU want to participate in, I specialize in Business conversational English. Sessions are aimed at improving your ability to communicate across a variety of business topics.<\/p>\n<h3 style=\"\"><strong>REVIEWS<\/strong><\/h3>\n<h2 style=\"\">Student feedback<\/h2>\n<p style=\"text-align: center;\">4.7<\/p>\n<p style=\"text-align: center;\">Course Rating<\/p>\n<p><span><img decoding=\"async\" alt=\"\" data-id=\"159\" title=\"jordi-150x150\" src=\"https:\/\/castellsimmerscom.com\/wp-content\/uploads\/2022\/12\/jordi-150x150-4-1.jpg\" style=\"aspect-ratio: auto 150 \/ 150;\" data-width=\"50\" data-height=\"50\" data-init-width=\"150\" data-init-height=\"150\" loading=\"lazy\" width=\"50\" height=\"50\"><\/span><\/p>\n<p style=\"\">Jordi Pe\u00f1a<\/p>\n<p style=\"\">Muchas gracias por ayudarme a mejorar mi ingl\u00e9s de negocios. He aprendido muchas t\u00e9cnicas con estas clases de coaching.<\/p>\n<p><span><img decoding=\"async\" alt=\"\" data-id=\"157\" title=\"marta-150x150\" src=\"https:\/\/castellsimmerscom.com\/wp-content\/uploads\/2022\/12\/marta-150x150-4-1.jpg\" style=\"aspect-ratio: auto 150 \/ 150;\" data-width=\"50\" data-height=\"50\" data-init-width=\"150\" data-init-height=\"150\" loading=\"lazy\" width=\"50\" height=\"50\"><\/span><\/p>\n<p style=\"\">Marta Ribera<\/p>\n<p style=\"\">Si quieres tener una visi\u00f3n m\u00e1s amplia de la comunicaci\u00f3n global, Castells Immerscom es una de las mejores maneras de conseguirlo. \u00a1Muy recomendable!<\/p>\n<p><span><img decoding=\"async\" alt=\"\" data-id=\"161\" title=\"paula-150x150\" src=\"https:\/\/castellsimmerscom.com\/wp-content\/uploads\/2022\/12\/paula-150x150-4-1.jpg\" style=\"aspect-ratio: auto 150 \/ 150;\" data-width=\"50\" data-height=\"50\" data-init-width=\"150\" data-init-height=\"150\" loading=\"lazy\" width=\"50\" height=\"50\"><\/span><\/p>\n<p style=\"\">Paula Perez<\/p>\n<p style=\"\">Tengo contacto con empresas internacionales y es muy com\u00fan que tenga que asistir a reuniones con personas extranjeras. As\u00ed que he intentado mejorar mi ingl\u00e9s con cursos online. Castells Immerscom me ha ayudado a mejorar en mi trabajo.<\/p>\n","protected":false},"excerpt":{"rendered":"<p>Business Idioms 1 Este curso de seis m\u00f3dulos ayuda a los aprendientes de ingl\u00e9s a construir su conocimiento de las expresiones idiom\u00e1ticas y su comprensi\u00f3n de estas en diferentes escenarios de negocios.En el curso cubrimos expresiones idiom\u00e1ticas de mercadotecnia, finanzas, conducta, operaciones y producci\u00f3n, as\u00ed como de administraci\u00f3n y planeaci\u00f3n. Cada m\u00f3dulo presenta un amplio [&hellip;]<\/p>\n","protected":false},"author":1,"featured_media":0,"parent":0,"menu_order":0,"comment_status":"closed","ping_status":"closed","template":"","meta":{"productId":0,"courseId":0,"footnotes":""},"class_list":["post-1946","page","type-page","status-publish","hentry","post-wrapper","thrv_wrapper"],"_links":{"self":[{"href":"https:\/\/castellsimmerscom.com\/es\/wp-json\/wp\/v2\/pages\/1946","targetHints":{"allow":["GET"]}}],"collection":[{"href":"https:\/\/castellsimmerscom.com\/es\/wp-json\/wp\/v2\/pages"}],"about":[{"href":"https:\/\/castellsimmerscom.com\/es\/wp-json\/wp\/v2\/types\/page"}],"author":[{"embeddable":true,"href":"https:\/\/castellsimmerscom.com\/es\/wp-json\/wp\/v2\/users\/1"}],"replies":[{"embeddable":true,"href":"https:\/\/castellsimmerscom.com\/es\/wp-json\/wp\/v2\/comments?post=1946"}],"version-history":[{"count":7,"href":"https:\/\/castellsimmerscom.com\/es\/wp-json\/wp\/v2\/pages\/1946\/revisions"}],"predecessor-version":[{"id":6761,"href":"https:\/\/castellsimmerscom.com\/es\/wp-json\/wp\/v2\/pages\/1946\/revisions\/6761"}],"wp:attachment":[{"href":"https:\/\/castellsimmerscom.com\/es\/wp-json\/wp\/v2\/media?parent=1946"}],"curies":[{"name":"wp","href":"https:\/\/api.w.org\/{rel}","templated":true}]}}