{"id":1903,"date":"2022-12-05T06:03:51","date_gmt":"2022-12-05T06:03:51","guid":{"rendered":"https:\/\/castellsimmerscom.com\/business-english-for-companies-and-professionals\/"},"modified":"2023-01-16T17:45:21","modified_gmt":"2023-01-16T17:45:21","slug":"ingles-de-negocios-para-profesionales","status":"publish","type":"page","link":"https:\/\/castellsimmerscom.com\/es\/ingles-de-negocios-para-profesionales\/","title":{"rendered":"Ingl\u00e9s de negocios para profesionales"},"content":{"rendered":"<h3 style=\"text-align: left;\">Metodolog\u00eda<\/h3>\n<p>La escuela ofrece una ense\u00f1anza del ingl\u00e9s basada en t\u00e9cnicas muy innovadoras. Ofrecemos a los profesionales de los negocios la posibilidad de clases particulares, centradas en t\u00e9cnicas ling\u00fc\u00edsticas que pueden ser aplicadas en entornos laborales de habla inglesa. Nuestros cursos ofrecen flexibilidad a las empresas y a los individuos. Ofrecemos todas las clases individuales en persona o en l\u00ednea a trav\u00e9s de nuestra plataforma. Tambi\u00e9n ofrecemos aprendizaje de ingl\u00e9s combinado, con el uso de nuestro campus en l\u00ednea. Usando la plataforma, los estudiantes pueden trabajar con el material en casa en su tiempo libre. Esto les permite aprovechar al m\u00e1ximo las clases presenciales para mejorar las habilidades de conversaci\u00f3n y mejorar cualquier \u00e1rea en la que los estudiantes puedan tener preguntas o dificultades.<\/p>\n<h4>Ingl\u00e9s de negocios<\/h4>\n<p>Tenemos una amplia oferta de cursos de ingl\u00e9s presenciales individuales o en grupos de octubre a junio, as\u00ed como programas intensivos. Los cursos var\u00edan en intensidad y frecuencia dependiendo de las necesidades de los estudiantes. Ofrecemos especializaciones en todos los casos: ingl\u00e9s financiero, ingl\u00e9s especializado para una amplia gama de profesionales, redacci\u00f3n de documentos, etc. Nos adaptamos a los horarios de cada cliente e incluimos la posibilidad de recuperar sesiones que han tenido que ser canceladas por alguna raz\u00f3n. En Castells Immerscom ayudamos a las empresas a aprovechar los planes del Gobierno puestos a su disposici\u00f3n por medio de la Fundaci\u00f3n Tripartita, que presta apoyo financiero al sector empresarial para la formaci\u00f3n de personal. As\u00ed, todos los trabajadores no aut\u00f3nomos pueden acceder a los cursos de formaci\u00f3n sin que la empresa incurra en casi ning\u00fan coste.<\/p>\n<h4 data-hide=\"true\" style=\"\">Cursos academicos<\/h4>\n<p style=\"font-size: 16px !important;\">En la academia Castells Immerscom contamos con un equipo de profesores expertos y nativos y ofrecemos una amplia gama de cursos a todos los niveles, desde el b\u00e1sico hasta el superior, as\u00ed como clases de ingl\u00e9s de negocios y de conversaci\u00f3n, cada uno con su propio material especialmente preparado.<\/p>\n<h4 data-hide=\"true\" style=\"\">English 360<\/h4>\n<p style=\"line-height: 1.75em !important; font-size: 16px !important;\">La nueva propuesta que hemos creado para facilitar el aprendizaje del ingl\u00e9s.Os ofrecemos ENGLISH 360: un nuevo proyecto de clases flexibles para personas con poco tiempo, con horarios rotativos o con unas necesidades muy espec\u00edficas.\u00bfY c\u00f3mo funciona? Pod\u00e9is hacerlo de dos formas: o reservando un paquete de horas de clases particulares o en grupo reducido; o bien pod\u00e9is reservar solo el horario de clase que os pueda interesar de forma aleatoria y que mejor se adapte a vuestro horario. Tambi\u00e9n pod\u00e9is escoger la duraci\u00f3n de las clases (30, 45, 60 o 90 minutos), y si las quer\u00e9is de forma online o v\u00eda telef\u00f3nica.Nosotros nos adaptamos a vuestro nivel y objetivos, ya sea ingl\u00e9s general o de negocios, proporcionando las herramientas y los recursos necesarios para poder dar un servicio \u00f3ptimo. Solo hace falta un ordenador de sobremesa, port\u00e1til, m\u00f3vil o tableta con conexi\u00f3n a Internet.<\/p>\n<h4 data-hide=\"true\">Cursos intensivos<\/h4>\n<p style=\"font-size: 16px !important;\">En Castells Immerscom School of English podemos ofrecer sesiones intensivas de entrenamiento de 1 o 2 d\u00edas para personas que necesitan centrarse en necesidades de aprendizaje muy espec\u00edficas.Nuestros cursos de entrenamiento est\u00e1n dise\u00f1ados para cubrir \u00e1reas de desarrollo personal, habilidades de comunicaci\u00f3n social e interpersonal, as\u00ed como el desarrollo de presentaciones y la preparaci\u00f3n de eventos.Nuestra metodolog\u00eda se basa en el trabajo en estrecha colaboraci\u00f3n con el estudiante para que pueda superar cualquier reto ling\u00fc\u00edstico y para ayudarle a sentirse m\u00e1s seguro y preparado para cualquier situaci\u00f3n de negocios que pueda enfrentar en ingl\u00e9s.Nuestro equipo de profesionales tiene m\u00e1s de 10 a\u00f1os de experiencia en la ense\u00f1anza del ingl\u00e9s. Adem\u00e1s, han trabajado en muchas \u00e1reas de negocios y traen a la clase esta experiencia combinada como profesionales de negocios y profesores de ingl\u00e9s.<\/p>\n<h4 data-hide=\"true\">Sesiones privadas<\/h4>\n<p style=\"line-height: 1.75em !important; font-size: 16px !important;\">Para los empresarios que tienen objetivos de aprendizaje espec\u00edficos y necesitan un enfoque r\u00e1pido para alcanzarlos, ofrecemos sesiones de entrenamiento individuales en bloques de 2 o 3 horas. Nuestro equipo profesional puede ayudar a cualquiera que necesite completar r\u00e1pidamente un objetivo relacionado con el ingl\u00e9s de negocios. Por ejemplo, en situaciones en las que alguien que tiene una presentaci\u00f3n importante, o una reuni\u00f3n que debe ser completada con \u00e9xito.<\/p>\n<p style=\"line-height: 1.75em !important; font-size: 16px !important;\">Ofrecemos a nuestros clientes bloques de sesiones desde 2 horas hasta d\u00edas completos. Durante el proceso trabajamos estrechamente con el cliente para asegurarnos de que sus necesidades sean satisfechas y que el objetivo del negocio sea alcanzado en el menor tiempo posible.<\/p>\n<h3 style=\"text-align: left;\">\u00danase a nosotros y nunca se pierda los episodios de nuestro blog o podcast<\/h3>\n<p style=\"text-align: left;\">Introduzca su nombre y direcci\u00f3n de correo electr\u00f3nico y le enviaremos lecciones gratuitas y lanzamientos de podcasts.<\/p>\n","protected":false},"excerpt":{"rendered":"<p>Metodolog\u00eda La escuela ofrece una ense\u00f1anza del ingl\u00e9s basada en t\u00e9cnicas muy innovadoras. Ofrecemos a los profesionales de los negocios la posibilidad de clases particulares, centradas en t\u00e9cnicas ling\u00fc\u00edsticas que pueden ser aplicadas en entornos laborales de habla inglesa. Nuestros cursos ofrecen flexibilidad a las empresas y a los individuos. Ofrecemos todas las clases individuales [&hellip;]<\/p>\n","protected":false},"author":1,"featured_media":0,"parent":0,"menu_order":0,"comment_status":"closed","ping_status":"closed","template":"","meta":{"productId":0,"courseId":0,"footnotes":""},"class_list":["post-1903","page","type-page","status-publish","hentry","post-wrapper","thrv_wrapper"],"_links":{"self":[{"href":"https:\/\/castellsimmerscom.com\/es\/wp-json\/wp\/v2\/pages\/1903","targetHints":{"allow":["GET"]}}],"collection":[{"href":"https:\/\/castellsimmerscom.com\/es\/wp-json\/wp\/v2\/pages"}],"about":[{"href":"https:\/\/castellsimmerscom.com\/es\/wp-json\/wp\/v2\/types\/page"}],"author":[{"embeddable":true,"href":"https:\/\/castellsimmerscom.com\/es\/wp-json\/wp\/v2\/users\/1"}],"replies":[{"embeddable":true,"href":"https:\/\/castellsimmerscom.com\/es\/wp-json\/wp\/v2\/comments?post=1903"}],"version-history":[{"count":4,"href":"https:\/\/castellsimmerscom.com\/es\/wp-json\/wp\/v2\/pages\/1903\/revisions"}],"predecessor-version":[{"id":3773,"href":"https:\/\/castellsimmerscom.com\/es\/wp-json\/wp\/v2\/pages\/1903\/revisions\/3773"}],"wp:attachment":[{"href":"https:\/\/castellsimmerscom.com\/es\/wp-json\/wp\/v2\/media?parent=1903"}],"curies":[{"name":"wp","href":"https:\/\/api.w.org\/{rel}","templated":true}]}}