{"id":1834,"date":"2022-11-25T14:00:35","date_gmt":"2022-11-25T14:00:35","guid":{"rendered":"https:\/\/castellsimmerscom.com\/cursos-academicos\/"},"modified":"2023-01-25T10:00:17","modified_gmt":"2023-01-25T10:00:17","slug":"cursos-academicos","status":"publish","type":"page","link":"https:\/\/castellsimmerscom.com\/es\/cursos-academicos\/","title":{"rendered":"Cursos acad\u00e9micos"},"content":{"rendered":"<h2 style=\"text-align: center;\">Ingl\u00e9s para todas las edades<\/h2>\n<p style=\"text-align: center;\">Escoge un curso de la lista para clases en Manresa<\/p>\n<h5 style=\"font-size: 18px !important;\">Para los m\u00e1s peque\u00f1os<\/h5>\n<p style=\"\">Cursos para ni\u00f1os de 6 - 10 a\u00f1os<\/p>\n<h5 style=\"\">Ni\u00f1os\/as<\/h5>\n<p style=\"\">Cursos para ni\u00f1os de 10 - 14 a\u00f1os<\/p>\n<h5 style=\"\">J\u00f3venes<\/h5>\n<p style=\"\">Cursos para j\u00f3venes de 14 - 18 a\u00f1os <\/p>\n<h5 style=\"font-size: 18px !important;\">Adultos jovenes<\/h5>\n<p style=\"\">Cursos para J\u00f3venes<\/p>\n<h5 style=\"font-size: 18px !important;\">Adultos<\/h5>\n<p style=\"\">Cursos para adultos de cualquier nivel y edad<\/p>\n<h1 style=\"\">Empieza tu camino de aprendizaje<\/h1>\n<p>Estamos aqui para ayudarte en todos los pasos. Cont\u00e1ctanos para una entrevista y responderemos todas tus dudas. <\/p>\n<h3 style=\"text-align: left;\">Inscr\u00edbete y obt\u00e9n lecciones en ingl\u00e9s gratuitas cada semana.<\/h3>\n","protected":false},"excerpt":{"rendered":"<p>Ingl\u00e9s para todas las edades Escoge un curso de la lista para clases en Manresa Para los m\u00e1s peque\u00f1os Cursos para ni\u00f1os de 6 &#8211; 10 a\u00f1os Ni\u00f1os\/as Cursos para ni\u00f1os de 10 &#8211; 14 a\u00f1os J\u00f3venes Cursos para j\u00f3venes de 14 &#8211; 18 a\u00f1os Adultos jovenes Cursos para J\u00f3venes Adultos Cursos para adultos de [&hellip;]<\/p>\n","protected":false},"author":1,"featured_media":0,"parent":0,"menu_order":0,"comment_status":"closed","ping_status":"closed","template":"","meta":{"productId":0,"courseId":0,"footnotes":""},"class_list":["post-1834","page","type-page","status-publish","hentry","post-wrapper","thrv_wrapper"],"_links":{"self":[{"href":"https:\/\/castellsimmerscom.com\/es\/wp-json\/wp\/v2\/pages\/1834","targetHints":{"allow":["GET"]}}],"collection":[{"href":"https:\/\/castellsimmerscom.com\/es\/wp-json\/wp\/v2\/pages"}],"about":[{"href":"https:\/\/castellsimmerscom.com\/es\/wp-json\/wp\/v2\/types\/page"}],"author":[{"embeddable":true,"href":"https:\/\/castellsimmerscom.com\/es\/wp-json\/wp\/v2\/users\/1"}],"replies":[{"embeddable":true,"href":"https:\/\/castellsimmerscom.com\/es\/wp-json\/wp\/v2\/comments?post=1834"}],"version-history":[{"count":6,"href":"https:\/\/castellsimmerscom.com\/es\/wp-json\/wp\/v2\/pages\/1834\/revisions"}],"predecessor-version":[{"id":3824,"href":"https:\/\/castellsimmerscom.com\/es\/wp-json\/wp\/v2\/pages\/1834\/revisions\/3824"}],"wp:attachment":[{"href":"https:\/\/castellsimmerscom.com\/es\/wp-json\/wp\/v2\/media?parent=1834"}],"curies":[{"name":"wp","href":"https:\/\/api.w.org\/{rel}","templated":true}]}}