{"id":1726,"date":"2022-11-23T11:39:58","date_gmt":"2022-11-23T11:39:58","guid":{"rendered":"https:\/\/castellsimmerscom.com\/how-to-engage-people-in-conversation\/"},"modified":"2025-01-13T19:13:48","modified_gmt":"2025-01-13T19:13:48","slug":"how-to-engage-people-in-conversation","status":"publish","type":"page","link":"https:\/\/castellsimmerscom.com\/es\/how-to-engage-people-in-conversation\/","title":{"rendered":"How to Engage People in Conversation"},"content":{"rendered":"<h1 style=\"color: var(--tcb-skin-color-4)  !important; --tcb-applied-color: var$(--tcb-skin-color-4)  !important;\">How to Engage People in Conversation<\/h1>\n<p style=\"color: var(--tcb-skin-color-4)  !important; --tcb-applied-color: var$(--tcb-skin-color-4)  !important;\">Con este curso te ense\u00f1ar\u00e9 mi sistema completo para involucrar a la gente en una conversaci\u00f3n con confianza. Este es el sistema completo y factible que he ense\u00f1ado durante muchos a\u00f1os para lograr que mis alumnos obtengan los resultados que desean.Este curso basado en videos, con ejercicios pr\u00e1cticos, ayuda a los aprendientes de ingl\u00e9s a sentir confianza desde el primer paso. &nbsp;Te proporcionar\u00e9 conocimiento pr\u00e1ctico y aplicable que puedes comenzar a usar en tu pr\u00f3ximo evento social.<\/p>\n<p style=\"color: var(--tcb-skin-color-4)  !important; --tcb-applied-color: var$(--tcb-skin-color-4)  !important;\"><strong><strong>396&nbsp;<\/strong>estudiantes inscritos<\/strong><\/p>\n<p style=\"color: var(--tcb-skin-color-4)  !important; --tcb-applied-color: var$(--tcb-skin-color-4)  !important;\"><strong><strong>\u00daltima actualizaci\u00f3n: 10<\/strong>\/2020<\/strong><\/p>\n<p style=\"\"><strong><strong>Creado por&nbsp;<\/strong>Andrew Ambrosius<\/strong><\/p>\n<ul style=\"\">\n<li style=\"\"><span style=\"\"><span style=\"\">Lenguaje: ingl\u00e9s<\/span><\/span><\/li>\n<li style=\"\"><span style=\"\"><span style=\"\">Duraci\u00f3n del curso: 8 - 10 semanas (incluye acceso de por vida a todas las actualizaciones)<\/span><\/span><\/li>\n<li style=\"\"><span style=\"\"><span style=\"\">Dedicaci\u00f3n: 3 &nbsp;horas a la semana (aprendizaje a tu propio ritmo)<\/span><\/span><\/li>\n<\/ul>\n<p><span><img decoding=\"async\" alt=\"\" data-id=\"4153\" data-init-width=\"1200\" data-init-height=\"628\" title=\"AOBE-1200x628-socialise\" src=\"https:\/\/castellsimmerscom.com\/wp-content\/uploads\/2022\/11\/AOBE-1200x628-socialise-1.png\" data-width=\"357\" data-height=\"187\" style=\"aspect-ratio: auto 1200 \/ 628;\" loading=\"lazy\" width=\"357\" height=\"187\"><\/span><\/p>\n<p style=\"text-align: center;\">\u20ac99,00<\/p>\n<ul style=\"\">\n<li style=\"\"><span style=\"\"><span>El sistema completo para socializar con confianza<\/span><\/span><\/li>\n<\/ul>\n<p style=\"text-align: center;\">Garant\u00eda de devoluci\u00f3n del dinero en 30 d\u00edas<\/p>\n<p style=\"\">Este curso incluye:<\/p>\n<ul style=\"\">\n<li style=\"\"><span style=\"\"><span>Acceso de por vida<\/span><\/span><\/li>\n<li style=\"\"><span style=\"\"><span>Lecciones en video bajo demanda<\/span><\/span><\/li>\n<li style=\"\"><span style=\"\"><span>Teor\u00eda, ejercicios pr\u00e1cticos y correcciones<\/span><\/span><\/li>\n<li style=\"\"><span style=\"\"><span>Garant\u00eda de devoluci\u00f3n del dinero en 30 d\u00edas<\/span><\/span><\/li>\n<\/ul>\n<h2><strong>Qu\u00e9 aprender\u00e1s<\/strong><\/h2>\n<ul style=\"\">\n<li style=\"\"><span style=\"\"><span>Gram\u00e1tica esencial para socializar, como preguntas abiertas vs. cerradas. Usar pronombres interrogativos, el Presente perfecto y preguntas cortas<\/span><\/span><\/li>\n<li style=\"\"><span style=\"\"><span>C\u00f3mo escuchar eficazmente y mantener una conversaci\u00f3n en marcha<\/span><\/span><\/li>\n<li style=\"\"><span style=\"\"><span>C\u00f3mo mostrar inter\u00e9s en una conversaci\u00f3n<\/span><\/span><\/li>\n<\/ul>\n<ul style=\"\">\n<li style=\"\"><span style=\"\"><span>Lenguaje esencial y conjunto de habilidades para mantener fluyendo una conversaci\u00f3n<\/span><\/span><\/li>\n<li style=\"\"><span style=\"\"><span>La mejor manera para mostrar a otra persona que est\u00e1s interesado en la conversaci\u00f3n<\/span><\/span><\/li>\n<li style=\"\"><span style=\"\"><span>Entender c\u00f3mo dar respuestas correctas a buenas y malas noticias<\/span><\/span><\/li>\n<li style=\"\"><span style=\"\"><span>C\u00f3mo finalizar una conversaci\u00f3n<\/span><\/span><\/li>\n<\/ul>\n<h2>Introducci\u00f3n<\/h2>\n<p><strong>Cubrimos todo lo que necesitas para hacerlo bien y evitar todos los problemas listados a continuaci\u00f3n:<\/strong><\/p>\n<ul>\n<li><strong>Gram\u00e1tica esencial:<\/strong> Todo lo que necesitas saber respecto a formular preguntas, usar preguntas cortas y pronombres interrogativos.<\/li>\n<li><strong>C\u00f3mo abrir una conversaci\u00f3n:<\/strong> Todos los pasos y consejos que te ayudar\u00e1n a \"romper el hielo\" y superar la parte m\u00e1s dif\u00edcil de cualquier conversaci\u00f3n.<\/li>\n<li><strong>C\u00f3mo mejorar tus habilidades de escucha:<\/strong>&nbsp; Todo lo que necesitas para convertirte en un mejor escucha y mostrar empat\u00eda hacia los dem\u00e1s.<\/li>\n<li><strong>C\u00f3mo mantener en marcha una conversaci\u00f3n:&nbsp;<\/strong>Todos los consejos y habilidades que necesitas para mantener una conversaci\u00f3n y hacer f\u00e1cil a la otra persona responder.<\/li>\n<li><strong>C\u00f3mo reaccionar a las noticias:<\/strong> Todo lo que necesitas aprender para responder adecuadamente a las noticias que recibas.<\/li>\n<li><strong>C\u00f3mo cerrar una conversaci\u00f3n:<\/strong> Todo lo que necesitas saber para llevar una conversaci\u00f3n a un cierre satisfactorio.<\/li>\n<\/ul>\n<h2><strong>Lo que dicen nuestros alumnos<\/strong><\/h2>\n<h2>Opini\u00f3n destacada<\/h2>\n<p><span><img decoding=\"async\" alt=\"\" data-id=\"161\" title=\"paula-150x150\" src=\"https:\/\/castellsimmerscom.com\/wp-content\/uploads\/2022\/11\/paula-150x150-3-1.jpg\" style=\"aspect-ratio: auto 150 \/ 150;\" data-width=\"46\" data-height=\"46\" data-init-width=\"150\" data-init-height=\"150\" loading=\"lazy\" width=\"46\" height=\"46\"><\/span><\/p>\n<p style=\"\">Paula Perez<\/p>\n<p style=\"\">Tengo contacto con empresas internacionales y es muy com\u00fan que tenga que asistir a reuniones con personas extranjeras. As\u00ed que he intentado mejorar mi ingl\u00e9s con cursos online. Castells Immerscom me ha ayudado a mejorar en mi trabajo.<\/p>\n<h2><strong>Contenido del curso<\/strong><\/h2>\n<p>  <span><img decoding=\"async\" alt=\"\" data-id=\"1589\" title=\"ELE_6481_Bw_1080P-1\" src=\"https:\/\/castellsimmerscom.com\/wp-content\/uploads\/2022\/11\/ELE_6481_Bw_1080P-1-2-1.jpg\" style=\"aspect-ratio: auto 1080 \/ 717;\" data-width=\"170\" data-height=\"113\" data-init-width=\"1080\" data-init-height=\"717\" loading=\"lazy\" width=\"170\" height=\"113\"><\/span><\/p>\n<ul style=\"\">\n<li style=\"margin-bottom: 10px !important;\">  <span style=\"\"><span>4.8 evaluaci\u00f3n del instructor<\/span><\/span><\/li>\n<li style=\"margin-bottom: 10px !important;\">  <span style=\"\"><span>359 rese\u00f1as<\/span><\/span><\/li>\n<li style=\"margin-bottom: 10px !important;\">  <span style=\"\"><span>1,563 estudiantes<\/span><\/span><\/li>\n<li><span><span>M\u00e1s de 12 a\u00f1os de experiencia como coach<\/span><\/span><\/li>\n<\/ul>\n<h2 style=\"\"><strong>Andrew Ambrosius<\/strong><\/h2>\n<h3 style=\"\">FOUNDER, trainer and coach<\/h3>\n<p style=\"\">Hi, I\u2019m Andrew!I\u2019m often asked about my history and career as a business owner, trainer and coach, so I thought I would share that with you here\u2026<a href=\"https:\/\/theartofbusinessenglish.com\/about\/\" style=\"outline: none;\" data-tcb_hover_state_parent=\"\">&nbsp;Read more<\/a><a href=\"\/about\/\" style=\"outline: none;\"><\/a><\/p>\n<h3><strong>REse\u00f1as<\/strong><\/h3>\n<h2>Opiniones de alumnos<\/h2>\n<p style=\"text-align: center;\">4.8<\/p>\n<p style=\"text-align: center;\">Evaluaci\u00f3n del curso<\/p>\n<p><span><img decoding=\"async\" alt=\"\" data-id=\"159\" title=\"jordi-150x150\" src=\"https:\/\/castellsimmerscom.com\/wp-content\/uploads\/2022\/11\/jordi-150x150-3-1.jpg\" style=\"aspect-ratio: auto 150 \/ 150;\" data-width=\"50\" data-height=\"50\" data-init-width=\"150\" data-init-height=\"150\" loading=\"lazy\" width=\"50\" height=\"50\"><\/span><\/p>\n<p style=\"\">Jordi Pe\u00f1a<\/p>\n<p style=\"\">Muchas gracias por ayudarme a mejorar mi ingl\u00e9s de negocios. He aprendido muchas t\u00e9cnicas con estas clases de coaching.<\/p>\n<p><span><img decoding=\"async\" alt=\"\" data-id=\"157\" title=\"marta-150x150\" src=\"https:\/\/castellsimmerscom.com\/wp-content\/uploads\/2022\/11\/marta-150x150-3-1.jpg\" style=\"aspect-ratio: auto 150 \/ 150;\" data-width=\"50\" data-height=\"50\" data-init-width=\"150\" data-init-height=\"150\" loading=\"lazy\" width=\"50\" height=\"50\"><\/span><\/p>\n<p style=\"\">Marta Ribera<\/p>\n<p style=\"\">Si quieres tener una visi\u00f3n m\u00e1s amplia de la comunicaci\u00f3n global, Castells Immerscom es una de las mejores maneras de conseguirlo. \u00a1Muy recomendable!<\/p>\n<p><span><img decoding=\"async\" alt=\"\" data-id=\"161\" title=\"paula-150x150\" src=\"https:\/\/castellsimmerscom.com\/wp-content\/uploads\/2022\/11\/paula-150x150-3-1.jpg\" style=\"aspect-ratio: auto 150 \/ 150;\" data-width=\"50\" data-height=\"50\" data-init-width=\"150\" data-init-height=\"150\" loading=\"lazy\" width=\"50\" height=\"50\"><\/span><\/p>\n<p style=\"\">Paula Perez<\/p>\n<p style=\"\">Tengo contacto con empresas internacionales y es muy com\u00fan que tenga que asistir a reuniones con personas extranjeras. As\u00ed que he intentado mejorar mi ingl\u00e9s con cursos online. Castells Immerscom me ha ayudado a mejorar en mi trabajo.<\/p>\n","protected":false},"excerpt":{"rendered":"<p>How to Engage People in Conversation Con este curso te ense\u00f1ar\u00e9 mi sistema completo para involucrar a la gente en una conversaci\u00f3n con confianza. Este es el sistema completo y factible que he ense\u00f1ado durante muchos a\u00f1os para lograr que mis alumnos obtengan los resultados que desean.Este curso basado en videos, con ejercicios pr\u00e1cticos, ayuda [&hellip;]<\/p>\n","protected":false},"author":1,"featured_media":0,"parent":0,"menu_order":0,"comment_status":"closed","ping_status":"closed","template":"","meta":{"productId":0,"courseId":0,"footnotes":""},"class_list":["post-1726","page","type-page","status-publish","hentry","post-wrapper","thrv_wrapper"],"_links":{"self":[{"href":"https:\/\/castellsimmerscom.com\/es\/wp-json\/wp\/v2\/pages\/1726","targetHints":{"allow":["GET"]}}],"collection":[{"href":"https:\/\/castellsimmerscom.com\/es\/wp-json\/wp\/v2\/pages"}],"about":[{"href":"https:\/\/castellsimmerscom.com\/es\/wp-json\/wp\/v2\/types\/page"}],"author":[{"embeddable":true,"href":"https:\/\/castellsimmerscom.com\/es\/wp-json\/wp\/v2\/users\/1"}],"replies":[{"embeddable":true,"href":"https:\/\/castellsimmerscom.com\/es\/wp-json\/wp\/v2\/comments?post=1726"}],"version-history":[{"count":12,"href":"https:\/\/castellsimmerscom.com\/es\/wp-json\/wp\/v2\/pages\/1726\/revisions"}],"predecessor-version":[{"id":6757,"href":"https:\/\/castellsimmerscom.com\/es\/wp-json\/wp\/v2\/pages\/1726\/revisions\/6757"}],"wp:attachment":[{"href":"https:\/\/castellsimmerscom.com\/es\/wp-json\/wp\/v2\/media?parent=1726"}],"curies":[{"name":"wp","href":"https:\/\/api.w.org\/{rel}","templated":true}]}}