{"id":5416,"date":"2023-12-07T13:58:25","date_gmt":"2023-12-07T13:58:25","guid":{"rendered":"https:\/\/castellsimmerscom.com\/product\/cambridge-preliminary-certificate-in-english-b1\/"},"modified":"2024-03-01T19:22:09","modified_gmt":"2024-03-01T19:22:09","slug":"cambridge-preliminary-certificate-in-english-online-course-b1","status":"publish","type":"product","link":"https:\/\/castellsimmerscom.com\/en\/product\/cambridge-preliminary-certificate-in-english-online-course-b1\/","title":{"rendered":"Cambridge Preliminary Certificate in English online course (B1)"},"content":{"rendered":"<h2 style=\"text-align: center;\">Achieve Cambridge English: Preliminary (PET) Excellence - From Anywhere, at Any Time<\/h2>\n<p>\u00a0<\/p>\n<p><span style=\"\"><img decoding=\"async\" alt=\"\" data-id=\"5250\" width=\"191\" data-init-width=\"235\" height=\"174\" data-init-height=\"214\" title=\"pet\" src=\"https:\/\/castellsimmerscom.com\/wp-content\/uploads\/2023\/11\/pet.jpg\" data-width=\"191\" data-height=\"174\" style=\"aspect-ratio: auto 235 \/ 214;\" mt-d=\"0\" loading=\"lazy\"><span style=\"\"><\/span><\/span><\/p>\n<h2 style=\"\">Embarka't en el teu cam\u00ed cap a la compet\u00e8ncia en angl\u00e8s - La teva preparaci\u00f3 ideal per al PET adaptada al teu estil de vida<\/h2>\n<p>Inicia un cam\u00ed sense complicacions cap a la conquesta de l'examen Cambridge English: Preliminary (PET) amb el nostre curs d'autoestudi en l\u00ednia. Assegura el teu acc\u00e9s durant tot un any al nostre complet conjunt de recursos, meticulosament seleccionats per impulsar-te cap a l'\u00e8xit en el PET.<\/p>\n<\/p>\n<h4 style=\"\">Sobre el Curs<\/h4>\n<p>La nostra formaci\u00f3 al teu ritme est\u00e0 dissenyada per armarte amb una \u00e0mplia gamma de materials educatius, formulats per oferir el domini en cada categoria de l'examen PET. Delicia't amb la flexibilitat d'una experi\u00e8ncia d'aprenentatge modelada al voltant dels teus compromisos personals i prefer\u00e8ncies d'estudi.<\/p>\n<h3 style=\"\">La teva Aventura d'Aprenentatge Inclou:<\/h3>\n<h4 style=\"\">Acc\u00e9s Il\u00b7limitat d'un Any:<\/h4>\n<p>Interactua amb el nostre contingut premium als teus propis termes, incorporant sessions d'estudi al voltant de la teva vida di\u00e0ria.<\/p>\n<h4 style=\"\">Tallers de Gram\u00e0tica i Vocabulari:<\/h4>\n<p style=\"line-height: 1.75em !important;\">Consolida la teva base ling\u00fc\u00edstica amb una varietat d'exercicis interactius i tasques per expandir el teu vocabulari.<\/p>\n<h4 style=\"\">M\u00f2duls de Lectura i Audici\u00f3:<\/h4>\n<p style=\"line-height: 1.75em !important;\">Millora les teves habilitats de comprensi\u00f3 i interpretaci\u00f3 a trav\u00e9s d'activitats atractives i espec\u00edfiques segons el tema.<\/p>\n<h4 style=\"\">Guies de Conversa i Pronunciaci\u00f3:<\/h4>\n<p>Millora les teves habilitats comunicatives i la confian\u00e7a al parlar amb exercicis enfocats.<\/p>\n<h4 style=\"\">Ex\u00e0mens Simulats Complets del PET:<\/h4>\n<p style=\"line-height: 1.75em !important;\">Avalua la teva preparaci\u00f3 i acostuma't al format del PET a trav\u00e9s dels nostres tests de pr\u00e0ctica complets.<\/p>\n<h4 style=\"\">Videos d'aprenentatge<\/h4>\n<p style=\"line-height: 1.75em !important;\">Lli\u00e7ons expliquen cada part de l'examen amb consells i trucs sobre com aconseguir una nota alta.<\/p>\n<h4 style=\"text-align: center;\">Caracter\u00edstiques Exclusives del Curs:<\/h4>\n<ul>\n<li><span style=\"\"><strong>Estudia Quan Vulguis:<\/strong> Gaudeix de la llibertat sense horaris fixos de classe ni terminis, perfecte per als aprenents auto-motivats.<\/span><\/li>\n<li><span style=\"\"><strong>M\u00e8triques de Progr\u00e9s Continuades:<\/strong> Mantingues un control consistent sobre els teus avan\u00e7os amb el nostre sistema estrat\u00e8gic de q\u00fcizzes i avaluacions.<\/span><\/li>\n<li><span style=\"\"><strong>Material Preparat Espec\u00edficament per al PET:<\/strong> Cada pe\u00e7a de contingut est\u00e0 feta a mida per abordar les habilitats requeres per a cada part de l'examen PET.<\/span><\/li>\n<li><span style=\"\"><strong>Acc\u00e9s Global: <\/strong>Tot el que necessites \u00e9s una connexi\u00f3 a internet per transformar qualsevol espai en la teva aula personal.<\/span><\/li>\n<\/ul>\n<p><strong>Comprom\u00eds amb la Qualitat<\/strong><\/p>\n<p>El nostre enfocament resumeix anys d'experi\u00e8ncia en l'ensenyament d'angl\u00e8s i la preparaci\u00f3 per a ex\u00e0mens de Cambridge en un paquet definitiu d'autoestudi.<\/p>\n<p><strong>Garantia Sense Risc de 7 Dies<\/strong><\/p>\n<p>Creiem tan fermament en els beneficis del nostre curs que t'oferim una garantia de satisfacci\u00f3 d'una setmana. Si el nostre curs no compleix amb les teves expectatives, tens dret a un reemborsament complet.<\/p>\n<p><strong>Comunitat d'Hist\u00f2ries d'\u00c8xit:<\/strong><\/p>\n<p>\"La flexibilitat va ser clau per a mi, i aquest curs en l\u00ednia em va oferir exactament aix\u00f2 i m\u00e9s.\" \u2013 Daniela M.<\/p>\n<p>\"Vaig entrar a l'examen PET sentint-me preparat i en control, gr\u00e0cies als ex\u00e0mens de pr\u00e0ctica exhaustius.\" \u2013 Rajiv K.<\/p>\n<p><strong>Comen\u00e7a Ara!<\/strong><\/p>\n<p>Un viatge de dedicaci\u00f3 amb els nostres recursos professionals \u00e9s la recepta perfecta per al \u00e8xit en l'examen PET.<\/p>\n<p style=\"text-align: center;\"><strong>Preguntes Freq\u00fcents:<\/strong><\/p>\n<p style=\"\"><strong>Prepara't per la excel\u00b7l\u00e8ncia en el Cambridge English: Preliminary (PET) amb el nostre curs d'autoestudi. Agafa les regnes del teu viatge d'aprenentatge avui!<\/strong><\/p>\n<p>La teva hist\u00f2ria d'\u00e8xit en el Cambridge English: Preliminary (PET) comen\u00e7a aqu\u00ed \u2013 fes avui el primer pas!<\/p>\n","protected":false},"excerpt":{"rendered":"<p>Achieve Cambridge English: Preliminary (PET) Excellence &#8211; From Anywhere, at Any Time \u00a0 Embarka&#8217;t en el teu cam\u00ed cap a la compet\u00e8ncia en angl\u00e8s &#8211; La teva preparaci\u00f3 ideal per al PET adaptada al teu estil de vida Inicia un cam\u00ed sense complicacions cap a la conquesta de l&#8217;examen Cambridge English: Preliminary (PET) amb el [&hellip;]<\/p>\n","protected":false},"featured_media":5255,"comment_status":"open","ping_status":"closed","template":"","meta":[],"product_brand":[],"product_cat":[132,94],"product_tag":[],"class_list":{"0":"post-5416","1":"product","2":"type-product","3":"status-publish","4":"has-post-thumbnail","6":"product_cat-cambridge-english-exam-preparation-en","7":"product_cat-onlinecourses","8":"post-wrapper","9":"thrv_wrapper","11":"first","12":"instock","13":"virtual","14":"taxable","15":"purchasable","16":"product-type-simple"},"_links":{"self":[{"href":"https:\/\/castellsimmerscom.com\/en\/wp-json\/wp\/v2\/product\/5416","targetHints":{"allow":["GET"]}}],"collection":[{"href":"https:\/\/castellsimmerscom.com\/en\/wp-json\/wp\/v2\/product"}],"about":[{"href":"https:\/\/castellsimmerscom.com\/en\/wp-json\/wp\/v2\/types\/product"}],"replies":[{"embeddable":true,"href":"https:\/\/castellsimmerscom.com\/en\/wp-json\/wp\/v2\/comments?post=5416"}],"wp:featuredmedia":[{"embeddable":true,"href":"https:\/\/castellsimmerscom.com\/en\/wp-json\/wp\/v2\/media\/5255"}],"wp:attachment":[{"href":"https:\/\/castellsimmerscom.com\/en\/wp-json\/wp\/v2\/media?parent=5416"}],"wp:term":[{"taxonomy":"product_brand","embeddable":true,"href":"https:\/\/castellsimmerscom.com\/en\/wp-json\/wp\/v2\/product_brand?post=5416"},{"taxonomy":"product_cat","embeddable":true,"href":"https:\/\/castellsimmerscom.com\/en\/wp-json\/wp\/v2\/product_cat?post=5416"},{"taxonomy":"product_tag","embeddable":true,"href":"https:\/\/castellsimmerscom.com\/en\/wp-json\/wp\/v2\/product_tag?post=5416"}],"curies":[{"name":"wp","href":"https:\/\/api.w.org\/{rel}","templated":true}]}}