{"id":727,"date":"2022-09-19T05:34:42","date_gmt":"2022-09-19T05:34:42","guid":{"rendered":"https:\/\/castellsimmerscom.com\/?page_id=727"},"modified":"2022-12-11T12:17:03","modified_gmt":"2022-12-11T12:17:03","slug":"powerful-presentations-testimonial","status":"publish","type":"page","link":"https:\/\/castellsimmerscom.com\/en\/powerful-presentations-testimonial\/","title":{"rendered":"Powerful Presentations Testimonial"},"content":{"rendered":"<h1>Powerful <span style=\"color: var(2c62c);\">Presentations&nbsp;<\/span>Programme Testimonials<\/h1>\n<p>Martin Chikilian from TopTal shares his experience on the&nbsp;<em>Powerful Presentations&nbsp;<\/em>small group coaching programme&nbsp;<\/p>\n<p><span><img decoding=\"async\" alt=\"\" data-id=\"18984\" data-init-width=\"321\" data-init-height=\"343\" title=\"Martin headshot\" src=\"https:\/\/castellsimmerscom.com\/wp-content\/uploads\/2022\/09\/Martin-headshot.png\" data-width=\"365\" data-height=\"390\" style=\"\" loading=\"lazy\" width=\"365\" height=\"390\"><\/span><\/p>\n<h2 style=\"text-align: center;\">The Challenge<\/h2>\n<p>My challenge with presentations revolves around being assertive, demonstrating that I know the subject matter I\u2019m presenting something about and making sure the audience is engaged throughout the presentation.Mi desaf\u00edo con presentaciones se centra alrededor de ser asertivo, demostrando que conozco el t\u00f3pico en cuesti\u00f3n al que la presentaci\u00f3n est\u00e1 vinculada y asegur\u00e1ndome que mi audiencia est\u00e9 comprometida en todo momento a trav\u00e9s de la presentaci\u00f3n.<\/p>\n<ul>\n<li style=\"\"><span style=\"\">How to be assertive<\/span><\/li>\n<li><span>How to come across as a subject matter expert<\/span><\/li>\n<li style=\"\"><span style=\"\">How to keep the audience engaged<\/span><\/li>\n<\/ul>\n<h2 style=\"text-align: center;\">The Solution<\/h2>\n<p>The Art of Business English\u2019s <em>Powerful Presentations<\/em> course appeared right at a time in my career when I needed it the most since, given some role changes more toward management on my end, I was supposed to give more presentations and to bigger audiences than ever before.El curso de <em>Powerful Presentations<\/em> de <em>The Art of Business English<\/em> apareci\u00f3 en el momento justo de mi carrera y cuando m\u00e1s lo necesitaba ya que, debido a algunos cambios en mi rol relacionados a management, el supuesto es que voy a dar m\u00e1s presentaciones y a audiencias m\u00e1s grandes que nunca antes he dado.<\/p>\n<h2 style=\"text-align: center;\">The Result<\/h2>\n<p>The <em>Powerful Presentations <\/em>course didn\u2019t fail to deliver and I was able to see immediate results by being able to identify failures in the way I\u2019d present something as practice throughout the course and then later on with real presentations at work, course correcting and delivering a better presentation at the end by asking better questions, answering the audience\u2019s more succinctly and engaging audiences more effectively.El curso de <em>Powerful Presentations<\/em> no fall\u00f3 en entregar los resultados que esperaba y fui capaz de ver estos resultados inmediatamente al ser consciente de los errores en la forma en que presentaba algo a trav\u00e9s del curso y luego con presentaciones reales en el trabajo, corrigiendo mi curso y entregando mejores presentaciones ya que hice mejores preguntas, respond\u00ed a las de la audiencia en una forma m\u00e1s breve y clara y compromet\u00ed a las distintas audiencias m\u00e1s efectivamente.<\/p>\n<h2>Video Testimonial&nbsp;<\/h2>\n","protected":false},"excerpt":{"rendered":"<p>Powerful Presentations&nbsp;Programme Testimonials Martin Chikilian from TopTal shares his experience on the&nbsp;Powerful Presentations&nbsp;small group coaching programme&nbsp; The Challenge My challenge with presentations revolves around being assertive, demonstrating that I know the subject matter I\u2019m presenting something about and making sure the audience is engaged throughout the presentation.Mi desaf\u00edo con presentaciones se centra alrededor de ser [&hellip;]<\/p>\n","protected":false},"author":1,"featured_media":0,"parent":0,"menu_order":0,"comment_status":"closed","ping_status":"closed","template":"","meta":{"productId":0,"courseId":0,"footnotes":""},"class_list":["post-727","page","type-page","status-publish","hentry","post-wrapper","thrv_wrapper"],"_links":{"self":[{"href":"https:\/\/castellsimmerscom.com\/en\/wp-json\/wp\/v2\/pages\/727","targetHints":{"allow":["GET"]}}],"collection":[{"href":"https:\/\/castellsimmerscom.com\/en\/wp-json\/wp\/v2\/pages"}],"about":[{"href":"https:\/\/castellsimmerscom.com\/en\/wp-json\/wp\/v2\/types\/page"}],"author":[{"embeddable":true,"href":"https:\/\/castellsimmerscom.com\/en\/wp-json\/wp\/v2\/users\/1"}],"replies":[{"embeddable":true,"href":"https:\/\/castellsimmerscom.com\/en\/wp-json\/wp\/v2\/comments?post=727"}],"version-history":[{"count":4,"href":"https:\/\/castellsimmerscom.com\/en\/wp-json\/wp\/v2\/pages\/727\/revisions"}],"predecessor-version":[{"id":3112,"href":"https:\/\/castellsimmerscom.com\/en\/wp-json\/wp\/v2\/pages\/727\/revisions\/3112"}],"wp:attachment":[{"href":"https:\/\/castellsimmerscom.com\/en\/wp-json\/wp\/v2\/media?parent=727"}],"curies":[{"name":"wp","href":"https:\/\/api.w.org\/{rel}","templated":true}]}}