{"id":622,"date":"2022-08-29T09:46:18","date_gmt":"2022-08-29T09:46:18","guid":{"rendered":"https:\/\/castellsimmerscom.com\/?page_id=622"},"modified":"2022-12-11T06:51:43","modified_gmt":"2022-12-11T06:51:43","slug":"matricula-oberta","status":"publish","type":"page","link":"https:\/\/castellsimmerscom.com\/en\/matricula-oberta\/","title":{"rendered":"Matricula Oberta"},"content":{"rendered":"<p><span style=\"\"><img decoding=\"async\" alt=\"\" data-id=\"633\" data-init-width=\"1024\" data-init-height=\"580\" title=\"15798-1080p-1024x580-1\" src=\"https:\/\/castellsimmerscom.com\/wp-content\/uploads\/2022\/08\/15798-1080p-1024x580-1.jpg\" data-width=\"946\" data-height=\"536\" style=\"\" ml-d=\"0\" center-h-d=\"false\" loading=\"lazy\" width=\"946\" height=\"536\"><\/span><\/p>\n<h1 style=\"\">Contacteu-nos per a m\u00e9s informaci\u00f3 &nbsp;<span style=\"--tcb-applied-color: var$(--tcb-skin-color-0)  !important; color: var(--tcb-skin-color-0);\">sense cap comprom\u00eds:<\/span><\/h1>\n<h6 style=\"\">Matr\u00edcula oberta per alcurs 2022-2023 i per als intensius de juliol i setembre<\/h6>\n<p style=\"\">Apunta el teu fill\/a per al nou curs 2022-2023 o per als cursos intensius de Castells Immerscom School of English. Tenim cursos per examinar-te del First, Advanced o Proficiency. Per\u00edode de matriculaci\u00f3 obert per al curs 2022-2023. Truca\u2019ns al 938733038 per reservar la teva cita pr\u00e8via.<\/p>\n<p><span style=\"\"><img decoding=\"async\" alt=\"\" data-id=\"490\" data-init-width=\"1080\" data-init-height=\"607\" title=\"318871-P92O5X-695\" src=\"https:\/\/castellsimmerscom.com\/wp-content\/uploads\/2022\/08\/318871-P92O5X-695.jpg\" data-width=\"900\" data-height=\"506\" style=\"\" ml-d=\"-39\" mt-d=\"0\" center-h-d=\"false\" loading=\"lazy\" width=\"900\" height=\"506\"><\/span><\/p>\n","protected":false},"excerpt":{"rendered":"<p>Contacteu-nos per a m\u00e9s informaci\u00f3 &nbsp;sense cap comprom\u00eds: Matr\u00edcula oberta per alcurs 2022-2023 i per als intensius de juliol i setembre Apunta el teu fill\/a per al nou curs 2022-2023 o per als cursos intensius de Castells Immerscom School of English. Tenim cursos per examinar-te del First, Advanced o Proficiency. Per\u00edode de matriculaci\u00f3 obert per [&hellip;]<\/p>\n","protected":false},"author":1,"featured_media":0,"parent":0,"menu_order":0,"comment_status":"closed","ping_status":"closed","template":"","meta":{"productId":0,"courseId":0,"footnotes":""},"class_list":["post-622","page","type-page","status-publish","hentry","post-wrapper","thrv_wrapper"],"_links":{"self":[{"href":"https:\/\/castellsimmerscom.com\/en\/wp-json\/wp\/v2\/pages\/622","targetHints":{"allow":["GET"]}}],"collection":[{"href":"https:\/\/castellsimmerscom.com\/en\/wp-json\/wp\/v2\/pages"}],"about":[{"href":"https:\/\/castellsimmerscom.com\/en\/wp-json\/wp\/v2\/types\/page"}],"author":[{"embeddable":true,"href":"https:\/\/castellsimmerscom.com\/en\/wp-json\/wp\/v2\/users\/1"}],"replies":[{"embeddable":true,"href":"https:\/\/castellsimmerscom.com\/en\/wp-json\/wp\/v2\/comments?post=622"}],"version-history":[{"count":15,"href":"https:\/\/castellsimmerscom.com\/en\/wp-json\/wp\/v2\/pages\/622\/revisions"}],"predecessor-version":[{"id":2834,"href":"https:\/\/castellsimmerscom.com\/en\/wp-json\/wp\/v2\/pages\/622\/revisions\/2834"}],"wp:attachment":[{"href":"https:\/\/castellsimmerscom.com\/en\/wp-json\/wp\/v2\/media?parent=622"}],"curies":[{"name":"wp","href":"https:\/\/api.w.org\/{rel}","templated":true}]}}