{"id":527,"date":"2022-08-22T10:16:36","date_gmt":"2022-08-22T10:16:36","guid":{"rendered":"https:\/\/castellsimmerscom.com\/?page_id=527"},"modified":"2022-12-10T11:03:08","modified_gmt":"2022-12-10T11:03:08","slug":"english-for-young-children","status":"publish","type":"page","link":"https:\/\/castellsimmerscom.com\/en\/english-for-young-children\/","title":{"rendered":"English For Young Children"},"content":{"rendered":"<p><span style=\"\"><img decoding=\"async\" alt=\"\" data-id=\"531\" data-init-width=\"1920\" data-init-height=\"1080\" title=\"Happy siblings using digital tablet in kitchen\" src=\"https:\/\/castellsimmerscom.com\/wp-content\/uploads\/2022\/08\/English-For-Kids.jpg\" data-width=\"891\" data-height=\"501\" style=\"\" ml-d=\"-199\" center-h-d=\"false\" loading=\"lazy\" width=\"891\" height=\"501\"><\/span><\/p>\n<h6 style=\"\">Methodology for Young Children's English Classes<\/h6>\n<p style=\"\">At Castells Immerscom School of English we offer classes in Manresa to children starting from year one of primary school. We offer small group sizes with native and proficient level teachers. Our methodology incorporates the latest technology which allows us to offer dynamic, exciting and fun classes where children learn their new language in a fun and natural way. The Wombats, Koalas, Kangaroos and Crocs courses are designed for girls and boys who are in year one of primary, all the way up to year four. This is the first cycle at our school and here we slowly introduce grammatical structures in English through projects each semester. We do what we like to call a \"Zoom in\", meaning, our Wombats begin with the universe and we take them on a voyage to planet earth. Students learn about the continents, countries and their people and cultures. Our Crocs finish with different artistic movements and famous painters.We teach our students English through culture to encourage them to become more aware of the world around them and the great diversity that it offers. <\/p>\n<h4 style=\"text-align: center;\">Wombats - Year 1 &nbsp;Primary<\/h4>\n<h4 style=\"text-align: center;\"><a href=\"\" style=\"outline: none;\"><\/a>Koalas - Year 2 Primary<\/h4>\n<h4 style=\"text-align: center;\"><a href=\"\" style=\"outline: none;\"><\/a>Kangaroos - Year 3 Primary<\/h4>\n<h4 style=\"text-align: center;\"><a href=\"\" style=\"outline: none;\"><\/a>Crocs - Year 4 Primary<\/h4>\n<p><strong>Below you will find the different courses for children from 1st year of primary to year 4 of primary. <\/strong><\/p>\n<p style=\"\">\n<p style=\"\">Our little ones begin their learning journey in the stars with the planets and&nbsp; the solar system. They then travel to planet earth to the villages and inhabitants from around the globe. All the while learning about the names of the objects that surround them. As such they begin to form their first phrases and learn how to ask questions and become inquisitive about the world around them.&nbsp; <\/p>\n<p style=\"\">Our Koalas start by being immersed in the culture and festivals from around the world, as well as the people and their houses. They also continue learning vocabulary to&nbsp; describe their surroundings and how to ask and answer questions. Our approach to teaching gives them to the confidence to speak. <\/p>\n<p style=\"\">Our Kangaroos learn how to describe their family, tell the time, talk about their hobbies and much more. We continue to expand their vocabulary and begin to develop more complex structures which promote confidence in speaking. Furthermore, our Kangaroos discover the animal kingdom and we talk about our favourite animals and learn how to describe them. <\/p>\n<p style=\"\">The last course in the elementary block before our little ones move up to preparatory. Here our Crocs learn more advanced grammar, such as how to use the present simple and present continuous tenses and talk about the future. Our Crocs also discover the world of art and how to express our desires. <\/p>\n<h3 style=\"\">You can start TODAY, call us!<\/h3>\n<p style=\"text-align: center;\">Castells Immerscom SL le informa que los datos de car\u00e1cter personal que nos proporciona rellenando el presente formulario ser\u00e1n tratadas por Casetells Immerscom SL como responsable de esta web. La finalidad de la recogida y tratamiento de los datos personales que te solicitamos es para enviarte nuestra promoci\u00f3n de servicios y recursos exclusivos. La legitimaci\u00f3n se realiza a trav\u00e9s del consentimiento expreso del interesado. Te informamos que los datos que nos facilitas estar\u00e1n ubicados en los servidores de TD Web Services. El hecho de que no introduzcas los datos de car\u00e1cter personal como obligatorio podr\u00e1 tener como consecuencia que no podamos atender a tu solicitud. Puedes consultar la informaci\u00f3n adicional y detallada sobre protecci\u00f3n de datos en nuestra p\u00e1gina web https:\/\/www.castellsimmerscom.com\/, as\u00ed como nuestra Pol\u00edtica de Privacidad<\/p>\n","protected":false},"excerpt":{"rendered":"<p>Methodology for Young Children&#8217;s English Classes At Castells Immerscom School of English we offer classes in Manresa to children starting from year one of primary school. We offer small group sizes with native and proficient level teachers. Our methodology incorporates the latest technology which allows us to offer dynamic, exciting and fun classes where children [&hellip;]<\/p>\n","protected":false},"author":1,"featured_media":0,"parent":0,"menu_order":0,"comment_status":"closed","ping_status":"closed","template":"","meta":{"productId":0,"courseId":0,"footnotes":""},"class_list":["post-527","page","type-page","status-publish","hentry","post-wrapper","thrv_wrapper"],"_links":{"self":[{"href":"https:\/\/castellsimmerscom.com\/en\/wp-json\/wp\/v2\/pages\/527","targetHints":{"allow":["GET"]}}],"collection":[{"href":"https:\/\/castellsimmerscom.com\/en\/wp-json\/wp\/v2\/pages"}],"about":[{"href":"https:\/\/castellsimmerscom.com\/en\/wp-json\/wp\/v2\/types\/page"}],"author":[{"embeddable":true,"href":"https:\/\/castellsimmerscom.com\/en\/wp-json\/wp\/v2\/users\/1"}],"replies":[{"embeddable":true,"href":"https:\/\/castellsimmerscom.com\/en\/wp-json\/wp\/v2\/comments?post=527"}],"version-history":[{"count":19,"href":"https:\/\/castellsimmerscom.com\/en\/wp-json\/wp\/v2\/pages\/527\/revisions"}],"predecessor-version":[{"id":2624,"href":"https:\/\/castellsimmerscom.com\/en\/wp-json\/wp\/v2\/pages\/527\/revisions\/2624"}],"wp:attachment":[{"href":"https:\/\/castellsimmerscom.com\/en\/wp-json\/wp\/v2\/media?parent=527"}],"curies":[{"name":"wp","href":"https:\/\/api.w.org\/{rel}","templated":true}]}}